{"id":12489,"date":"2024-05-15T10:08:55","date_gmt":"2024-05-15T10:08:55","guid":{"rendered":"https:\/\/crawl.es\/producto\/powerskin-carbon-core-fx-jammer-home-banyador-de-compressio-per-a-nedadors-professionals-crawl\/"},"modified":"2024-05-15T10:08:55","modified_gmt":"2024-05-15T10:08:55","slug":"powerskin-carbon-core-fx-jammer-home-banyador-de-compressio-per-a-nedadors-professionals-crawl","status":"publish","type":"product","link":"https:\/\/crawl.es\/ca\/producto\/powerskin-carbon-core-fx-jammer-home-banyador-de-compressio-per-a-nedadors-professionals-crawl\/","title":{"rendered":"Powerskin Carbon Core FX Jammer Home | Banyador de Compressi\u00f3 per a Nedadors Professionals | Crawl"},"content":{"rendered":"<p>La manera com et sents a l&#8217;aigua t\u00e9 un gran impacte a la cursa. El Powerskin Carbon Core FX Jammers est\u00e0 dissenyat per a una sensaci\u00f3 de m\u00e0xima for\u00e7a. Aquest vestit de bany comprimeix intensament, oxigenant grups de m\u00fasculs espec\u00edfics que treballen durant la nataci\u00f3. Est\u00e0 fet a base de roba amb bandes horitzontals i verticals que s&#8217;enganxen al cos. Les l\u00ednies paral\u00b7leles i les cintes dobles a la part posterior de les cames ajuden a mantenir una posici\u00f3 elevada i horitzontal a l&#8217;aigua, fins quan est\u00e0s cansat. Sent suport i estabilitat a l&#8217;interior amb el sistema d&#8217;embenat. A punt per guanyar!<\/p>\n","protected":false},"excerpt":{"rendered":"<p>Sent la m\u00e0xima compressi\u00f3 i estabilitat amb el Powerskin Carbon Core FX Jammer per a home. Dissenyat per millorar el teu rendiment, aquest banyador de competici\u00f3 ofereix suport als m\u00fasculs clau, optimitzant la teva postura a l&#8217;aigua. Amb bandes horitzontals i verticals que s&#8217;ajusten perfectament, us permetr\u00e0 mantenir una posici\u00f3 horitzontal fins i tot quan est\u00e0s cansat. Sent el poder de la compressi\u00f3 i arriba m\u00e9s lluny amb el Powerskin Carbon Core FX Crawl!<\/p>\n","protected":false},"featured_media":9007,"comment_status":"open","ping_status":"closed","template":"","meta":[],"product_cat":[147,152],"product_tag":[],"brands":[{"id":312,"name":"ARENA","slug":"arena"}],"_links":{"self":[{"href":"https:\/\/crawl.es\/ca\/wp-json\/wp\/v2\/product\/12489"}],"collection":[{"href":"https:\/\/crawl.es\/ca\/wp-json\/wp\/v2\/product"}],"about":[{"href":"https:\/\/crawl.es\/ca\/wp-json\/wp\/v2\/types\/product"}],"replies":[{"embeddable":true,"href":"https:\/\/crawl.es\/ca\/wp-json\/wp\/v2\/comments?post=12489"}],"wp:featuredmedia":[{"embeddable":true,"href":"https:\/\/crawl.es\/ca\/wp-json\/wp\/v2\/media\/9007"}],"wp:attachment":[{"href":"https:\/\/crawl.es\/ca\/wp-json\/wp\/v2\/media?parent=12489"}],"wp:term":[{"taxonomy":"product_cat","embeddable":true,"href":"https:\/\/crawl.es\/ca\/wp-json\/wp\/v2\/product_cat?post=12489"},{"taxonomy":"product_tag","embeddable":true,"href":"https:\/\/crawl.es\/ca\/wp-json\/wp\/v2\/product_tag?post=12489"}],"curies":[{"name":"wp","href":"https:\/\/api.w.org\/{rel}","templated":true}]}}