{"id":12491,"date":"2024-05-14T16:12:22","date_gmt":"2024-05-14T16:12:22","guid":{"rendered":"https:\/\/crawl.es\/producto\/braga-mujer-funky-crawl\/"},"modified":"2024-05-14T16:12:22","modified_gmt":"2024-05-14T16:12:22","slug":"braga-mujer-funky-crawl","status":"publish","type":"product","link":"https:\/\/crawl.es\/ca\/producto\/braga-mujer-funky-crawl\/","title":{"rendered":"Braga Mujer Funky | CRAWL"},"content":{"rendered":"<p>La Braga Dona Funky \u00e9s considerada un dels vestits de bany m\u00e9s resistents del m\u00f3n. Amb costures refor\u00e7ades i folre davanter complet, aquest vestit de bany \u00e9s resistent al clor i garanteix colors duradors. La seva composici\u00f3 \u00e9s 55% poli\u00e8ster PBT i 45% poli\u00e8ster.<\/p>\n<p>\u00a0<\/p>\n<p>Caracter\u00edstiques destacables:<\/p>\n<p>&#8211; Costures refor\u00e7ades.<\/p>\n<p>&#8211; Folre davanter complet.<\/p>\n<p>&#8211; Resistent al clor.<\/p>\n<p>&#8211; Colors duradors.<\/p>\n<p>&#8211; Composici\u00f3: 55% poli\u00e8ster PBT, 45% poli\u00e8ster.<\/p>\n<p>\u00a0<\/p>\n<p>\u00das recomanat:<\/p>\n<p>Perfecte per a la pr\u00e0ctica de la nataci\u00f3 com a banyador d&#8217;entrenament. Gr\u00e0cies a la seva gran adaptabilitat al cos, no arrossega aigua en nedar, cosa que el converteix en una opci\u00f3 comod\u00edssima per a l&#8217;\u00fas diari.<\/p>\n<p>-Aquest article t\u00e9 un tallatge m\u00e9s petit del que \u00e9s habitual, per la qual cosa recomanem optar per una talla superior al que \u00e9s habitual.<\/p>\n<p>\u00a0<\/p>\n<p>No perdis l&#8217;oportunitat d&#8217;adquirir la Braga Dona Funky de CRAWL. Compra ara i gaudeix de la millor qualitat a les teves activitats aqu\u00e0tiques!<\/p>\n","protected":false},"excerpt":{"rendered":"<p>Compra la Braga Dona Funky a CRAWL. Un dels banyadors m\u00e9s resistents del m\u00f3n.<\/p>\n<p>Ref: 49083.<\/p>\n","protected":false},"featured_media":8992,"comment_status":"open","ping_status":"closed","template":"","meta":[],"product_cat":[133,227],"product_tag":[],"brands":[{"id":22,"name":"Turbo","slug":"turbo"}],"_links":{"self":[{"href":"https:\/\/crawl.es\/ca\/wp-json\/wp\/v2\/product\/12491"}],"collection":[{"href":"https:\/\/crawl.es\/ca\/wp-json\/wp\/v2\/product"}],"about":[{"href":"https:\/\/crawl.es\/ca\/wp-json\/wp\/v2\/types\/product"}],"replies":[{"embeddable":true,"href":"https:\/\/crawl.es\/ca\/wp-json\/wp\/v2\/comments?post=12491"}],"wp:featuredmedia":[{"embeddable":true,"href":"https:\/\/crawl.es\/ca\/wp-json\/wp\/v2\/media\/8992"}],"wp:attachment":[{"href":"https:\/\/crawl.es\/ca\/wp-json\/wp\/v2\/media?parent=12491"}],"wp:term":[{"taxonomy":"product_cat","embeddable":true,"href":"https:\/\/crawl.es\/ca\/wp-json\/wp\/v2\/product_cat?post=12491"},{"taxonomy":"product_tag","embeddable":true,"href":"https:\/\/crawl.es\/ca\/wp-json\/wp\/v2\/product_tag?post=12491"}],"curies":[{"name":"wp","href":"https:\/\/api.w.org\/{rel}","templated":true}]}}