{"id":12516,"date":"2025-03-13T10:40:46","date_gmt":"2024-05-13T10:40:46","guid":{"rendered":"https:\/\/crawl.es\/producto\/turbo-top-dona-patron-queen-crawl\/"},"modified":"2024-05-13T10:40:46","modified_gmt":"2024-05-13T10:40:46","slug":"turbo-top-dona-patron-queen-crawl","status":"publish","type":"product","link":"https:\/\/crawl.es\/ca\/producto\/turbo-top-dona-patron-queen-crawl\/","title":{"rendered":"Turbo Top Dona Patron Queen | CRAWL"},"content":{"rendered":"<p>El Turbo Top Dona Patron Queen est\u00e0 especialment dissenyat per a la pr\u00e0ctica de la nataci\u00f3. Confeccionat amb el millor teixit del mercat i un doble folre davanter, \u00e9s resistent al clor de la piscina i als raigs UV. La intensitat dels seus colors es mant\u00e9 amb l&#8217;\u00fas repetit en el temps, i \u00e9s considerat un dels banyadors m\u00e9s resistents del m\u00f3n.<\/p>\n<p>\u00a0<\/p>\n<p>Caracter\u00edstiques destacables:<\/p>\n<p>&#8211; Costures refor\u00e7ades.<\/p>\n<p>&#8211; Folre davanter complet.<\/p>\n<p>&#8211; Resistent al clor.<\/p>\n<p>&#8211; Colors duradors.<\/p>\n<p>&#8211; Composici\u00f3: 55% poli\u00e8ster PBT, 45% poli\u00e8ster.<\/p>\n<p>\u00a0<\/p>\n<p>\u00das recomanat:<\/p>\n<p>Perfecte per a la pr\u00e0ctica de la nataci\u00f3 com a banyador d&#8217;entrenament. Gr\u00e0cies a la seva gran adaptabilitat al cos, no arrossega aigua en nedar, cosa que el converteix en una opci\u00f3 comod\u00edssima per a l&#8217;\u00fas diari.<\/p>\n<p>\u00a0<\/p>\n<p>No perdis l&#8217;oportunitat d&#8217;adquirir el Turbo Top Dona Patron Queen de CRAWL. Compra ara i gaudeix de la millor qualitat a les teves activitats aqu\u00e0tiques!<\/p>\n","protected":false},"excerpt":{"rendered":"<p>Compra el Turbo Top Dona Patron Queen a CRAWL. Banyador resistent al clor i als raigs UV. Colors duradors. Ideal per a nataci\u00f3.<\/p>\n","protected":false},"featured_media":8910,"comment_status":"open","ping_status":"closed","template":"","meta":[],"product_cat":[133,227],"product_tag":[],"brands":[{"id":22,"name":"Turbo","slug":"turbo"}],"_links":{"self":[{"href":"https:\/\/crawl.es\/ca\/wp-json\/wp\/v2\/product\/12516"}],"collection":[{"href":"https:\/\/crawl.es\/ca\/wp-json\/wp\/v2\/product"}],"about":[{"href":"https:\/\/crawl.es\/ca\/wp-json\/wp\/v2\/types\/product"}],"replies":[{"embeddable":true,"href":"https:\/\/crawl.es\/ca\/wp-json\/wp\/v2\/comments?post=12516"}],"wp:featuredmedia":[{"embeddable":true,"href":"https:\/\/crawl.es\/ca\/wp-json\/wp\/v2\/media\/8910"}],"wp:attachment":[{"href":"https:\/\/crawl.es\/ca\/wp-json\/wp\/v2\/media?parent=12516"}],"wp:term":[{"taxonomy":"product_cat","embeddable":true,"href":"https:\/\/crawl.es\/ca\/wp-json\/wp\/v2\/product_cat?post=12516"},{"taxonomy":"product_tag","embeddable":true,"href":"https:\/\/crawl.es\/ca\/wp-json\/wp\/v2\/product_tag?post=12516"}],"curies":[{"name":"wp","href":"https:\/\/api.w.org\/{rel}","templated":true}]}}