{"id":12530,"date":"2024-05-13T09:01:10","date_gmt":"2024-05-13T09:01:10","guid":{"rendered":"https:\/\/crawl.es\/producto\/top-turbo-dona-active-crawl\/"},"modified":"2024-05-13T09:01:10","modified_gmt":"2024-05-13T09:01:10","slug":"top-turbo-dona-active-crawl","status":"publish","type":"product","link":"https:\/\/crawl.es\/ca\/producto\/top-turbo-dona-active-crawl\/","title":{"rendered":"Top Turbo Dona Active | CRAWL"},"content":{"rendered":"<p>El Top Turbo Dona Active est\u00e0 especialment dissenyat per a la pr\u00e0ctica de la nataci\u00f3. Confeccionat amb el millor teixit del mercat i un doble folre davanter, \u00e9s resistent al clor de la piscina i als raigs UV. La intensitat dels seus colors es mant\u00e9 amb l&#8217;\u00fas repetit en el temps, i \u00e9s considerat un dels banyadors m\u00e9s resistents del m\u00f3n.<\/p>\n<p>\u00a0<\/p>\n<p>Caracter\u00edstiques destacables:<\/p>\n<p>&#8211; Costures refor\u00e7ades.<\/p>\n<p>&#8211; Folre davanter complet.<\/p>\n<p>&#8211; Resistent al clor.<\/p>\n<p>&#8211; Colors duradors.<\/p>\n<p>&#8211; Composici\u00f3: 55% poli\u00e8ster PBT, 45% poli\u00e8ster.<\/p>\n<p>\u00a0<\/p>\n<p>\u00das recomanat:<\/p>\n<p>Perfecte per a la pr\u00e0ctica de la nataci\u00f3 com a banyador d&#8217;entrenament. Gr\u00e0cies a la seva gran adaptabilitat al cos, no arrossega aigua en nedar, cosa que el converteix en una opci\u00f3 comod\u00edssima per a l&#8217;\u00fas diari.<\/p>\n<p>\u00a0<\/p>\n<p>-Aquest article t\u00e9 un tallatge m\u00e9s petit del que \u00e9s habitual, per la qual cosa recomanem optar per una talla superior al que \u00e9s habitual.<\/p>\n<p>\u00a0<\/p>\n<p>No perdis l&#8217;oportunitat d&#8217;adquirir el Top Turbo Dona Active de CRAWL. Compra ara i gaudeix de la millor qualitat a les teves activitats aqu\u00e0tiques!<\/p>\n","protected":false},"excerpt":{"rendered":"<p>Compra el Top Turbo Dona Active a CRAWL. Banyador resistent al clor i als raigs UV. Colors duradors. Ideal per a nataci\u00f3.<\/p>\n","protected":false},"featured_media":8867,"comment_status":"open","ping_status":"closed","template":"","meta":[],"product_cat":[133,227],"product_tag":[],"brands":[{"id":22,"name":"Turbo","slug":"turbo"}],"_links":{"self":[{"href":"https:\/\/crawl.es\/ca\/wp-json\/wp\/v2\/product\/12530"}],"collection":[{"href":"https:\/\/crawl.es\/ca\/wp-json\/wp\/v2\/product"}],"about":[{"href":"https:\/\/crawl.es\/ca\/wp-json\/wp\/v2\/types\/product"}],"replies":[{"embeddable":true,"href":"https:\/\/crawl.es\/ca\/wp-json\/wp\/v2\/comments?post=12530"}],"wp:featuredmedia":[{"embeddable":true,"href":"https:\/\/crawl.es\/ca\/wp-json\/wp\/v2\/media\/8867"}],"wp:attachment":[{"href":"https:\/\/crawl.es\/ca\/wp-json\/wp\/v2\/media?parent=12530"}],"wp:term":[{"taxonomy":"product_cat","embeddable":true,"href":"https:\/\/crawl.es\/ca\/wp-json\/wp\/v2\/product_cat?post=12530"},{"taxonomy":"product_tag","embeddable":true,"href":"https:\/\/crawl.es\/ca\/wp-json\/wp\/v2\/product_tag?post=12530"}],"curies":[{"name":"wp","href":"https:\/\/api.w.org\/{rel}","templated":true}]}}