{"id":12550,"date":"2024-05-08T15:04:43","date_gmt":"2024-05-08T15:04:43","guid":{"rendered":"https:\/\/crawl.es\/producto\/speedo-banador-jammer-fastskin-lzr-ignite-hombre-rapido-ligero-y-compresivo-crawl\/"},"modified":"2024-05-08T15:04:43","modified_gmt":"2024-05-08T15:04:43","slug":"speedo-banador-jammer-fastskin-lzr-ignite-hombre-rapido-ligero-y-compresivo-crawl","status":"publish","type":"product","link":"https:\/\/crawl.es\/ca\/producto\/speedo-banador-jammer-fastskin-lzr-ignite-hombre-rapido-ligero-y-compresivo-crawl\/","title":{"rendered":"Speedo Banyador Jammer Fastskin LZR Ignite Home | R\u00e0pid, Lleuger i Compressiu | Crawl"},"content":{"rendered":"<p>Maximitza el teu rendiment amb el banyador jammer Speedo Fastskin LZR Ignite per a home. Dissenyat amb tecnologia avan\u00e7ada per oferir una compressi\u00f3 estrat\u00e8gica, aquest banyador optimitza la teva postura a l&#8217;aigua, redueix la fricci\u00f3 i millora la velocitat. El seu ajustament prec\u00eds i lleuger et garanteix comoditat i suport, permetent nedar amb m\u00e9s efici\u00e8ncia. Prepara&#8217;t per competir al m\u00e0xim nivell amb el Speedo Fastskin LZR Ignite. Sent la difer\u00e8ncia a cada bra\u00e7ada i aconsegueix la teva millor marca amb Crawl!<\/p>\n<p><\/p>\n<p>Prepara&#8217;t per a la cursa amb el banyador entallat Fastskin LZR Ignite. El nostre darrer banyador entallat de carrera, dissenyat perqu\u00e8 sentis comoditat durant llargues competicions, ja sigui nedant o animant als teus companys d&#8217;equip, ofereix tots els beneficis de la compressi\u00f3 moderada sense l&#8217;ajust restrictiu. Aquest banyador entallat inclou la cintura m\u00e9s suau del nostre Fastskin i agafades de silicona per proporcionar m\u00e9s comoditat i una sensaci\u00f3 m\u00e9s suau amb la pell. Mentrestant, el teixit compressiu, les agafades per les cames i els panells interiors de doble capa segellats faran que et sentis preparat per a la competici\u00f3 en tot moment. Aquest producte ha estat totalment aprovat per la FINA.<\/p>\n<p><\/p>\n<p>IMPORTANT: PRODUCTE PERSONALITZAT, NO ES POT RETORNAR.<\/p>\n","protected":false},"excerpt":{"rendered":"<p>Maximitza el teu rendiment amb el banyador jammer Speedo Fastskin LZR Ignite per a home. Dissenyat amb tecnologia avan\u00e7ada per oferir una compressi\u00f3 estrat\u00e8gica, aquest banyador optimitza la teva postura a l&#8217;aigua, redueix la fricci\u00f3 i millora la velocitat. El seu ajustament prec\u00eds i lleuger&#8230;<\/p>\n","protected":false},"featured_media":8846,"comment_status":"open","ping_status":"closed","template":"","meta":[],"product_cat":[147,152],"product_tag":[],"brands":[{"id":307,"name":"Speedo","slug":"speedo"}],"_links":{"self":[{"href":"https:\/\/crawl.es\/ca\/wp-json\/wp\/v2\/product\/12550"}],"collection":[{"href":"https:\/\/crawl.es\/ca\/wp-json\/wp\/v2\/product"}],"about":[{"href":"https:\/\/crawl.es\/ca\/wp-json\/wp\/v2\/types\/product"}],"replies":[{"embeddable":true,"href":"https:\/\/crawl.es\/ca\/wp-json\/wp\/v2\/comments?post=12550"}],"wp:featuredmedia":[{"embeddable":true,"href":"https:\/\/crawl.es\/ca\/wp-json\/wp\/v2\/media\/8846"}],"wp:attachment":[{"href":"https:\/\/crawl.es\/ca\/wp-json\/wp\/v2\/media?parent=12550"}],"wp:term":[{"taxonomy":"product_cat","embeddable":true,"href":"https:\/\/crawl.es\/ca\/wp-json\/wp\/v2\/product_cat?post=12550"},{"taxonomy":"product_tag","embeddable":true,"href":"https:\/\/crawl.es\/ca\/wp-json\/wp\/v2\/product_tag?post=12550"}],"curies":[{"name":"wp","href":"https:\/\/api.w.org\/{rel}","templated":true}]}}