{"id":12567,"date":"2024-05-06T16:25:34","date_gmt":"2024-05-06T16:25:34","guid":{"rendered":"https:\/\/crawl.es\/producto\/caja-para-pinzas-de-nariz-y-tapones-turbo-crawl\/"},"modified":"2025-01-21T09:06:12","modified_gmt":"2025-01-21T09:06:12","slug":"caja-para-pinzas-de-nariz-y-tapones-turbo-crawl","status":"publish","type":"product","link":"https:\/\/crawl.es\/ca\/producto\/caja-para-pinzas-de-nariz-y-tapones-turbo-crawl\/","title":{"rendered":"Caixa per a Pinces de Nas i Taps Turbo | CRAWL"},"content":{"rendered":"<p>Des de Turbo, oferim una caixa pr\u00e0ctica i resistent per organitzar i guardar les teves pinces de nas i taps de manera segura. Ideal per mantenir els teus accessoris de nataci\u00f3 en un sol lloc i evitar que es perdin o es facin malb\u00e9.<\/p>\n<p>\u00a0<\/p>\n<p>Caracter\u00edstiques destacables:<\/p>\n<p>&#8211; Disseny pr\u00e0ctic: Perfecta per organitzar i guardar pinces de nas i taps.<\/p>\n<p>&#8211; Resistent: Fabricada amb materials duradors per garantir una llarga vida \u00fatil.<\/p>\n<p>&#8211; Compacta: F\u00e0cil de transportar i guardar a qualsevol bossa o motxilla.<\/p>\n<p>\u00a0<\/p>\n<p>\u00das recomanat:<\/p>\n<p>Ideal per a nedadors que busquen mantenir els seus accessoris de nataci\u00f3 organitzats i assegurances. Perfecta per a \u00fas tant a piscines com a entrenaments en aig\u00fces obertes.<\/p>\n<p>\u00a0<\/p>\n<p>No perdis l&#8217;oportunitat de tenir la Caixa per a Pinces de Nas i Taps Turbo de CRAWL. Compra ara i mantingues els teus accessoris en ordre!<\/p>\n","protected":false},"excerpt":{"rendered":"<p>Compra la Caixa per a Pinces de Nas i Taps Turbo a CRAWL. Organitza i guarda les teves pinces de nas i taps de manera segura.<\/p>\n","protected":false},"featured_media":8825,"comment_status":"open","ping_status":"closed","template":"","meta":[],"product_cat":[134,143],"product_tag":[],"brands":[{"id":22,"name":"Turbo","slug":"turbo"}],"_links":{"self":[{"href":"https:\/\/crawl.es\/ca\/wp-json\/wp\/v2\/product\/12567"}],"collection":[{"href":"https:\/\/crawl.es\/ca\/wp-json\/wp\/v2\/product"}],"about":[{"href":"https:\/\/crawl.es\/ca\/wp-json\/wp\/v2\/types\/product"}],"replies":[{"embeddable":true,"href":"https:\/\/crawl.es\/ca\/wp-json\/wp\/v2\/comments?post=12567"}],"wp:featuredmedia":[{"embeddable":true,"href":"https:\/\/crawl.es\/ca\/wp-json\/wp\/v2\/media\/8825"}],"wp:attachment":[{"href":"https:\/\/crawl.es\/ca\/wp-json\/wp\/v2\/media?parent=12567"}],"wp:term":[{"taxonomy":"product_cat","embeddable":true,"href":"https:\/\/crawl.es\/ca\/wp-json\/wp\/v2\/product_cat?post=12567"},{"taxonomy":"product_tag","embeddable":true,"href":"https:\/\/crawl.es\/ca\/wp-json\/wp\/v2\/product_tag?post=12567"}],"curies":[{"name":"wp","href":"https:\/\/api.w.org\/{rel}","templated":true}]}}