{"id":12576,"date":"2024-04-30T10:44:55","date_gmt":"2024-04-30T10:44:55","guid":{"rendered":"https:\/\/crawl.es\/producto\/toalla-rizo-microfibra-145-100cm-net-spider-crawl\/"},"modified":"2024-04-30T10:44:55","modified_gmt":"2024-04-30T10:44:55","slug":"toalla-rizo-microfibra-145-100cm-net-spider-crawl","status":"publish","type":"product","link":"https:\/\/crawl.es\/ca\/producto\/toalla-rizo-microfibra-145-100cm-net-spider-crawl\/","title":{"rendered":"Tovallola Riso Microfibra 145\/100cm Net Spider | CRAWL"},"content":{"rendered":"<p>Les millors tovalloles de piscina. Des de Turbo podem assegurar que les nostres tovalloles s\u00f3n de la millor qualitat possible. El teixit de microfibra i el cot\u00f3 utilitzat s\u00f3n de primera qualitat, permetent aix\u00ed un assecat r\u00e0pid i una perfecta resist\u00e8ncia al clor. De la mateixa manera, aquestes tovalloles s\u00f3n molt lleugeres i ocupen poc espai a l&#8217;hora de guardar a qualsevol bossa o motxilla.<\/p>\n<p>\u00a0<\/p>\n<p>Caracter\u00edstiques destacables:<\/p>\n<p>&#8211; Assecat r\u00e0pid: Gr\u00e0cies al teixit de microfibra i cot\u00f3 d&#8217;alta qualitat.<\/p>\n<p>&#8211; Resist\u00e8ncia al clor: Ideal per a \u00fas en piscines.<\/p>\n<p>&#8211; Lleugera i compacta: F\u00e0cil de guardar a qualsevol bossa o motxilla.<\/p>\n<p>&#8211; \u00das professional: Utilitzades per esportistes d&#8217;elit de la selecci\u00f3 espanyola, dels Estats Units, Austr\u00e0lia, entre d&#8217;altres equips nacionals de primer nivell.<\/p>\n<p>\u00a0<\/p>\n<p>Dimensions:<\/p>\n<p>&#8211; 145 x 100 cm.<\/p>\n<p>\u00a0<\/p>\n<p>\u00das recomanat:<\/p>\n<p>Perfecta per a esportistes que busquen una tovallola d&#8217;alta qualitat amb excel\u00b7lent absorci\u00f3 i assecat r\u00e0pid. Ideal per fer servir en piscines i altres entorns aqu\u00e0tics.<\/p>\n<p>\u00a0<\/p>\n<p>No perdis l&#8217;oportunitat de tenir la Tovallola Rizo Microfibra 145\/100cm Net Spider de CRAWL. Compra ara i gaudeix de la qualitat i el rendiment!<\/p>\n","protected":false},"excerpt":{"rendered":"<p>Compra la Tovallola Rizo Microfibra 145\/100cm Net Spider a CRAWL. Assecat r\u00e0pid i resist\u00e8ncia al clor. Utilitzada per esportistes d&#8217;elit.<\/p>\n<p>Ref: 9891427<\/p>\n","protected":false},"featured_media":8768,"comment_status":"open","ping_status":"closed","template":"","meta":[],"product_cat":[134,145],"product_tag":[],"brands":[{"id":22,"name":"Turbo","slug":"turbo"}],"_links":{"self":[{"href":"https:\/\/crawl.es\/ca\/wp-json\/wp\/v2\/product\/12576"}],"collection":[{"href":"https:\/\/crawl.es\/ca\/wp-json\/wp\/v2\/product"}],"about":[{"href":"https:\/\/crawl.es\/ca\/wp-json\/wp\/v2\/types\/product"}],"replies":[{"embeddable":true,"href":"https:\/\/crawl.es\/ca\/wp-json\/wp\/v2\/comments?post=12576"}],"wp:featuredmedia":[{"embeddable":true,"href":"https:\/\/crawl.es\/ca\/wp-json\/wp\/v2\/media\/8768"}],"wp:attachment":[{"href":"https:\/\/crawl.es\/ca\/wp-json\/wp\/v2\/media?parent=12576"}],"wp:term":[{"taxonomy":"product_cat","embeddable":true,"href":"https:\/\/crawl.es\/ca\/wp-json\/wp\/v2\/product_cat?post=12576"},{"taxonomy":"product_tag","embeddable":true,"href":"https:\/\/crawl.es\/ca\/wp-json\/wp\/v2\/product_tag?post=12576"}],"curies":[{"name":"wp","href":"https:\/\/api.w.org\/{rel}","templated":true}]}}