{"id":12590,"date":"2024-04-25T16:12:27","date_gmt":"2024-04-25T16:12:27","guid":{"rendered":"https:\/\/crawl.es\/producto\/banyador-slip-arena-performance-home-camo-kikko-blau-multi-crawl\/"},"modified":"2024-04-25T16:12:27","modified_gmt":"2024-04-25T16:12:27","slug":"banyador-slip-arena-performance-home-camo-kikko-blau-multi-crawl","status":"publish","type":"product","link":"https:\/\/crawl.es\/ca\/producto\/banyador-slip-arena-performance-home-camo-kikko-blau-multi-crawl\/","title":{"rendered":"Banyador Slip Arena Performance Home Camo Kikko Blau Multi | Crawl"},"content":{"rendered":"<p>Rendiment, estil i sostenibilitat: tot en un! Descobreix aquest banyador slip Camo Kikko per a home, extremadament durador, resistent al clor i modern, de la l\u00ednia sorra Performance, que \u00e9s ideal per a nedadors de competici\u00f3 i nedadors habituals que neden sovint a la piscina. El teixit MaxLife Eco altament resistent al clor i amb protecci\u00f3 UV UPF 50+ integrada \u00e9s durador i d\u02bbassecat extremadament r\u00e0pid.<\/p>\n<p>\u00a0<\/p>\n<p>Aquesta evoluci\u00f3 respectuosa amb el medi ambient del teixit MaxLife de sorra cont\u00e9 com a m\u00ednim un 50% de poli\u00e8ster reciclat obtingut d&#8217;ampolles de PET. A m\u00e9s, el proc\u00e9s de producci\u00f3 del teixit s&#8217;ha optimitzat per estalviar energia, reduir les emissions de CO\u00b2 i minimitzar l&#8217;\u00fas d&#8217;aigua. Amb un c\u00f2mode folre davanter.<\/p>\n<p>\u00a0<\/p>\n<p>El cord\u00f3 intern ajustable garanteix un ajustament excel\u00b7lent. Longitud lateral: 7 cm. La certificaci\u00f3 STANDARD 100 d&#8217;OEKO-TEX\u00ae del teixit significa que ha estat sotm\u00e8s a una prova de subst\u00e0ncies nocives que garanteix que \u00e9s inofensiu per a la salut humana i per al medi ambient.<\/p>\n","protected":false},"excerpt":{"rendered":"<p>El banyador slip Arena Performance per a home, en el seu disseny Camo Kikko blau mar\u00ed multi, \u00e9s perfecte per a nedadors exigents. Amb un ajustament c\u00f2mode i durador, ideal per a entrenaments i competicions.<\/p>\n<p>Potencia la teva experi\u00e8ncia aqu\u00e0tica amb aquest banyador slip Arena Performance!<\/p>\n","protected":false},"featured_media":8683,"comment_status":"open","ping_status":"closed","template":"","meta":[],"product_cat":[147,152],"product_tag":[],"brands":[{"id":312,"name":"ARENA","slug":"arena"}],"_links":{"self":[{"href":"https:\/\/crawl.es\/ca\/wp-json\/wp\/v2\/product\/12590"}],"collection":[{"href":"https:\/\/crawl.es\/ca\/wp-json\/wp\/v2\/product"}],"about":[{"href":"https:\/\/crawl.es\/ca\/wp-json\/wp\/v2\/types\/product"}],"replies":[{"embeddable":true,"href":"https:\/\/crawl.es\/ca\/wp-json\/wp\/v2\/comments?post=12590"}],"wp:featuredmedia":[{"embeddable":true,"href":"https:\/\/crawl.es\/ca\/wp-json\/wp\/v2\/media\/8683"}],"wp:attachment":[{"href":"https:\/\/crawl.es\/ca\/wp-json\/wp\/v2\/media?parent=12590"}],"wp:term":[{"taxonomy":"product_cat","embeddable":true,"href":"https:\/\/crawl.es\/ca\/wp-json\/wp\/v2\/product_cat?post=12590"},{"taxonomy":"product_tag","embeddable":true,"href":"https:\/\/crawl.es\/ca\/wp-json\/wp\/v2\/product_tag?post=12590"}],"curies":[{"name":"wp","href":"https:\/\/api.w.org\/{rel}","templated":true}]}}