{"id":12593,"date":"2024-04-25T16:04:34","date_gmt":"2024-04-25T16:04:34","guid":{"rendered":"https:\/\/crawl.es\/producto\/arena-banyador-dona-escape-lightdropback-esquena-lleugera-crawl\/"},"modified":"2024-04-25T16:04:34","modified_gmt":"2024-04-25T16:04:34","slug":"arena-banyador-dona-escape-lightdropback-esquena-lleugera-crawl","status":"publish","type":"product","link":"https:\/\/crawl.es\/ca\/producto\/arena-banyador-dona-escape-lightdropback-esquena-lleugera-crawl\/","title":{"rendered":"Arena Banyador Dona Escape LightDropBack Esquena Lleugera | Crawl"},"content":{"rendered":"<p>Destaca amb el fascinant estampat del nostre banyador Escape Esquena Lightdrop per a dona. Confeccionat amb el durador teixit MaxLife Eco, aquesta pe\u00e7a d&#8217;una pe\u00e7a ofereix una excel\u00b7lent resist\u00e8ncia al clor i es mant\u00e9 com a nou amb el pas del temps. Amb tirants amples per a una subjecci\u00f3 \u00f2ptima, una esquena en forma d&#8217;ull de pany i cama de tall mitj\u00e0, proporciona l&#8217;equilibri perfecte entre flexibilitat i cobertura.<\/p>\n<p>\u00a0<\/p>\n<p>Teixit<\/p>\n<p>MaxLife Eco \u00e9s el nostre nou teixit per a banyadors produ\u00eft a partir de fonts gestionades responsablement que ofereix la m\u00e0xima resist\u00e8ncia al clor i un rendiment durador. Fabricat amb almenys un 50% de poli\u00e8ster reciclat procedent d&#8217;ampolles de pl\u00e0stic, aquest innovador material s&#8217;ajusta b\u00e9 i mant\u00e9 la forma amb el pas del temps. Incorpora protecci\u00f3 UV 50+ i \u00e9s d\u02bbassecat r\u00e0pid.<\/p>\n<p>\u00a0<\/p>\n<p>Nataci\u00f3 freq\u00fcent<\/p>\n<p>Desenvolupat amb alta resist\u00e8ncia al clor per suportar nombroses sessions de nataci\u00f3.<\/p>\n<p>\u00a0<\/p>\n<p>Tall de cama mitj\u00e0<\/p>\n<p>L&#8217;obertura de la cama se situa a la meitat dels malucs per a una cobertura c\u00f2moda i facilitat de moviment.<\/p>\n<p>\u00a0<\/p>\n<p>Esquena Lightdrop<\/p>\n<p>Disseny atl\u00e8tic de l\u02bbesquena amb obertura en forma d\u02bbull de pany i tirants fins de suport al\u02bbesquena per a un moviment sense restriccions.<\/p>\n","protected":false},"excerpt":{"rendered":"<p>Gaudeix del m\u00e0xim confort i rendiment amb el banyador Arena Escape LightDropBack per a dona. Amb disseny d&#8217;esquena lleugera, ideal per a entrenaments i competicions.<\/p>\n","protected":false},"featured_media":9831,"comment_status":"open","ping_status":"closed","template":"","meta":[],"product_cat":[227,232],"product_tag":[],"brands":[{"id":312,"name":"ARENA","slug":"arena"}],"_links":{"self":[{"href":"https:\/\/crawl.es\/ca\/wp-json\/wp\/v2\/product\/12593"}],"collection":[{"href":"https:\/\/crawl.es\/ca\/wp-json\/wp\/v2\/product"}],"about":[{"href":"https:\/\/crawl.es\/ca\/wp-json\/wp\/v2\/types\/product"}],"replies":[{"embeddable":true,"href":"https:\/\/crawl.es\/ca\/wp-json\/wp\/v2\/comments?post=12593"}],"wp:featuredmedia":[{"embeddable":true,"href":"https:\/\/crawl.es\/ca\/wp-json\/wp\/v2\/media\/9831"}],"wp:attachment":[{"href":"https:\/\/crawl.es\/ca\/wp-json\/wp\/v2\/media?parent=12593"}],"wp:term":[{"taxonomy":"product_cat","embeddable":true,"href":"https:\/\/crawl.es\/ca\/wp-json\/wp\/v2\/product_cat?post=12593"},{"taxonomy":"product_tag","embeddable":true,"href":"https:\/\/crawl.es\/ca\/wp-json\/wp\/v2\/product_tag?post=12593"}],"curies":[{"name":"wp","href":"https:\/\/api.w.org\/{rel}","templated":true}]}}