{"id":12597,"date":"2024-04-25T15:58:33","date_gmt":"2024-04-25T15:58:33","guid":{"rendered":"https:\/\/crawl.es\/producto\/banyador-arena-performance-dona-multi-cam-challenge-back-blau-riu-crawl\/"},"modified":"2024-04-25T15:58:33","modified_gmt":"2024-04-25T15:58:33","slug":"banyador-arena-performance-dona-multi-cam-challenge-back-blau-riu-crawl","status":"publish","type":"product","link":"https:\/\/crawl.es\/ca\/producto\/banyador-arena-performance-dona-multi-cam-challenge-back-blau-riu-crawl\/","title":{"rendered":"Banyador Arena Performance Dona Multi Cam Challenge Back Blau Riu | Crawl"},"content":{"rendered":"<p>Moda, funcionalitat i sostenibilitat: tot en un! Gaudeix de l&#8217;aigua amb aquest banyador sorra Multi Camo Challenge Back per a dona, extremadament durador, resistent al clor i cridaner, de la l\u00ednia sorra Performance. Ideal tant per nedadores de competici\u00f3 com nedadores habituals que neden amb freq\u00fc\u00e8ncia a la piscina.<\/p>\n<p>\u00a0<\/p>\n<p>El teixit MaxLife Eco altament resistent al clor i amb protecci\u00f3 UV UPF 50+ integrada \u00e9s durador i d\u02bbassecat extremadament r\u00e0pid. Aquesta evoluci\u00f3 respectuosa amb el medi ambient del teixit MaxLife de sorra cont\u00e9 com a m\u00ednim un 50% de poli\u00e8ster reciclat obtingut d&#8217;ampolles de PET. A m\u00e9s, el proc\u00e9s de producci\u00f3 ha estat optimitzat per estalviar energia, reduir les emissions de CO2 i minimitzar l&#8217;\u00fas d&#8217;aigua.<\/p>\n<p>\u00a0<\/p>\n<p>L&#8217;esquena oberta, en combinaci\u00f3 amb els tirants fins i el tall alt de cama, proporciona una m\u00e0xima llibertat de moviments, una sensaci\u00f3 excel\u00b7lent a l&#8217;aigua i una resist\u00e8ncia redu\u00efda. Est\u00e0 totalment folrat per oferir una cobertura total. La certificaci\u00f3 STANDARD 100 d&#8217;OEKO-TEX\u00ae del teixit significa que ha estat sotm\u00e8s a una prova de subst\u00e0ncies nocives que garanteix que \u00e9s inofensiu per a la salut humana i per al medi ambient.<\/p>\n<p>\u00a0<\/p>\n<p>Composici\u00f3:<\/p>\n<p>100% poli\u00e8ster (teixit ecol\u00f2gic: el 51% del poli\u00e8ster \u00e9s reciclat)<\/p>\n<p>\u00a0<\/p>\n<p>Rentat:<\/p>\n<p>Rentar a m\u00e0, No fer servir lleixiu, No assecar, No planxar, Neteja professional en sec a: percloroetil\u00e8, hidrocarburs. Peces delicades<\/p>\n","protected":false},"excerpt":{"rendered":"<p>Descobreix el banyador Arena Multi Camo Challenge Back per a dona. Amb teixit ecol\u00f2gic MaxLife Eco, resistent al clor, UPF 50+ i assecat r\u00e0pid. Perfecte per a nedadores freq\u00fcents.<\/p>\n","protected":false},"featured_media":8659,"comment_status":"open","ping_status":"closed","template":"","meta":[],"product_cat":[227,232],"product_tag":[],"brands":[{"id":312,"name":"ARENA","slug":"arena"}],"_links":{"self":[{"href":"https:\/\/crawl.es\/ca\/wp-json\/wp\/v2\/product\/12597"}],"collection":[{"href":"https:\/\/crawl.es\/ca\/wp-json\/wp\/v2\/product"}],"about":[{"href":"https:\/\/crawl.es\/ca\/wp-json\/wp\/v2\/types\/product"}],"replies":[{"embeddable":true,"href":"https:\/\/crawl.es\/ca\/wp-json\/wp\/v2\/comments?post=12597"}],"wp:featuredmedia":[{"embeddable":true,"href":"https:\/\/crawl.es\/ca\/wp-json\/wp\/v2\/media\/8659"}],"wp:attachment":[{"href":"https:\/\/crawl.es\/ca\/wp-json\/wp\/v2\/media?parent=12597"}],"wp:term":[{"taxonomy":"product_cat","embeddable":true,"href":"https:\/\/crawl.es\/ca\/wp-json\/wp\/v2\/product_cat?post=12597"},{"taxonomy":"product_tag","embeddable":true,"href":"https:\/\/crawl.es\/ca\/wp-json\/wp\/v2\/product_tag?post=12597"}],"curies":[{"name":"wp","href":"https:\/\/api.w.org\/{rel}","templated":true}]}}