{"id":12599,"date":"2024-04-25T15:31:13","date_gmt":"2024-04-25T15:31:13","guid":{"rendered":"https:\/\/crawl.es\/producto\/banador-arena-powerskin-st-next-classic-mujer-crawl\/"},"modified":"2024-04-25T15:31:13","modified_gmt":"2024-04-25T15:31:13","slug":"banador-arena-powerskin-st-next-classic-mujer-crawl","status":"publish","type":"product","link":"https:\/\/crawl.es\/ca\/producto\/banador-arena-powerskin-st-next-classic-mujer-crawl\/","title":{"rendered":"Banyador Arena Powerskin ST Next Classic Dona | CRAWL"},"content":{"rendered":"<p>La tecnologia del nou vestit de bany fabricat amb nil\u00f3 regenerat per\u00f2 en un disseny est\u00e0ndard d&#8217;una pe\u00e7a. El nostre banyador per a dona Powerskin ST Next Classic est\u00e0 fabricat amb un 60% d&#8217;Econyl\u00ae, un nil\u00f3 reciclat que \u00e9s lleuger i minimitza l&#8217;absorci\u00f3 d&#8217;aigua, alhora que ofereix una compressi\u00f3 flexible i duradora. Confeccionat meticulosament amb elements de disseny intel\u00b7ligents, com costures planes i un disseny de tirants especialitzat, aquest banyador garanteix comoditat i rendiment d&#8217;alt nivell.<\/p>\n<p>\u00a0<\/p>\n<p>Caracter\u00edstiques destacables:<\/p>\n<p>&#8211; G\u00e8nere: Dona.<\/p>\n<p>&#8211; Composici\u00f3 del material: 71% Poliamida, 29% Elast\u00e0.<\/p>\n<p>&#8211; 60% de teixit reciclat: Innovador teixit fabricat parcialment amb materials reciclats.<\/p>\n<p>&#8211; Costures planes: Teixit unit costat a costat amb costures planes perqu\u00e8 no abulti.<\/p>\n<p>&#8211; Protecci\u00f3 UV 50+: Proporciona m\u00e0xima protecci\u00f3 solar.<\/p>\n<p>&#8211; Assecat r\u00e0pid: Material d&#8217;assecat r\u00e0pid per a m\u00e9s comoditat.<\/p>\n<p>\u00a0<\/p>\n<p>Instruccions de cura:<\/p>\n<p>&#8211; Aclarir en aigua dol\u00e7a despr\u00e9s de fer servir.<\/p>\n<p>&#8211; No deixeu durant molt de temps el vestit de bany humit dins d&#8217;una bossa o d&#8217;un embolcall tancat.<\/p>\n<p>&#8211; No deixeu el vestit de bany humit exposat al sol durant molt de temps dins d&#8217;una bossa o d&#8217;un embolcall tancat.<\/p>\n<p>&#8211; Rentar amb sabons per a roba delicada.<\/p>\n<p>&#8211; Deixeu assecar de forma natural allunyat de tota font de calor.<\/p>\n<p>&#8211; Seguir les instruccions de rentat indicades a l&#8217;etiqueta de la pe\u00e7a.<\/p>\n<p>\u00a0<\/p>\n<p>\u00das recomanat:<\/p>\n<p>Creat per a la precisi\u00f3 i el rendiment hidrodin\u00e0mic a l&#8217;aigua. Ideal per a nedadores de competici\u00f3 que busquen un vestit de bany d&#8217;alt rendiment i durador.<\/p>\n<p>\u00a0<\/p>\n<p>No perdis l&#8217;oportunitat d&#8217;adquirir el Banyador Arena Powerskin ST Next Classic Dona de CRAWL. Compra ara i porta el teu rendiment a la nataci\u00f3 al seg\u00fcent nivell!<\/p>\n","protected":false},"excerpt":{"rendered":"<p>Compra el Banyador Arena Powerskin ST Next Classic Dona a CRAWL. Disseny est\u00e0ndard d&#8217;una pe\u00e7a, fabricat amb nil\u00f3 regenerat i tecnologia avan\u00e7ada.<\/p>\n<p>Ref: 006531.<\/p>\n","protected":false},"featured_media":8642,"comment_status":"open","ping_status":"closed","template":"","meta":[],"product_cat":[227],"product_tag":[],"brands":[{"id":312,"name":"ARENA","slug":"arena"}],"_links":{"self":[{"href":"https:\/\/crawl.es\/ca\/wp-json\/wp\/v2\/product\/12599"}],"collection":[{"href":"https:\/\/crawl.es\/ca\/wp-json\/wp\/v2\/product"}],"about":[{"href":"https:\/\/crawl.es\/ca\/wp-json\/wp\/v2\/types\/product"}],"replies":[{"embeddable":true,"href":"https:\/\/crawl.es\/ca\/wp-json\/wp\/v2\/comments?post=12599"}],"wp:featuredmedia":[{"embeddable":true,"href":"https:\/\/crawl.es\/ca\/wp-json\/wp\/v2\/media\/8642"}],"wp:attachment":[{"href":"https:\/\/crawl.es\/ca\/wp-json\/wp\/v2\/media?parent=12599"}],"wp:term":[{"taxonomy":"product_cat","embeddable":true,"href":"https:\/\/crawl.es\/ca\/wp-json\/wp\/v2\/product_cat?post=12599"},{"taxonomy":"product_tag","embeddable":true,"href":"https:\/\/crawl.es\/ca\/wp-json\/wp\/v2\/product_tag?post=12599"}],"curies":[{"name":"wp","href":"https:\/\/api.w.org\/{rel}","templated":true}]}}