{"id":12603,"date":"2024-04-25T09:58:32","date_gmt":"2024-04-25T09:58:32","guid":{"rendered":"https:\/\/crawl.es\/producto\/sandalies-hydrosoft-ii-hook-arena-crawl\/"},"modified":"2024-04-25T09:58:32","modified_gmt":"2024-04-25T09:58:32","slug":"sandalies-hydrosoft-ii-hook-arena-crawl","status":"publish","type":"product","link":"https:\/\/crawl.es\/ca\/producto\/sandalies-hydrosoft-ii-hook-arena-crawl\/","title":{"rendered":"Sand\u00e0lies Hydrosoft II Hook Arena | CRAWL"},"content":{"rendered":"<p>Les Sand\u00e0lies Hydrosoft II Hook Arena s\u00f3n ideals tant per a la piscina com per a la platja. Aquestes sand\u00e0lies unisex s\u00f3n ultralleugeres i c\u00f2modes, fabricades amb un teixit hipoalerg\u00e8nic resistent al clor. El seu disseny de construcci\u00f3 d&#8217;una sola pe\u00e7a proporciona m\u00e9s comoditat i durabilitat, mentre que els forats de drenatge a la plantilla asseguren que l&#8217;aigua s&#8217;escorri r\u00e0pidament, mantenint els peus secs i proporcionant una bona agafada.<\/p>\n<p>\u00a0<\/p>\n<p>Caracter\u00edstiques destacables:<\/p>\n<p>&#8211; Construcci\u00f3 d&#8217;una sola pe\u00e7a: Per a m\u00e9s comoditat i durabilitat.<\/p>\n<p>&#8211; Teixit hipoal\u00b7lerg\u00e8nic resistent al clor: Perfecte per a activitats aqu\u00e0tiques.<\/p>\n<p>&#8211; Lleugera: Ideal per a \u00fas diari a la platja o piscina.<\/p>\n<p>&#8211; Forats de drenatge a la plantilla: Permeten que l&#8217;aigua s&#8217;escorri r\u00e0pidament, mantenint els teus peus secs.<\/p>\n<p>&#8211; Sola antilliscant: Ofereix una bona subjecci\u00f3 en superf\u00edcies mullades i seques.<\/p>\n<p>\u00a0<\/p>\n<p>\u00das recomanat:<\/p>\n<p>Perfectes per a la platja, la piscina o qualsevol activitat aqu\u00e0tica. Aquestes xancletes lleugeres i c\u00f2modes t&#8217;acompanyaran a tots els teus moments de descans i diversi\u00f3.<\/p>\n<p>\u00a0<\/p>\n<p>No perdis l&#8217;oportunitat de tenir les Sand\u00e0lies Hydrosoft II Hook Arena de CRAWL. Compra ara i gaudeix de la comoditat i l&#8217;estil als teus dies de platja!<\/p>\n","protected":false},"excerpt":{"rendered":"<p>Compra les Sand\u00e0lies Hydrosoft II Hook Arena a CRAWL. Ideals per a piscina i platja. Teixit hipoalerg\u00e8nic resistent al clor.<\/p>\n","protected":false},"featured_media":8626,"comment_status":"open","ping_status":"closed","template":"","meta":[],"product_cat":[134,146],"product_tag":[],"brands":[{"id":312,"name":"ARENA","slug":"arena"}],"_links":{"self":[{"href":"https:\/\/crawl.es\/ca\/wp-json\/wp\/v2\/product\/12603"}],"collection":[{"href":"https:\/\/crawl.es\/ca\/wp-json\/wp\/v2\/product"}],"about":[{"href":"https:\/\/crawl.es\/ca\/wp-json\/wp\/v2\/types\/product"}],"replies":[{"embeddable":true,"href":"https:\/\/crawl.es\/ca\/wp-json\/wp\/v2\/comments?post=12603"}],"wp:featuredmedia":[{"embeddable":true,"href":"https:\/\/crawl.es\/ca\/wp-json\/wp\/v2\/media\/8626"}],"wp:attachment":[{"href":"https:\/\/crawl.es\/ca\/wp-json\/wp\/v2\/media?parent=12603"}],"wp:term":[{"taxonomy":"product_cat","embeddable":true,"href":"https:\/\/crawl.es\/ca\/wp-json\/wp\/v2\/product_cat?post=12603"},{"taxonomy":"product_tag","embeddable":true,"href":"https:\/\/crawl.es\/ca\/wp-json\/wp\/v2\/product_tag?post=12603"}],"curies":[{"name":"wp","href":"https:\/\/api.w.org\/{rel}","templated":true}]}}