{"id":12611,"date":"2024-04-24T15:59:46","date_gmt":"2024-04-24T15:59:46","guid":{"rendered":"https:\/\/crawl.es\/producto\/speedo-vestit-flotacio-sea-squad-rosa-groc-crawl\/"},"modified":"2024-04-24T15:59:46","modified_gmt":"2024-04-24T15:59:46","slug":"speedo-vestit-flotacio-sea-squad-rosa-groc-crawl","status":"publish","type":"product","link":"https:\/\/crawl.es\/ca\/producto\/speedo-vestit-flotacio-sea-squad-rosa-groc-crawl\/","title":{"rendered":"Speedo Vestit Flotaci\u00f3 Sea Squad rosa-groc | CRAWL"},"content":{"rendered":"<p>El Speedo Vestit Flotaci\u00f3 Sea Squad rosa-groc \u00e9s perfecte per mantenir les petites assegurances i c\u00f2modes a l&#8217;aigua. Amb un disseny atractiu i colors vius, aquest banyador compta amb protecci\u00f3 solar i flotadors inserits que augmenten la seguretat. Els car\u00e0cters del vestit coordinen amb la nova col\u00b7lecci\u00f3 Sea Squad, fent que nedar sigui una experi\u00e8ncia divertida.<\/p>\n<p>\u00a0<\/p>\n<p>Caracter\u00edstiques destacables:<\/p>\n<p>&#8211; Protecci\u00f3 solar i flotadors inserits per a m\u00e9s seguretat.<\/p>\n<p>&#8211; Banyador de f\u00e0cil \u00fas amb insercions d\u02bbescuma.<\/p>\n<p>&#8211; Ajuda el nen a aprendre el moviment dels bra\u00e7os sense les restriccions dels maneguets.<\/p>\n<p>&#8211; Conformi amb les normes de seguretat europees.<\/p>\n<p>\u00a0<\/p>\n<p>\u00das recomanat:<\/p>\n<p>Ideal per a nens que estan aprenent a nedar. Aquest vestit assegura que els petits puguin gaudir de l&#8217;aigua de manera segura i c\u00f2moda, permetent m\u00e9s llibertat de moviment.<\/p>\n<p>\u00a0<\/p>\n<p>No perdis loportunitat daugmentar la seguretat i diversi\u00f3 del teu fill a laigua amb el Speedo Vestit Flotaci\u00f3 Sea Squad rosa-groc de CRAWL. Compra ara i gaudeix d\u00b4una nataci\u00f3 segura i divertida!<\/p>\n","protected":false},"excerpt":{"rendered":"<p>Compra el Speedo Vestit Flotaci\u00f3 Sea Squad rosa-groc a CRAWL. Banyador amb protecci\u00f3 solar i flotadors inserits per a m\u00e9s seguretat.<\/p>\n","protected":false},"featured_media":8585,"comment_status":"open","ping_status":"closed","template":"","meta":[],"product_cat":[134,156,139,226,160],"product_tag":[],"brands":[{"id":307,"name":"Speedo","slug":"speedo"}],"_links":{"self":[{"href":"https:\/\/crawl.es\/ca\/wp-json\/wp\/v2\/product\/12611"}],"collection":[{"href":"https:\/\/crawl.es\/ca\/wp-json\/wp\/v2\/product"}],"about":[{"href":"https:\/\/crawl.es\/ca\/wp-json\/wp\/v2\/types\/product"}],"replies":[{"embeddable":true,"href":"https:\/\/crawl.es\/ca\/wp-json\/wp\/v2\/comments?post=12611"}],"wp:featuredmedia":[{"embeddable":true,"href":"https:\/\/crawl.es\/ca\/wp-json\/wp\/v2\/media\/8585"}],"wp:attachment":[{"href":"https:\/\/crawl.es\/ca\/wp-json\/wp\/v2\/media?parent=12611"}],"wp:term":[{"taxonomy":"product_cat","embeddable":true,"href":"https:\/\/crawl.es\/ca\/wp-json\/wp\/v2\/product_cat?post=12611"},{"taxonomy":"product_tag","embeddable":true,"href":"https:\/\/crawl.es\/ca\/wp-json\/wp\/v2\/product_tag?post=12611"}],"curies":[{"name":"wp","href":"https:\/\/api.w.org\/{rel}","templated":true}]}}