{"id":12625,"date":"2024-04-24T14:48:03","date_gmt":"2024-04-24T14:48:03","guid":{"rendered":"https:\/\/crawl.es\/producto\/flotador-zoggs-sea-unicorn-ww-floatsuit-pink-4-5-anys-crawl\/"},"modified":"2024-04-24T14:48:03","modified_gmt":"2024-04-24T14:48:03","slug":"flotador-zoggs-sea-unicorn-ww-floatsuit-pink-4-5-anys-crawl","status":"publish","type":"product","link":"https:\/\/crawl.es\/ca\/producto\/flotador-zoggs-sea-unicorn-ww-floatsuit-pink-4-5-anys-crawl\/","title":{"rendered":"Flotador Zoggs Sea Unicorn WW Floatsuit Pink 4\/5 anys | CRAWL"},"content":{"rendered":"<p>El vestit flotador Zoggs Water Wing proporciona flotabilitat ajustable a prova de punxades i fomenta una posici\u00f3 de nataci\u00f3 natural perqu\u00e8 els m\u00e9s petits s&#8217;acostumin a fer servir els bra\u00e7os i les cames per moure&#8217;s a l&#8217;aigua. Amb coixinets extra\u00efbles per ajustar la flotabilitat de nataci\u00f3, cremallera del darrere segura amb lleng\u00fceta per mantenir la cremallera al seu lloc, el vestit flotador \u00e9s f\u00e0cil de posar i treure per als pares i proporciona protecci\u00f3 solar UPF 50+. El vestit flotador Water Wings \u00e9s ideal perqu\u00e8 els nens el facin servir entre les classes de nataci\u00f3.<\/p>\n<p>\u00a0<\/p>\n<p>Caracter\u00edstiques destacables:<\/p>\n<p>&#8211; Flotabilitat ajustable a prova de punxades.<\/p>\n<p>&#8211; Fomenta una posici\u00f3 de nataci\u00f3 natural.<\/p>\n<p>&#8211; Coixinets extra\u00efbles per ajustar la flotabilitat.<\/p>\n<p>&#8211; Cremallera posterior segura amb lleng\u00fceta.<\/p>\n<p>&#8211; Protecci\u00f3 solar UPF 50+.<\/p>\n<p>&#8211; F\u00e0cil de posar i treure per als pares.<\/p>\n<p>&#8211; Disseny colorit i divertit de Unicorn Mar\u00edtim.<\/p>\n<p>\u00a0<\/p>\n<p>\u00a0<\/p>\n<p>Composici\u00f3 del material:<\/p>\n<p>&#8211; Materials d&#8217;alta qualitat i resistents a les punxades.<\/p>\n<p>\u00a0<\/p>\n<p>\u00das recomanat:<\/p>\n<p>Ideal per a nens de 4 a 5 anys (18-25 kg) que estan aprenent a nedar i necessiten un vestit que ofereixi seguretat i comoditat. Perfecte per fer servir entre les classes de nataci\u00f3 o en qualsevol moment d&#8217;oci a l&#8217;aigua.<\/p>\n<p>\u00a0<\/p>\n<p>No perdis l&#8217;oportunitat d&#8217;augmentar la seguretat i la diversi\u00f3 del teu fill a l&#8217;aigua amb el Flotador Zoggs Sea Unicorn WW Floatsuit Pink de CRAWL. Compra ara i gaudeix d&#8217;una nataci\u00f3 segura i divertida!<\/p>\n","protected":false},"excerpt":{"rendered":"<p>Compra el Flotador Zoggs Sea Unicorn WW Floatsuit Pink a CRAWL. Flotabilitat ajustable, cremallera posterior segura i protecci\u00f3 solar UPF 50+. 4-5 anys\/18-25 kg<\/p>\n","protected":false},"featured_media":8571,"comment_status":"open","ping_status":"closed","template":"","meta":[],"product_cat":[134,156,139,226,160],"product_tag":[],"brands":[{"id":24,"name":"Zoggs","slug":"zoggs"}],"_links":{"self":[{"href":"https:\/\/crawl.es\/ca\/wp-json\/wp\/v2\/product\/12625"}],"collection":[{"href":"https:\/\/crawl.es\/ca\/wp-json\/wp\/v2\/product"}],"about":[{"href":"https:\/\/crawl.es\/ca\/wp-json\/wp\/v2\/types\/product"}],"replies":[{"embeddable":true,"href":"https:\/\/crawl.es\/ca\/wp-json\/wp\/v2\/comments?post=12625"}],"wp:featuredmedia":[{"embeddable":true,"href":"https:\/\/crawl.es\/ca\/wp-json\/wp\/v2\/media\/8571"}],"wp:attachment":[{"href":"https:\/\/crawl.es\/ca\/wp-json\/wp\/v2\/media?parent=12625"}],"wp:term":[{"taxonomy":"product_cat","embeddable":true,"href":"https:\/\/crawl.es\/ca\/wp-json\/wp\/v2\/product_cat?post=12625"},{"taxonomy":"product_tag","embeddable":true,"href":"https:\/\/crawl.es\/ca\/wp-json\/wp\/v2\/product_tag?post=12625"}],"curies":[{"name":"wp","href":"https:\/\/api.w.org\/{rel}","templated":true}]}}