{"id":12662,"date":"2024-04-24T11:25:34","date_gmt":"2024-04-24T11:25:34","guid":{"rendered":"https:\/\/crawl.es\/producto\/armilla-zoggs-sea-saw-water-wings-vest-crawl\/"},"modified":"2024-04-24T11:25:34","modified_gmt":"2024-04-24T11:25:34","slug":"armilla-zoggs-sea-saw-water-wings-vest-crawl","status":"publish","type":"product","link":"https:\/\/crawl.es\/ca\/producto\/armilla-zoggs-sea-saw-water-wings-vest-crawl\/","title":{"rendered":"Armilla Zoggs Sea Saw Water Wings Vest | CRAWL"},"content":{"rendered":"<p>Vegeu com el seu fill apr\u00e8n a nedar 5 vegades m\u00e9s r\u00e0pid i augmenta la seva confian\u00e7a en la nataci\u00f3 amb la nostra fant\u00e0stica armilla Water Wings. L&#8217;armilla proporciona flotabilitat fixa i fomenta una posici\u00f3 de nataci\u00f3 natural perqu\u00e8 els m\u00e9s petits s&#8217;acostumin a fer servir els bra\u00e7os i les cames per moure&#8217;s a l&#8217;aigua. L&#8217;armilla Water Wing t\u00e9 un cos de neopr\u00e8 i m\u00e0nigues supersuaus amb flotadors d&#8217;escuma cosits estrat\u00e8gicament als bra\u00e7os i les espatlles per proporcionar una flotabilitat excepcional i facilitat de moviment. L&#8217;armilla t\u00e9 una cremallera que es tanca a l&#8217;esquena i una lleng\u00fceta que el mant\u00e9 al seu lloc perqu\u00e8 els m\u00e9s petits no puguin treure-se&#8217;l a la piscina. Les m\u00e0nigues eviten que l&#8217;armilla pugi pel coll, per la qual cosa els m\u00e9s petits poden augmentar la seva confian\u00e7a en la nataci\u00f3 c\u00f2modament amb aquesta armilla.<\/p>\n<p>\u00a0<\/p>\n<p>Caracter\u00edstiques destacables:<\/p>\n<p>&#8211; Flotabilitat fixa per a m\u00e9s seguretat a l&#8217;aigua.<\/p>\n<p>&#8211; Fomenta una posici\u00f3 de nataci\u00f3 natural.<\/p>\n<p>&#8211; Cos de neopr\u00e8 i m\u00e0nigues supersuaus per a comoditat i facilitat de moviment.<\/p>\n<p>&#8211; Flotadors d&#8217;escuma cosits estrat\u00e8gicament als bra\u00e7os i les espatlles.<\/p>\n<p>&#8211; Cremallera posterior segura amb lleng\u00fceta per mantenir-la al seu lloc.<\/p>\n<p>&#8211; M\u00e0nigues que eviten que l&#8217;armilla pugi pel coll.<\/p>\n<p>&#8211; Ajuda a augmentar la confian\u00e7a en la nataci\u00f3 dels m\u00e9s petits.<\/p>\n<p>\u00a0<\/p>\n<p>\u00das recomanat:<\/p>\n<p>Ideal per a nens de 1 a 5 anys que estan aprenent a nedar. Perfecte per utilitzar a la piscina, assegurant una experi\u00e8ncia de nataci\u00f3 segura i c\u00f2moda.<\/p>\n<p>\u00a0<\/p>\n<p>No perdis l&#8217;oportunitat d&#8217;augmentar la seguretat i la confian\u00e7a del teu fill a l&#8217;aigua amb la Armilla Zoggs Sea Saw Water Wings Vest de CRAWL. Compra ara i gaudeix d\u00b4una nataci\u00f3 segura i divertida!<\/p>\n","protected":false},"excerpt":{"rendered":"<p>Compra la Armilla Zoggs Sea Saw Water Wings Vest a CRAWL. Flotabilitat fixa, cos de neopr\u00e8 i m\u00e0nigues suaus per a una nataci\u00f3 natural.<\/p>\n","protected":false},"featured_media":8554,"comment_status":"open","ping_status":"closed","template":"","meta":[],"product_cat":[134,156,139,226,160],"product_tag":[],"brands":[{"id":24,"name":"Zoggs","slug":"zoggs"}],"_links":{"self":[{"href":"https:\/\/crawl.es\/ca\/wp-json\/wp\/v2\/product\/12662"}],"collection":[{"href":"https:\/\/crawl.es\/ca\/wp-json\/wp\/v2\/product"}],"about":[{"href":"https:\/\/crawl.es\/ca\/wp-json\/wp\/v2\/types\/product"}],"replies":[{"embeddable":true,"href":"https:\/\/crawl.es\/ca\/wp-json\/wp\/v2\/comments?post=12662"}],"wp:featuredmedia":[{"embeddable":true,"href":"https:\/\/crawl.es\/ca\/wp-json\/wp\/v2\/media\/8554"}],"wp:attachment":[{"href":"https:\/\/crawl.es\/ca\/wp-json\/wp\/v2\/media?parent=12662"}],"wp:term":[{"taxonomy":"product_cat","embeddable":true,"href":"https:\/\/crawl.es\/ca\/wp-json\/wp\/v2\/product_cat?post=12662"},{"taxonomy":"product_tag","embeddable":true,"href":"https:\/\/crawl.es\/ca\/wp-json\/wp\/v2\/product_tag?post=12662"}],"curies":[{"name":"wp","href":"https:\/\/api.w.org\/{rel}","templated":true}]}}