{"id":12663,"date":"2024-04-24T11:13:44","date_gmt":"2024-04-24T11:13:44","guid":{"rendered":"https:\/\/crawl.es\/producto\/flotador-sea-saw-swimsure-jacket-2-3-anys-crawl\/"},"modified":"2025-01-27T09:11:42","modified_gmt":"2025-01-27T09:11:42","slug":"flotador-sea-saw-swimsure-jacket-2-3-anys-crawl","status":"publish","type":"product","link":"https:\/\/crawl.es\/ca\/producto\/flotador-sea-saw-swimsure-jacket-2-3-anys-crawl\/","title":{"rendered":"Flotador Sea Saw Swimsure Jacket 2-3 anys | CRAWL"},"content":{"rendered":"<p>Un dia feli\u00e7 est\u00e0 garantit amb la jaqueta Sea Saw Swimsure. Amb total llibertat de moviments a l&#8217;aigua, aquesta armilla anima els nens a desenvolupar una posici\u00f3 de nataci\u00f3 natural utilitzant els bra\u00e7os i les cames. Els flotadors a prova de punxades tamb\u00e9 estan incorporats a la jaqueta de poli\u00e8ster supersuau per a m\u00e9s comoditat i estabilitat. Aquesta armilla ve amb un munt de confian\u00e7a incorporada.<\/p>\n<p>\u00a0<\/p>\n<p>Caracter\u00edstiques destacables:<\/p>\n<p>&#8211; Flotabilitat ajustable a prova de punxades.<\/p>\n<p>&#8211; Fomenta una posici\u00f3 de nataci\u00f3 natural.<\/p>\n<p>&#8211; Armilla de poli\u00e8ster supersuau per a m\u00e9s comoditat i estabilitat.<\/p>\n<p>&#8211; Total llibertat de moviments a l&#8217;aigua.<\/p>\n<p>&#8211; Ideal per a nens de 2 a 3 anys (15-18 kg).<\/p>\n<p>\u00a0<\/p>\n<p>\u00das recomanat:<\/p>\n<p>Perfecte per a nens que estan aprenent a nedar i necessiten una armilla que ofereixi seguretat i comoditat. Ideal per fer servir a la piscina, assegurant una experi\u00e8ncia de nataci\u00f3 segura i divertida.<\/p>\n<p>\u00a0<\/p>\n<p>No perdis l&#8217;oportunitat d&#8217;augmentar la seguretat i la confian\u00e7a del teu fill a l&#8217;aigua amb el Flotador Sea Saw Swimsure Jacket de CRAWL. Compra ara i gaudeix d\u00b4una nataci\u00f3 segura i divertida!<\/p>\n","protected":false},"excerpt":{"rendered":"<p>Compra el Flotador Sea Saw Swimsure Jacket a CRAWL. Armilla amb flotabilitat ajustable per a nens de 2-3 anys. Total llibertat de moviments i comoditat.<\/p>\n","protected":false},"featured_media":8544,"comment_status":"open","ping_status":"closed","template":"","meta":[],"product_cat":[134,156,139,226,160],"product_tag":[],"brands":[{"id":24,"name":"Zoggs","slug":"zoggs"}],"_links":{"self":[{"href":"https:\/\/crawl.es\/ca\/wp-json\/wp\/v2\/product\/12663"}],"collection":[{"href":"https:\/\/crawl.es\/ca\/wp-json\/wp\/v2\/product"}],"about":[{"href":"https:\/\/crawl.es\/ca\/wp-json\/wp\/v2\/types\/product"}],"replies":[{"embeddable":true,"href":"https:\/\/crawl.es\/ca\/wp-json\/wp\/v2\/comments?post=12663"}],"wp:featuredmedia":[{"embeddable":true,"href":"https:\/\/crawl.es\/ca\/wp-json\/wp\/v2\/media\/8544"}],"wp:attachment":[{"href":"https:\/\/crawl.es\/ca\/wp-json\/wp\/v2\/media?parent=12663"}],"wp:term":[{"taxonomy":"product_cat","embeddable":true,"href":"https:\/\/crawl.es\/ca\/wp-json\/wp\/v2\/product_cat?post=12663"},{"taxonomy":"product_tag","embeddable":true,"href":"https:\/\/crawl.es\/ca\/wp-json\/wp\/v2\/product_tag?post=12663"}],"curies":[{"name":"wp","href":"https:\/\/api.w.org\/{rel}","templated":true}]}}