{"id":12666,"date":"2024-04-19T10:41:45","date_gmt":"2024-04-19T10:41:45","guid":{"rendered":"https:\/\/crawl.es\/producto\/arena-ulleres-de-natacio-unisex-the-one-fumo-fosc-crawl\/"},"modified":"2024-04-19T10:41:45","modified_gmt":"2024-04-19T10:41:45","slug":"arena-ulleres-de-natacio-unisex-the-one-fumo-fosc-crawl","status":"publish","type":"product","link":"https:\/\/crawl.es\/ca\/producto\/arena-ulleres-de-natacio-unisex-the-one-fumo-fosc-crawl\/","title":{"rendered":"ARENA Ulleres de Nataci\u00f3 Unisex The One Fumo\/Fosc | CRAWL"},"content":{"rendered":"<p>Busques unes ulleres de nataci\u00f3 modernes i dissenyades perqu\u00e8 quedin b\u00e9 a tothom? Les c\u00f2modes ulleres de nataci\u00f3 The One de Arena estan dissenyades per a nedadors recreatius i habituals. El suau segellat Orbit-Proof ha estat provat per adaptar-se a tota mena de perfils facials i evitar filtracions d&#8217;aigua. Lents amples per proporcionar una gran visi\u00f3 lateral.<\/p>\n<p>\u00a0<\/p>\n<p>La corretja dividida s&#8217;ajusta f\u00e0cilment per a un ajustament segur i c\u00f2mode, fins i tot amb cabells llargs. El pont de nas sajusta a la forma de la cara durant l\u00fas. Les ulleres de nataci\u00f3 estan equipades amb una pel\u00b7l\u00edcula antibaf, protecci\u00f3 UV i no contenen PVC. Aquest estil est\u00e0 disponible amb lents clares per a entorns amb poca llum i per als que prefereixen la m\u00e0xima lluminositat, o amb lents de enfosquiment mitj\u00e0 per a tots els usos i nivells de lluminositat mitjos o variables.<\/p>\n<p>\u00a0<\/p>\n<p>Caracter\u00edstiques destacables:<\/p>\n<p>&#8211; Segellat Orbit-Proof: Adaptaci\u00f3 perfecta i sense filtracions.<\/p>\n<p>&#8211; Lents amples: Gran visi\u00f3 lateral.<\/p>\n<p>&#8211; Corretja dividida ajustable: Ajust segur i c\u00f2mode, ideal per a cabells llargs.<\/p>\n<p>&#8211; Pont de nas ajustable: S&#8217;adapta durant l&#8217;\u00fas.<\/p>\n<p>&#8211; Pel\u00b7l\u00edcula antibaf i protecci\u00f3 UV: Visi\u00f3 clara i protecci\u00f3.<\/p>\n<p>&#8211; Sense PVC: Materials respectuosos amb el medi ambient.<\/p>\n<p>\u00a0<\/p>\n<p>**Composici\u00f3**:<\/p>\n<p>&#8211; 50% policarbonat<\/p>\n<p>&#8211; 30% cautx\u00fa termopl\u00e0stic<\/p>\n<p>&#8211; 20% silicona<\/p>\n<p>\u00a0<\/p>\n<p>**Rentat**:<\/p>\n<p>&#8211; Aclarir les ulleres de nataci\u00f3 amb aigua dol\u00e7a despr\u00e9s de cada \u00fas.<\/p>\n<p>&#8211; Mai tocarlo netejar les ulleres per dins.<\/p>\n<p>&#8211; Guardar-les en una bossa de microfibra per protegir-les.<\/p>\n<p>\u00a0<\/p>\n<p>**\u00das recomanat**:<\/p>\n<p>Perfectes per a entrenaments i \u00fas recreatiu, proporcionant confort i un rendiment superior a cada bra\u00e7ada.<\/p>\n<p>\u00a0<\/p>\n<p>No deixis passar l&#8217;oportunitat de millorar el teu rendiment amb les Arena Ulleres de Nataci\u00f3 Unisex The One Humo\/Fosc de CRAWL. Compra ara i gaudeix d\u00b4una nataci\u00f3 superior!<\/p>\n","protected":false},"excerpt":{"rendered":"<p>Compra les Arena Ulleres de Nataci\u00f3 Unisex The One Fum\/Fosc a CRAWL. Ajust c\u00f2mode i visi\u00f3 lateral \u00e0mplia. Perfectes per a entrenaments i esbarjo.<\/p>\n","protected":false},"featured_media":8525,"comment_status":"open","ping_status":"closed","template":"","meta":[],"product_cat":[134,135],"product_tag":[],"brands":[],"_links":{"self":[{"href":"https:\/\/crawl.es\/ca\/wp-json\/wp\/v2\/product\/12666"}],"collection":[{"href":"https:\/\/crawl.es\/ca\/wp-json\/wp\/v2\/product"}],"about":[{"href":"https:\/\/crawl.es\/ca\/wp-json\/wp\/v2\/types\/product"}],"replies":[{"embeddable":true,"href":"https:\/\/crawl.es\/ca\/wp-json\/wp\/v2\/comments?post=12666"}],"wp:featuredmedia":[{"embeddable":true,"href":"https:\/\/crawl.es\/ca\/wp-json\/wp\/v2\/media\/8525"}],"wp:attachment":[{"href":"https:\/\/crawl.es\/ca\/wp-json\/wp\/v2\/media?parent=12666"}],"wp:term":[{"taxonomy":"product_cat","embeddable":true,"href":"https:\/\/crawl.es\/ca\/wp-json\/wp\/v2\/product_cat?post=12666"},{"taxonomy":"product_tag","embeddable":true,"href":"https:\/\/crawl.es\/ca\/wp-json\/wp\/v2\/product_tag?post=12666"}],"curies":[{"name":"wp","href":"https:\/\/api.w.org\/{rel}","templated":true}]}}