{"id":12667,"date":"2026-04-04T08:53:06","date_gmt":"2024-04-18T08:53:06","guid":{"rendered":"https:\/\/crawl.es\/producto\/arena-powerskin-st-next-junior-navy-crawl\/"},"modified":"2024-04-18T08:53:06","modified_gmt":"2024-04-18T08:53:06","slug":"arena-powerskin-st-next-junior-navy-crawl","status":"publish","type":"product","link":"https:\/\/crawl.es\/ca\/producto\/arena-powerskin-st-next-junior-navy-crawl\/","title":{"rendered":"Arena Powerskin ST Next Junior Navy | CRAWL"},"content":{"rendered":"<p>La nova generaci\u00f3 mai no havia estat tan extraordin\u00e0ria. Prova la difer\u00e8ncia amb el vestit de competici\u00f3 renovat per a nen Powerskin ST Next. Es tracta del primer vestit de competici\u00f3 fabricat amb teixits reciclats. Per a un futur respectu\u00f3s amb el medi ambient. El nou teixit \u00e9s significativament m\u00e9s lleuger, m\u00e9s r\u00e0pid i ofereix una comprensi\u00f3 duradora amb una durabilitat millorada. Dissenyat amb costures planes per a un ajustament perfecte i una extraordin\u00e0ria llibertat de moviment.<\/p>\n<p>\u00a0<\/p>\n<p>Caracter\u00edstiques destacables:<\/p>\n<p>&#8211; Teixits reciclats: El 65% de la poliamida \u00e9s reciclada.<\/p>\n<p>&#8211; M\u00e9s lleuger i r\u00e0pid: Ofereix una compressi\u00f3 duradora amb una durabilitat millorada.<\/p>\n<p>&#8211; Costures planes: Per a un ajustament perfecte i una extraordin\u00e0ria llibertat de moviment.<\/p>\n<p>&#8211; Respectu\u00f3s amb el medi ambient.<\/p>\n<p>\u00a0<\/p>\n<p>Composici\u00f3 del material:<\/p>\n<p>&#8211; 71% poliamida.<\/p>\n<p>&#8211; 29% elast\u00e0 (teixit respectu\u00f3s amb el medi ambient: el 65% de la poliamida \u00e9s reciclada).<\/p>\n<p>\u00a0<\/p>\n<p>Instruccions de rentat:<\/p>\n<p>&#8211; Rentar a m\u00e0 per separat amb sab\u00f3 suau en aigua freda despr\u00e9s de cada \u00fas.<\/p>\n<p>&#8211; No fer servir lleixiu.<\/p>\n<p>&#8211; No fer servir assecadora.<\/p>\n<p>&#8211; No planxar.<\/p>\n<p>&#8211; No netegeu en sec.<\/p>\n<p>\u00a0<\/p>\n<p>\u00das recomanat:<\/p>\n<p>Ideal per a joves nedadores a les seves competicions, assegurant una experi\u00e8ncia de nataci\u00f3 superior gr\u00e0cies a la seva lleugeresa, rapidesa i ajustament perfecte.<\/p>\n<p>\u00a0<\/p>\n<p>No perdis l&#8217;oportunitat de millorar el rendiment de la teva filla amb l&#8217;Arena Powerskin ST Next Junior Navy de CRAWL. Compra ara i destaca a la propera competici\u00f3!<\/p>\n","protected":false},"excerpt":{"rendered":"<p>Compra l&#8217;Arena Powerskin ST Next Junior Navy a CRAWL. Vestit de competici\u00f3 per a nena fet amb teixits reciclats, m\u00e9s lleuger i r\u00e0pid.<\/p>\n","protected":false},"featured_media":8514,"comment_status":"open","ping_status":"closed","template":"","meta":[],"product_cat":[156,160],"product_tag":[],"brands":[{"id":312,"name":"ARENA","slug":"arena"}],"_links":{"self":[{"href":"https:\/\/crawl.es\/ca\/wp-json\/wp\/v2\/product\/12667"}],"collection":[{"href":"https:\/\/crawl.es\/ca\/wp-json\/wp\/v2\/product"}],"about":[{"href":"https:\/\/crawl.es\/ca\/wp-json\/wp\/v2\/types\/product"}],"replies":[{"embeddable":true,"href":"https:\/\/crawl.es\/ca\/wp-json\/wp\/v2\/comments?post=12667"}],"wp:featuredmedia":[{"embeddable":true,"href":"https:\/\/crawl.es\/ca\/wp-json\/wp\/v2\/media\/8514"}],"wp:attachment":[{"href":"https:\/\/crawl.es\/ca\/wp-json\/wp\/v2\/media?parent=12667"}],"wp:term":[{"taxonomy":"product_cat","embeddable":true,"href":"https:\/\/crawl.es\/ca\/wp-json\/wp\/v2\/product_cat?post=12667"},{"taxonomy":"product_tag","embeddable":true,"href":"https:\/\/crawl.es\/ca\/wp-json\/wp\/v2\/product_tag?post=12667"}],"curies":[{"name":"wp","href":"https:\/\/api.w.org\/{rel}","templated":true}]}}