{"id":12685,"date":"2024-04-12T17:54:52","date_gmt":"2024-04-12T17:54:52","guid":{"rendered":"https:\/\/crawl.es\/producto\/tovallola-coto-microfibra-145x100-pulp-wave-crawl\/"},"modified":"2024-04-12T17:54:52","modified_gmt":"2024-04-12T17:54:52","slug":"tovallola-coto-microfibra-145x100-pulp-wave-crawl","status":"publish","type":"product","link":"https:\/\/crawl.es\/ca\/producto\/tovallola-coto-microfibra-145x100-pulp-wave-crawl\/","title":{"rendered":"Tovallola Cot\u00f3-Microfibra (145&#215;100) Pulp-Wave | CRAWL"},"content":{"rendered":"<p>A Turbo hi ha una gran oferta de tovalloles de piscina per a tots els gustos i necessitats. T&#8217;agradi el tipus que t&#8217;agradi, en tenim una per a tu.<\/p>\n<p>\u00a0<\/p>\n<p>Tovalloles i ponxos de cot\u00f3 i microfibra:<\/p>\n<p>Prefereixes una tovallola de microfibra? Una de cot\u00f3? Encara que recomanem fer servir tovalloles de microfibra per anar a la piscina (s&#8217;embruten menys i s\u00f3n m\u00e9s lleugeres), cadasc\u00fa prefereix el tipus que prefereix. Per aix\u00f2 tamb\u00e9 disposem de tovalloles de cot\u00f3 adaptades per ser utilitzades en una piscina. Tot i aix\u00f2, les tovalloles Turbo de microfibra tenen un teixit poc habitual que permet un assecat molt m\u00e9s r\u00e0pid i alhora t\u00e9 un tacte m\u00e9s suau i agradable. Tamb\u00e9 disposem de totes les mides possibles. Tovalloles dobles, individuals, per a nens, extra grans\u2026 Sigui com sigui, a Turbo tens una gran varietat de tovalloles de piscina per triar, i amb estampats colorits i dissenys molt variats.<\/p>\n<p>\u00a0<\/p>\n<p>Caracter\u00edstiques destacables:<\/p>\n<p>&#8211; Assecat r\u00e0pid: Gr\u00e0cies al teixit de microfibra i cot\u00f3 d&#8217;alta qualitat.<\/p>\n<p>&#8211; Resist\u00e8ncia al clor: Ideal per a \u00fas en piscines.<\/p>\n<p>&#8211; Lleugera i compacta: F\u00e0cil de guardar a qualsevol bossa o motxilla.<\/p>\n<p>&#8211; \u00das professional: Utilitzades per esportistes d&#8217;elit de la selecci\u00f3 espanyola, dels Estats Units, Austr\u00e0lia, entre d&#8217;altres equips nacionals de primer nivell.<\/p>\n<p>\u00a0<\/p>\n<p>Dimensions:<\/p>\n<p>&#8211; 145 x 100 cm.<\/p>\n<p>\u00a0<\/p>\n<p>\u00das recomanat:<\/p>\n<p>Perfecta per a esportistes que busquen una tovallola d&#8217;alta qualitat amb excel\u00b7lent absorci\u00f3 i assecat r\u00e0pid. Ideal per fer servir en piscines i altres entorns aqu\u00e0tics.<\/p>\n<p>\u00a0<\/p>\n<p>No perdis l&#8217;oportunitat de tenir la Tovallola Cot\u00f3-Microfibra (145&#215;100) Pulp-Wave de CRAWL. Compra ara i gaudeix de la qualitat i el rendiment!<\/p>\n","protected":false},"excerpt":{"rendered":"<p>Compra la Tovallola Cot\u00f3-Microfibra (145&#215;100) Pulp-Wave a CRAWL. Assecat r\u00e0pid i resist\u00e8ncia al clor. Utilitzada per esportistes d&#8217;elit.<\/p>\n<p>Ref: 9841654<\/p>\n","protected":false},"featured_media":8462,"comment_status":"open","ping_status":"closed","template":"","meta":[],"product_cat":[134,145],"product_tag":[],"brands":[{"id":22,"name":"Turbo","slug":"turbo"}],"_links":{"self":[{"href":"https:\/\/crawl.es\/ca\/wp-json\/wp\/v2\/product\/12685"}],"collection":[{"href":"https:\/\/crawl.es\/ca\/wp-json\/wp\/v2\/product"}],"about":[{"href":"https:\/\/crawl.es\/ca\/wp-json\/wp\/v2\/types\/product"}],"replies":[{"embeddable":true,"href":"https:\/\/crawl.es\/ca\/wp-json\/wp\/v2\/comments?post=12685"}],"wp:featuredmedia":[{"embeddable":true,"href":"https:\/\/crawl.es\/ca\/wp-json\/wp\/v2\/media\/8462"}],"wp:attachment":[{"href":"https:\/\/crawl.es\/ca\/wp-json\/wp\/v2\/media?parent=12685"}],"wp:term":[{"taxonomy":"product_cat","embeddable":true,"href":"https:\/\/crawl.es\/ca\/wp-json\/wp\/v2\/product_cat?post=12685"},{"taxonomy":"product_tag","embeddable":true,"href":"https:\/\/crawl.es\/ca\/wp-json\/wp\/v2\/product_tag?post=12685"}],"curies":[{"name":"wp","href":"https:\/\/api.w.org\/{rel}","templated":true}]}}