{"id":12686,"date":"2024-04-10T11:26:43","date_gmt":"2024-04-10T11:26:43","guid":{"rendered":"https:\/\/crawl.es\/producto\/speedo-xancla-entry-crawl\/"},"modified":"2024-04-10T11:26:43","modified_gmt":"2024-04-10T11:26:43","slug":"speedo-xancla-entry-crawl","status":"publish","type":"product","link":"https:\/\/crawl.es\/ca\/producto\/speedo-xancla-entry-crawl\/","title":{"rendered":"SPEEDO Xancla Entry | CRAWL"},"content":{"rendered":"<p>Les SPEEDO Chancla Entry s\u00f3n lleugeres i c\u00f2modes, dissenyades amb una construcci\u00f3 d&#8217;una sola pe\u00e7a per proporcionar m\u00e9s comoditat. Aquestes xancletes s\u00f3n ideals per a la platja o la piscina, assegurant que els teus peus es mantinguin c\u00f2modes i segurs gr\u00e0cies a la subjecci\u00f3 de la sola.<\/p>\n<p>\u00a0<\/p>\n<p>Caracter\u00edstiques destacables:<\/p>\n<p>&#8211; Construcci\u00f3 d&#8217;una sola pe\u00e7a: Ofereix m\u00e9s comoditat i durabilitat.<\/p>\n<p>&#8211; Lleugeresa: Ideal per a \u00fas diari a la platja o piscina.<\/p>\n<p>&#8211; Sola amb subjecci\u00f3: Proporciona una bona subjecci\u00f3 en superf\u00edcies mullades i seques.<\/p>\n<p>\u00a0<\/p>\n<p>\u00das recomanat:<\/p>\n<p>Perfectes per a la platja, la piscina o qualsevol activitat aqu\u00e0tica. Aquestes xancletes lleugeres i c\u00f2modes s\u00f3n una excel\u00b7lent opci\u00f3 per a qualsevol moment de descans i diversi\u00f3.<\/p>\n<p>\u00a0<\/p>\n<p>No perdis l&#8217;oportunitat de tenir les SPEEDO Chancla Entry de CRAWL. Compra ara i gaudeix de la comoditat i l&#8217;estil als teus dies de platja i piscina!<\/p>\n","protected":false},"excerpt":{"rendered":"<p>Compra les SPEEDO Chancla Entry a CRAWL. Lleugeres i c\u00f2modes amb construcci\u00f3 d&#8217;una sola pe\u00e7a i sola amb subjecci\u00f3. Perfectes per a la platja o la piscina.<\/p>\n","protected":false},"featured_media":8435,"comment_status":"open","ping_status":"closed","template":"","meta":[],"product_cat":[134,146],"product_tag":[],"brands":[{"id":307,"name":"Speedo","slug":"speedo"}],"_links":{"self":[{"href":"https:\/\/crawl.es\/ca\/wp-json\/wp\/v2\/product\/12686"}],"collection":[{"href":"https:\/\/crawl.es\/ca\/wp-json\/wp\/v2\/product"}],"about":[{"href":"https:\/\/crawl.es\/ca\/wp-json\/wp\/v2\/types\/product"}],"replies":[{"embeddable":true,"href":"https:\/\/crawl.es\/ca\/wp-json\/wp\/v2\/comments?post=12686"}],"wp:featuredmedia":[{"embeddable":true,"href":"https:\/\/crawl.es\/ca\/wp-json\/wp\/v2\/media\/8435"}],"wp:attachment":[{"href":"https:\/\/crawl.es\/ca\/wp-json\/wp\/v2\/media?parent=12686"}],"wp:term":[{"taxonomy":"product_cat","embeddable":true,"href":"https:\/\/crawl.es\/ca\/wp-json\/wp\/v2\/product_cat?post=12686"},{"taxonomy":"product_tag","embeddable":true,"href":"https:\/\/crawl.es\/ca\/wp-json\/wp\/v2\/product_tag?post=12686"}],"curies":[{"name":"wp","href":"https:\/\/api.w.org\/{rel}","templated":true}]}}