{"id":12695,"date":"2024-04-09T11:07:58","date_gmt":"2024-04-09T11:07:58","guid":{"rendered":"https:\/\/crawl.es\/producto\/swans-ullera-srx-m-paf-crawl\/"},"modified":"2024-04-09T11:07:58","modified_gmt":"2024-04-09T11:07:58","slug":"swans-ullera-srx-m-paf-crawl","status":"publish","type":"product","link":"https:\/\/crawl.es\/ca\/producto\/swans-ullera-srx-m-paf-crawl\/","title":{"rendered":"Swans Ullera SRX &#8211; M PAF | CRAWL"},"content":{"rendered":"<p>Descobreix les Swans Ullera SRX &#8211; M PAF, dissenyades per oferir la major comoditat i durabilitat a l&#8217;aigua. Aquestes ulleres de nataci\u00f3 tenen un disseny ergon\u00f2mic que s&#8217;adapta a tot tipus d&#8217;esports aqu\u00e0tics, com ara nataci\u00f3, nataci\u00f3 sincronitzada, triatl\u00f3 i aig\u00fces obertes.<\/p>\n<p>\u00a0<\/p>\n<p>Caracter\u00edstiques destacables:<\/p>\n<p>&#8211; Disseny ergon\u00f2mic: Ajust segur i c\u00f2mode.<\/p>\n<p>&#8211; Versatilitat: Perfectes per a piscina i exteriors.<\/p>\n<p>&#8211; Materials d&#8217;alta qualitat: Resist\u00e8ncia al clor i \u00fas diari.<\/p>\n<p>&#8211; Pont nasal ajustable: Adaptaci\u00f3 personalitzada.<\/p>\n<p>\u00a0<\/p>\n<p>**\u00das recomanat**:<\/p>\n<p>Ideals per a nedadors de tots els nivells, tant en entrenaments com en competicions, proporcionant confort i un rendiment superior a cada bra\u00e7ada.<\/p>\n<p>\u00a0<\/p>\n<p>No deixis passar l&#8217;oportunitat de millorar el teu rendiment amb les Swans Ulleres SRX &#8211; M PAF de CRAWL. Compra ara i gaudeix d&#8217;una nataci\u00f3 superior!<\/p>\n","protected":false},"excerpt":{"rendered":"<p>Compra les Swans Ullera SRX &#8211; M PAF a CRAWL. Disseny ergon\u00f2mic i ajustament segur.<\/p>\n","protected":false},"featured_media":8428,"comment_status":"open","ping_status":"closed","template":"","meta":[],"product_cat":[134,135],"product_tag":[],"brands":[{"id":122,"name":"SWANS","slug":"swans"}],"_links":{"self":[{"href":"https:\/\/crawl.es\/ca\/wp-json\/wp\/v2\/product\/12695"}],"collection":[{"href":"https:\/\/crawl.es\/ca\/wp-json\/wp\/v2\/product"}],"about":[{"href":"https:\/\/crawl.es\/ca\/wp-json\/wp\/v2\/types\/product"}],"replies":[{"embeddable":true,"href":"https:\/\/crawl.es\/ca\/wp-json\/wp\/v2\/comments?post=12695"}],"wp:featuredmedia":[{"embeddable":true,"href":"https:\/\/crawl.es\/ca\/wp-json\/wp\/v2\/media\/8428"}],"wp:attachment":[{"href":"https:\/\/crawl.es\/ca\/wp-json\/wp\/v2\/media?parent=12695"}],"wp:term":[{"taxonomy":"product_cat","embeddable":true,"href":"https:\/\/crawl.es\/ca\/wp-json\/wp\/v2\/product_cat?post=12695"},{"taxonomy":"product_tag","embeddable":true,"href":"https:\/\/crawl.es\/ca\/wp-json\/wp\/v2\/product_tag?post=12695"}],"curies":[{"name":"wp","href":"https:\/\/api.w.org\/{rel}","templated":true}]}}