{"id":12696,"date":"2024-03-25T17:10:58","date_gmt":"2024-03-25T17:10:58","guid":{"rendered":"https:\/\/crawl.es\/producto\/arena-gafas-de-natacion-mujer-the-one-crawl\/"},"modified":"2024-03-25T17:10:58","modified_gmt":"2024-03-25T17:10:58","slug":"arena-gafas-de-natacion-mujer-the-one-crawl","status":"publish","type":"product","link":"https:\/\/crawl.es\/ca\/producto\/arena-gafas-de-natacion-mujer-the-one-crawl\/","title":{"rendered":"Arena Ulleres de Nataci\u00f3 Dona The One | CRAWL"},"content":{"rendered":"<p>Hem redissenyat les nostres ulleres de bany universals per al rostre de la dona. Creades a base de tecnologia Orbit-Proof per a una adher\u00e8ncia perfecta a la cara, les One Woman estan dissenyades per a la nataci\u00f3 intensiva i per als atletes de triatl\u00f3. Compostes de lents en policarbonat i juntes japoneses en cautx\u00fa amb una forma innovadora, aquestes ulleres ofereixen un ajustament superior.<\/p>\n<p>\u00a0<\/p>\n<p>Igual que totes les nostres ulleres, les One Woman s\u00f3n herm\u00e8tiques, ofereixen una protecci\u00f3 contra els raigs UV i no s&#8217;entelaran mentre entres i sals de l&#8217;aigua. El disseny especial \u00e9s f\u00e0cil de posar i compta amb un pont nasal autoajustable i gomes de silicona dividides, proporcionant una visi\u00f3 perfecta a l&#8217;aigua.<\/p>\n<p>\u00a0<\/p>\n<p>Caracter\u00edstiques destacables:<\/p>\n<p>&#8211; Tecnologia Orbit-Proof: Adher\u00e8ncia perfecta a la cara.<\/p>\n<p>&#8211; Lents en policarbonat: durabilitat i claredat.<\/p>\n<p>&#8211; Juntes japoneses en cautx\u00fa: Comoditat i segellat herm\u00e8tic.<\/p>\n<p>&#8211; Protecci\u00f3 UV: Protecci\u00f3 contra els raigs solars nocius.<\/p>\n<p>&#8211; Disseny antientelament: Visi\u00f3 clara en tot moment.<\/p>\n<p>&#8211; Pont nasal autoajustable: Ajust personalitzat.<\/p>\n<p>&#8211; Gomes de silicona dividides: F\u00e0cil de posar i ajustar.<\/p>\n<p>\u00a0<\/p>\n<p>**\u00das recomanat**:<\/p>\n<p>Ideals per a nataci\u00f3 intensiva i triatlons, aquestes ulleres ofereixen confort i un rendiment superior a cada bra\u00e7ada.<\/p>\n<p>\u00a0<\/p>\n<p>No deixis passar l&#8217;oportunitat de millorar el teu rendiment amb les Arena Ulleres de Nataci\u00f3 Dona The One de CRAWL. Compra ara i gaudeix d\u00b4una nataci\u00f3 superior!<\/p>\n","protected":false},"excerpt":{"rendered":"<p>Compra les Arena Ulleres de Nataci\u00f3 Dona The One a CRAWL. Ajust perfecte i protecci\u00f3 UV. Ideals per a nataci\u00f3 intensiva i triatlons.<\/p>\n","protected":false},"featured_media":8357,"comment_status":"open","ping_status":"closed","template":"","meta":[],"product_cat":[134,135],"product_tag":[],"brands":[{"id":312,"name":"ARENA","slug":"arena"}],"_links":{"self":[{"href":"https:\/\/crawl.es\/ca\/wp-json\/wp\/v2\/product\/12696"}],"collection":[{"href":"https:\/\/crawl.es\/ca\/wp-json\/wp\/v2\/product"}],"about":[{"href":"https:\/\/crawl.es\/ca\/wp-json\/wp\/v2\/types\/product"}],"replies":[{"embeddable":true,"href":"https:\/\/crawl.es\/ca\/wp-json\/wp\/v2\/comments?post=12696"}],"wp:featuredmedia":[{"embeddable":true,"href":"https:\/\/crawl.es\/ca\/wp-json\/wp\/v2\/media\/8357"}],"wp:attachment":[{"href":"https:\/\/crawl.es\/ca\/wp-json\/wp\/v2\/media?parent=12696"}],"wp:term":[{"taxonomy":"product_cat","embeddable":true,"href":"https:\/\/crawl.es\/ca\/wp-json\/wp\/v2\/product_cat?post=12696"},{"taxonomy":"product_tag","embeddable":true,"href":"https:\/\/crawl.es\/ca\/wp-json\/wp\/v2\/product_tag?post=12696"}],"curies":[{"name":"wp","href":"https:\/\/api.w.org\/{rel}","templated":true}]}}