{"id":12698,"date":"2024-03-25T10:03:03","date_gmt":"2024-03-25T10:03:03","guid":{"rendered":"https:\/\/crawl.es\/producto\/banyador-arena-one-double-cross-back-dona-crawl\/"},"modified":"2024-03-25T10:03:03","modified_gmt":"2024-03-25T10:03:03","slug":"banyador-arena-one-double-cross-back-dona-crawl","status":"publish","type":"product","link":"https:\/\/crawl.es\/ca\/producto\/banyador-arena-one-double-cross-back-dona-crawl\/","title":{"rendered":"Banyador Arena One Double Cross Back Dona | Crawl"},"content":{"rendered":"<p>Les corretges de dos tons en forma de Y i els rivets realcen de manera vibrant el disseny simple del vestit de bany sorra One Double Cross d&#8217;una pe\u00e7a per a dona. Confeccionat amb el teixit MaxLife altament resistent, aquest vestit de bany animar\u00e0 el teu entrenament i nataci\u00f3 intensiva. Ens agrada com el nostre sobrenom en un color a joc combina amb aquest vestit de bany atl\u00e8tic.<\/p>\n<p>\u00a0<\/p>\n<p>Teixit<\/p>\n<p>MaxLife \u00e9s un teixit de bany exclusiu de sorra amb la m\u00e0xima resist\u00e8ncia al\u02bbaigua clorada. Aquest teixit combina un ajustament excel\u00b7lent amb un poder de retenci\u00f3 de la forma i un rendiment hidrodin\u00e0mic. A m\u00e9s, s&#8217;asseca r\u00e0pidament i t\u00e9 una protecci\u00f3 UV de m\u00e9s de 50 incorporada.<\/p>\n","protected":false},"excerpt":{"rendered":"<p>Gaudeix del m\u00e0xim rendiment amb el banyador Arena One Double Cross Back per a dona. Teixit MaxLife resistent al clor, assecat r\u00e0pid i protecci\u00f3 UV. Ideal per a entrenaments intensius.<\/p>\n","protected":false},"featured_media":8299,"comment_status":"open","ping_status":"closed","template":"","meta":[],"product_cat":[227,232],"product_tag":[],"brands":[{"id":312,"name":"ARENA","slug":"arena"}],"_links":{"self":[{"href":"https:\/\/crawl.es\/ca\/wp-json\/wp\/v2\/product\/12698"}],"collection":[{"href":"https:\/\/crawl.es\/ca\/wp-json\/wp\/v2\/product"}],"about":[{"href":"https:\/\/crawl.es\/ca\/wp-json\/wp\/v2\/types\/product"}],"replies":[{"embeddable":true,"href":"https:\/\/crawl.es\/ca\/wp-json\/wp\/v2\/comments?post=12698"}],"wp:featuredmedia":[{"embeddable":true,"href":"https:\/\/crawl.es\/ca\/wp-json\/wp\/v2\/media\/8299"}],"wp:attachment":[{"href":"https:\/\/crawl.es\/ca\/wp-json\/wp\/v2\/media?parent=12698"}],"wp:term":[{"taxonomy":"product_cat","embeddable":true,"href":"https:\/\/crawl.es\/ca\/wp-json\/wp\/v2\/product_cat?post=12698"},{"taxonomy":"product_tag","embeddable":true,"href":"https:\/\/crawl.es\/ca\/wp-json\/wp\/v2\/product_tag?post=12698"}],"curies":[{"name":"wp","href":"https:\/\/api.w.org\/{rel}","templated":true}]}}