{"id":12701,"date":"2024-03-25T09:57:55","date_gmt":"2024-03-25T09:57:55","guid":{"rendered":"https:\/\/crawl.es\/producto\/speedo-banyador-dona-allover-digital-lattice-tie-back-crawl\/"},"modified":"2024-03-25T09:57:55","modified_gmt":"2024-03-25T09:57:55","slug":"speedo-banyador-dona-allover-digital-lattice-tie-back-crawl","status":"publish","type":"product","link":"https:\/\/crawl.es\/ca\/producto\/speedo-banyador-dona-allover-digital-lattice-tie-back-crawl\/","title":{"rendered":"SPEEDO BANYADOR DONA Allover Digital Lattice Tie-back | Crawl"},"content":{"rendered":"<p>El banyador Speedo Solid Lattice One Piece per a dona \u00e9s perfecte per lluir estil durant les teves sessions de nataci\u00f3 m\u00e9s intenses. Aquest vestit de bany compta amb tirants entramats a l&#8217;esquena, ajustables i de forma intricada, que brinden una flexibilitat de moviment immillorable. A m\u00e9s, el seu disseny estampat tricolor et permet nedar amb estil mentre superes les marques. Aquest banyador tamb\u00e9 presenta una banda de goma sota el bust per a una subjecci\u00f3 lleugera, camals de tall extraalt per a una m\u00e0xima llibertat de moviment i un folre davanter que proporciona comoditat i evita transpar\u00e8ncies. Confeccionat al nostre teixit Endurance+, resistent i d&#8217;assecat r\u00e0pid, aquest banyador \u00e9s 100% resistent al clor. A m\u00e9s, part dels fils utilitzats en la seva elaboraci\u00f3 provenen de residus postconsum, com a ampolles de pl\u00e0stic reciclades.<\/p>\n<p>\u00a0<\/p>\n<p>Caracter\u00edstiques:<\/p>\n<p>Tirants entramats a l&#8217;esquena, ajustables<\/p>\n<p>Flexibilitat de moviment immillorable<\/p>\n<p>Subjecci\u00f3 lleugera<\/p>\n<p>Camals de tall extraalt per a una m\u00e0xima llibertat de moviment<\/p>\n<p>Folre davanter<\/p>\n<p>Teixit Endurance+, resistent i d&#8217;assecat r\u00e0pid<\/p>\n<p>100% resistent al clor<\/p>\n<p>Materials reciclats<\/p>\n","protected":false},"excerpt":{"rendered":"<p>El banyador Speedo Solid Lattice One Piece per a dona \u00e9s perfecte per lluir estil durant les teves sessions de nataci\u00f3 m\u00e9s intenses. Aquest vestit de bany compta amb tirants entramats a l&#8217;esquena, ajustables i de forma intricada.<\/p>\n","protected":false},"featured_media":12658,"comment_status":"open","ping_status":"closed","template":"","meta":[],"product_cat":[227,232,234],"product_tag":[],"brands":[{"id":307,"name":"Speedo","slug":"speedo"}],"_links":{"self":[{"href":"https:\/\/crawl.es\/ca\/wp-json\/wp\/v2\/product\/12701"}],"collection":[{"href":"https:\/\/crawl.es\/ca\/wp-json\/wp\/v2\/product"}],"about":[{"href":"https:\/\/crawl.es\/ca\/wp-json\/wp\/v2\/types\/product"}],"replies":[{"embeddable":true,"href":"https:\/\/crawl.es\/ca\/wp-json\/wp\/v2\/comments?post=12701"}],"wp:featuredmedia":[{"embeddable":true,"href":"https:\/\/crawl.es\/ca\/wp-json\/wp\/v2\/media\/12658"}],"wp:attachment":[{"href":"https:\/\/crawl.es\/ca\/wp-json\/wp\/v2\/media?parent=12701"}],"wp:term":[{"taxonomy":"product_cat","embeddable":true,"href":"https:\/\/crawl.es\/ca\/wp-json\/wp\/v2\/product_cat?post=12701"},{"taxonomy":"product_tag","embeddable":true,"href":"https:\/\/crawl.es\/ca\/wp-json\/wp\/v2\/product_tag?post=12701"}],"curies":[{"name":"wp","href":"https:\/\/api.w.org\/{rel}","templated":true}]}}