{"id":12705,"date":"2025-03-17T10:54:07","date_gmt":"2024-03-23T10:54:07","guid":{"rendered":"https:\/\/crawl.es\/producto\/arena-aletes-powerfin-pro-ii-crawl-2\/"},"modified":"2025-01-27T11:48:58","modified_gmt":"2025-01-27T11:48:58","slug":"arena-aletes-powerfin-pro-ii-crawl-2","status":"publish","type":"product","link":"https:\/\/crawl.es\/ca\/producto\/arena-aletes-powerfin-pro-ii-crawl-2\/","title":{"rendered":"ARENA Aletes Powerfin Pro II | CRAWL"},"content":{"rendered":"<p>Millora la teva t\u00e8cnica de puntada de peu i la for\u00e7a de la part inferior del cos amb les aletes Powerfin Pro II. Estan dissenyades amb una pala curta i inclinada per maximitzar l&#8217;empenta cap endavant, mentre que l&#8217;obertura oberta del tal\u00f3 i la puntera garanteixen flexibilitat, puntades de peu m\u00e9s r\u00e0pides i comoditat. Personalitzades per al peu esquerre i dret, cada aleta t\u00e9 els laterals estriats per millorar el control.<\/p>\n<p>\u00a0<\/p>\n<p>Caracter\u00edstiques destacables:<\/p>\n<p>&#8211; Pala curta i inclinada: Maximitza l&#8217;empenta cap endavant<\/p>\n<p>&#8211; Obertura oberta del tal\u00f3 i la puntera: Garanteix flexibilitat i comoditat.<\/p>\n<p>&#8211; Disseny personalitzat: Adaptades per al peu esquerre i dret.<\/p>\n<p>&#8211; Laterals estriats: Milloren el control durant les puntades de peu.<\/p>\n<p>\u00a0<\/p>\n<p>\u00das recomanat:<\/p>\n<p>Ideals per nedadors que busquen millorar la seva t\u00e8cnica de puntada de peu i la for\u00e7a de la part inferior del cos. Perfectes per a entrenaments intensius i sessions de millora t\u00e8cnica.<\/p>\n<p>\u00a0<\/p>\n<p>No perdis l&#8217;oportunitat de millorar el teu rendiment amb les ARENA Aletes Powerfin Pro II de CRAWL. Compra ara i porta la teva t\u00e8cnica de nataci\u00f3 al seg\u00fcent nivell!<\/p>\n","protected":false},"excerpt":{"rendered":"<p>Compra les ARENA Aletes Powerfin Pro II a CRAWL. Millora la teva t\u00e8cnica de puntada de peu i la for\u00e7a de la part inferior del cos. Dissenyades per a m\u00e0xima flexibilitat i comoditat.<\/p>\n","protected":false},"featured_media":8283,"comment_status":"open","ping_status":"closed","template":"","meta":[],"product_cat":[134,139],"product_tag":[],"brands":[{"id":312,"name":"ARENA","slug":"arena"}],"_links":{"self":[{"href":"https:\/\/crawl.es\/ca\/wp-json\/wp\/v2\/product\/12705"}],"collection":[{"href":"https:\/\/crawl.es\/ca\/wp-json\/wp\/v2\/product"}],"about":[{"href":"https:\/\/crawl.es\/ca\/wp-json\/wp\/v2\/types\/product"}],"replies":[{"embeddable":true,"href":"https:\/\/crawl.es\/ca\/wp-json\/wp\/v2\/comments?post=12705"}],"wp:featuredmedia":[{"embeddable":true,"href":"https:\/\/crawl.es\/ca\/wp-json\/wp\/v2\/media\/8283"}],"wp:attachment":[{"href":"https:\/\/crawl.es\/ca\/wp-json\/wp\/v2\/media?parent=12705"}],"wp:term":[{"taxonomy":"product_cat","embeddable":true,"href":"https:\/\/crawl.es\/ca\/wp-json\/wp\/v2\/product_cat?post=12705"},{"taxonomy":"product_tag","embeddable":true,"href":"https:\/\/crawl.es\/ca\/wp-json\/wp\/v2\/product_tag?post=12705"}],"curies":[{"name":"wp","href":"https:\/\/api.w.org\/{rel}","templated":true}]}}