{"id":12709,"date":"2024-03-15T17:39:28","date_gmt":"2024-03-15T17:39:28","guid":{"rendered":"https:\/\/crawl.es\/producto\/arena-powerskin-st-next-dona-esquena-oberta-crawl\/"},"modified":"2024-03-15T17:39:28","modified_gmt":"2024-03-15T17:39:28","slug":"arena-powerskin-st-next-dona-esquena-oberta-crawl","status":"publish","type":"product","link":"https:\/\/crawl.es\/ca\/producto\/arena-powerskin-st-next-dona-esquena-oberta-crawl\/","title":{"rendered":"Arena Powerskin ST Next Dona Esquena Oberta | Crawl"},"content":{"rendered":"<p>Powerskin ST Next amb esquena oberta per a dona \u00e9s el primer vestit t\u00e8cnic del m\u00f3n aprovat per la FINA que inclou teixit reciclat en el disseny. M\u00e9s del 60 % del material utilitzat procedeix de residus t\u00e8xtils pre i postconsum que, altrament, haurien acabat als abocadors. Aquesta versi\u00f3 renovada del ST \u00e9s m\u00e9s duradora i un 20% m\u00e9s lleugera per a una nataci\u00f3 m\u00e9s r\u00e0pida i una resist\u00e8ncia m\u00ednima. Amb costures planes i tirants refor\u00e7ats, experimenta comoditat, subjecci\u00f3 i sensaci\u00f3 d&#8217;elevaci\u00f3 a l&#8217;aigua. Dissenyat per aconseguir un equilibri \u00f2ptim entre compressi\u00f3 i facilitat d&#8217;\u00fas, \u00e9s el banyador t\u00e8cnic perfecte per iniciar-se a la nataci\u00f3 o per a entrenaments avan\u00e7ats. Disponible en una gamma de colors frescos i actuals.<\/p>\n<p>\u00a0<\/p>\n<p>Competici\u00f3<\/p>\n<p>Creat per a la precisi\u00f3 i el rendiment hidrodin\u00e0mic a l&#8217;aigua.<\/p>\n<p>\u00a0<\/p>\n<p>60% de teixit reciclat<\/p>\n<p>Teixit innovador fabricat parcialment amb materials reciclats.<\/p>\n<p>\u00a0<\/p>\n<p>Costures planes<\/p>\n<p>Teixit unit costat a costat amb costures planes perqu\u00e8 no abulti.<\/p>\n<p>\u00a0<\/p>\n<p>Instruccions de cura<\/p>\n<p>Per poder garantir que el seu vestit de bany ARENA mantingui les prestacions de forma \u00f2ptima al llarg del temps us recomanem seguir les recomanacions seg\u00fcents:<\/p>\n<p>\u00a0<\/p>\n<p>Aclarir en aigua dol\u00e7a despr\u00e9s de fer servir;<\/p>\n<p>No deixeu durant molt de temps el vestit de bany humit dins d&#8217;una bossa o d&#8217;un embolcall tancat;<\/p>\n<p>\u00a0<\/p>\n<p>No deixeu el vestit de bany humit exposat al sol durant molt de temps dins d&#8217;una bossa o d&#8217;un embolcall tancat;<\/p>\n<p>\u00a0<\/p>\n<p>Rentar amb sabons per a roba delicada;<\/p>\n<p>\u00a0<\/p>\n<p>IMPORTANT: PRODUCTE PERSONALITZAT, NO ES POT RETORNAR.<\/p>\n","protected":false},"excerpt":{"rendered":"<p>Amb el vestit de bany Arena Powerskin ST Next per a dona, gaudeix d&#8217;un rendiment excepcional. Fet amb m\u00e9s del 60% de material reciclat, \u00e9s lleuger, durador i amb costures planes per a m\u00e9s comoditat. Ideal per a competici\u00f3 i entrenaments avan\u00e7ats.<\/p>\n<p>Ref: 731202<\/p>\n","protected":false},"featured_media":8226,"comment_status":"open","ping_status":"closed","template":"","meta":[],"product_cat":[227],"product_tag":[],"brands":[{"id":312,"name":"ARENA","slug":"arena"}],"_links":{"self":[{"href":"https:\/\/crawl.es\/ca\/wp-json\/wp\/v2\/product\/12709"}],"collection":[{"href":"https:\/\/crawl.es\/ca\/wp-json\/wp\/v2\/product"}],"about":[{"href":"https:\/\/crawl.es\/ca\/wp-json\/wp\/v2\/types\/product"}],"replies":[{"embeddable":true,"href":"https:\/\/crawl.es\/ca\/wp-json\/wp\/v2\/comments?post=12709"}],"wp:featuredmedia":[{"embeddable":true,"href":"https:\/\/crawl.es\/ca\/wp-json\/wp\/v2\/media\/8226"}],"wp:attachment":[{"href":"https:\/\/crawl.es\/ca\/wp-json\/wp\/v2\/media?parent=12709"}],"wp:term":[{"taxonomy":"product_cat","embeddable":true,"href":"https:\/\/crawl.es\/ca\/wp-json\/wp\/v2\/product_cat?post=12709"},{"taxonomy":"product_tag","embeddable":true,"href":"https:\/\/crawl.es\/ca\/wp-json\/wp\/v2\/product_tag?post=12709"}],"curies":[{"name":"wp","href":"https:\/\/api.w.org\/{rel}","templated":true}]}}