{"id":12713,"date":"2024-03-15T16:59:53","date_gmt":"2024-03-15T16:59:53","guid":{"rendered":"https:\/\/crawl.es\/producto\/arena-powerskin-carbon-core-fx-jammer-home-365730-banyador-de-competicio-crawl\/"},"modified":"2024-03-15T16:59:53","modified_gmt":"2024-03-15T16:59:53","slug":"arena-powerskin-carbon-core-fx-jammer-home-365730-banyador-de-competicio-crawl","status":"publish","type":"product","link":"https:\/\/crawl.es\/ca\/producto\/arena-powerskin-carbon-core-fx-jammer-home-365730-banyador-de-competicio-crawl\/","title":{"rendered":"Arena Powerskin Carbon Core FX Jammer Home 365730 | Banyador de Competici\u00f3 | Crawl"},"content":{"rendered":"<p>La manera com et sents a l&#8217;aigua t\u00e9 un gran impacte a la cursa. El banyador Powerskin Carbon Core FX Jammers est\u00e0 dissenyat per a una sensaci\u00f3 de m\u00e0xima for\u00e7a. Aquest vestit de bany comprimeix intensament, oxigenant grups de m\u00fasculs espec\u00edfics que treballen durant la nataci\u00f3. Est\u00e0 fet a base de roba amb bandes horitzontals i verticals que s&#8217;enganxen al cos. Les l\u00ednies paral\u00b7leles i les cintes dobles a la part posterior de les cames ajuden a mantenir una posici\u00f3 elevada i horitzontal a l&#8217;aigua, fins quan est\u00e0s cansat. Sent suport i estabilitat a l&#8217;interior amb el sistema d&#8217;embenat. A punt per guanyar!<\/p>\n<p>\u00a0<\/p>\n<p>IMPORTANT: PRODUCTE PERSONALITZAT, NO S&#8217;ADMET CANVIS NI DEVOLUCIONS NI REEMBORSAMENT.<\/p>\n","protected":false},"excerpt":{"rendered":"<p>Impulsa el teu rendiment amb el vestit de bany Arena Powerskin Carbon Core FX Jammer per a home, dissenyat per a nedadors professionals i d&#8217;alt nivell. Amb una compressi\u00f3 optimitzada, aquest jammer ofereix suport avan\u00e7at per als m\u00fasculs, millorant la posici\u00f3 a l&#8217;aigua i l&#8217;estabilitat. La tecnologia de carboni millora l&#8217;elasticitat i la resist\u00e8ncia, mentre que la construcci\u00f3 d&#8217;alta gamma redueix la fricci\u00f3 i maximitza la velocitat. Ideal per a competicions, amb una excel\u00b7lent durabilitat al clor. Compra ara i porta el teu rendiment aqu\u00e0tic al seg\u00fcent nivell!<\/p>\n","protected":false},"featured_media":8213,"comment_status":"open","ping_status":"closed","template":"","meta":[],"product_cat":[147,152],"product_tag":[],"brands":[{"id":312,"name":"ARENA","slug":"arena"}],"_links":{"self":[{"href":"https:\/\/crawl.es\/ca\/wp-json\/wp\/v2\/product\/12713"}],"collection":[{"href":"https:\/\/crawl.es\/ca\/wp-json\/wp\/v2\/product"}],"about":[{"href":"https:\/\/crawl.es\/ca\/wp-json\/wp\/v2\/types\/product"}],"replies":[{"embeddable":true,"href":"https:\/\/crawl.es\/ca\/wp-json\/wp\/v2\/comments?post=12713"}],"wp:featuredmedia":[{"embeddable":true,"href":"https:\/\/crawl.es\/ca\/wp-json\/wp\/v2\/media\/8213"}],"wp:attachment":[{"href":"https:\/\/crawl.es\/ca\/wp-json\/wp\/v2\/media?parent=12713"}],"wp:term":[{"taxonomy":"product_cat","embeddable":true,"href":"https:\/\/crawl.es\/ca\/wp-json\/wp\/v2\/product_cat?post=12713"},{"taxonomy":"product_tag","embeddable":true,"href":"https:\/\/crawl.es\/ca\/wp-json\/wp\/v2\/product_tag?post=12713"}],"curies":[{"name":"wp","href":"https:\/\/api.w.org\/{rel}","templated":true}]}}