{"id":12715,"date":"2024-03-15T16:43:48","date_gmt":"2024-03-15T16:43:48","guid":{"rendered":"https:\/\/crawl.es\/producto\/arena-powerskin-carbon-air2-dona-competicio-esquena-tancada-crawl\/"},"modified":"2024-03-15T16:43:48","modified_gmt":"2024-03-15T16:43:48","slug":"arena-powerskin-carbon-air2-dona-competicio-esquena-tancada-crawl","status":"publish","type":"product","link":"https:\/\/crawl.es\/ca\/producto\/arena-powerskin-carbon-air2-dona-competicio-esquena-tancada-crawl\/","title":{"rendered":"Arena Powerskin Carbon Air2 Dona Competici\u00f3 Esquena Tancada | Crawl"},"content":{"rendered":"<p>Vestit t\u00e8cnic per a dona. Powerskin Carbon-AIR\u00b2 porta Carbon Air al seg\u00fcent nivell gr\u00e0cies a una capa sense costures i un innovador folre de tres peces. Hem creat la capa externa amb un material provinent de la tecnologia de carboni i una prestaci\u00f3 doble: lleugeresa i compressi\u00f3 muscular just on cal. El nou tipus de folre incrementa la flexibilitat i augmenta el rang de mobilitat. Aquesta pe\u00e7a, que cobreix fins al genoll i ha estat testada amb nedadors de competici\u00f3, \u00e9s c\u00f2moda i f\u00e0cil de portar fins i tot per a llargues dist\u00e0ncies. El seu estil d\u02bbesquena tancada ofereix una subjecci\u00f3 excepcional a la part superior del cos. A m\u00e9s, hem afegit uns tirants especials que redueixen la pressi\u00f3 sobre l&#8217;esquena. Gaudeix d\u00b4una hidrodin\u00e0mica, una comoditat i una flexibilitat millorades gr\u00e0cies a aquesta incomparable pe\u00e7a.<\/p>\n<p>\u00a0<\/p>\n<p>Composici\u00f3 del material<\/p>\n<p>65% Poliamida 34% Elast\u00e0 1% Fibra de Carboni<\/p>\n<p>\u00a0<\/p>\n<p>Instruccions de cura<\/p>\n<p>Per poder garantir que el seu vestit de bany ARENA mantingui les prestacions de forma \u00f2ptima al llarg del temps us recomanem seguir les recomanacions seg\u00fcents:<\/p>\n<p>\u00a0<\/p>\n<p>esbandir en aigua dol\u00e7a despr\u00e9s d&#8217;usar;<\/p>\n<p>no deixeu durant molt de temps el vestit de bany humit dins d&#8217;una bossa o d&#8217;un embolcall tancat;<\/p>\n<p>no deixar el vestit de bany humit exposat al sol durant molt de temps dins una bossa o un embolcall tancat;<\/p>\n<p>rentar amb sabons per a roba delicada;<\/p>\n<p>deixar assecar de forma natural allunyat de tota font de calor.<\/p>\n<p>\u00a0<\/p>\n<p>Seguir les instruccions de rentat indicades a l&#8217;etiqueta de la pe\u00e7a.<\/p>\n<p>IMPORTANT: PRODUCTE PERSONALITZAT, NO ES POT RETORNAR.<\/p>\n","protected":false},"excerpt":{"rendered":"<p>Maximitza el teu rendiment amb el banyador t\u00e8cnic Arena Powerskin Carbon Air2 per a dona. El seu innovador disseny de carboni ofereix lleugeresa, compressi\u00f3 i flexibilitat excepcionals, ideal per a competicions i llargues dist\u00e0ncies. Esquena tancada per a una subjecci\u00f3 superior.<\/p>\n","protected":false},"featured_media":9787,"comment_status":"open","ping_status":"closed","template":"","meta":[],"product_cat":[227,232],"product_tag":[],"brands":[{"id":312,"name":"ARENA","slug":"arena"}],"_links":{"self":[{"href":"https:\/\/crawl.es\/ca\/wp-json\/wp\/v2\/product\/12715"}],"collection":[{"href":"https:\/\/crawl.es\/ca\/wp-json\/wp\/v2\/product"}],"about":[{"href":"https:\/\/crawl.es\/ca\/wp-json\/wp\/v2\/types\/product"}],"replies":[{"embeddable":true,"href":"https:\/\/crawl.es\/ca\/wp-json\/wp\/v2\/comments?post=12715"}],"wp:featuredmedia":[{"embeddable":true,"href":"https:\/\/crawl.es\/ca\/wp-json\/wp\/v2\/media\/9787"}],"wp:attachment":[{"href":"https:\/\/crawl.es\/ca\/wp-json\/wp\/v2\/media?parent=12715"}],"wp:term":[{"taxonomy":"product_cat","embeddable":true,"href":"https:\/\/crawl.es\/ca\/wp-json\/wp\/v2\/product_cat?post=12715"},{"taxonomy":"product_tag","embeddable":true,"href":"https:\/\/crawl.es\/ca\/wp-json\/wp\/v2\/product_tag?post=12715"}],"curies":[{"name":"wp","href":"https:\/\/api.w.org\/{rel}","templated":true}]}}