{"id":12762,"date":"2024-02-20T17:36:03","date_gmt":"2024-02-20T17:36:03","guid":{"rendered":"https:\/\/crawl.es\/producto\/powerskin-st-next-jammer-home-banyador-de-competicio-arena-crawl\/"},"modified":"2024-02-20T17:36:03","modified_gmt":"2024-02-20T17:36:03","slug":"powerskin-st-next-jammer-home-banyador-de-competicio-arena-crawl","status":"publish","type":"product","link":"https:\/\/crawl.es\/ca\/producto\/powerskin-st-next-jammer-home-banyador-de-competicio-arena-crawl\/","title":{"rendered":"Powerskin ST Next Jammer Home | Banyador de Competici\u00f3 Arena | Crawl"},"content":{"rendered":"<p>Res m\u00e9s r\u00e0pid, res pensant en el futur. El banyador de nataci\u00f3 estil jammer per a home powerskin ST next est\u00e0 confeccionat en un 60% amb materials procedents de residus t\u00e8xtils pre i postconsum. El primer banyador de competici\u00f3 aprovat per la FINA que incorpora materials reciclats en el teixit, aquest nou ST \u00e9s un 20% m\u00e9s lleuger, cosa que minimitza l&#8217;absorci\u00f3 d&#8217;aigua i la resist\u00e8ncia. Dissenyat per estilitzar el cos i donar suport amb una lleugera compressi\u00f3, t\u00e9 costures planes intel\u00b7ligents que ajuden a mantenir una millor posici\u00f3 del cos a l&#8217;aigua. F\u00e0cils de posar, recomanem encaridament aquests jammers com a primer vestit t\u00e8cnic. Disponible en una gamma de colors frescos.<\/p>\n<p>\u00a0<\/p>\n<p>IMPORTANT: PRODUCTE PERSONALITZAT, NO ES POT RETORNAR.<\/p>\n","protected":false},"excerpt":{"rendered":"<p>Porta el teu rendiment al seg\u00fcent nivell amb el Powerskin ST Next Jammer per a home, el primer banyador de competici\u00f3 aprovat per la FINA que incorpora materials reciclats. Amb un 60% de fibres reciclades, \u00e9s un 20% m\u00e9s lleuger, reduint la resist\u00e8ncia i l&#8217;absorci\u00f3 d&#8217;aigua. El seu disseny de compressi\u00f3 lleugera estilitza el cos i optimitza la teva postura a l&#8217;aigua, mentre que les costures planes intel\u00b7ligents milloren la comoditat. Ideal per a nedadors que busquen el seu primer vestit t\u00e8cnic. Compra ara i res cap al futur amb el banyador m\u00e9s innovador!<\/p>\n","protected":false},"featured_media":8052,"comment_status":"open","ping_status":"closed","template":"","meta":[],"product_cat":[147,152],"product_tag":[],"brands":[{"id":312,"name":"ARENA","slug":"arena"}],"_links":{"self":[{"href":"https:\/\/crawl.es\/ca\/wp-json\/wp\/v2\/product\/12762"}],"collection":[{"href":"https:\/\/crawl.es\/ca\/wp-json\/wp\/v2\/product"}],"about":[{"href":"https:\/\/crawl.es\/ca\/wp-json\/wp\/v2\/types\/product"}],"replies":[{"embeddable":true,"href":"https:\/\/crawl.es\/ca\/wp-json\/wp\/v2\/comments?post=12762"}],"wp:featuredmedia":[{"embeddable":true,"href":"https:\/\/crawl.es\/ca\/wp-json\/wp\/v2\/media\/8052"}],"wp:attachment":[{"href":"https:\/\/crawl.es\/ca\/wp-json\/wp\/v2\/media?parent=12762"}],"wp:term":[{"taxonomy":"product_cat","embeddable":true,"href":"https:\/\/crawl.es\/ca\/wp-json\/wp\/v2\/product_cat?post=12762"},{"taxonomy":"product_tag","embeddable":true,"href":"https:\/\/crawl.es\/ca\/wp-json\/wp\/v2\/product_tag?post=12762"}],"curies":[{"name":"wp","href":"https:\/\/api.w.org\/{rel}","templated":true}]}}