{"id":12765,"date":"2024-02-20T15:24:44","date_gmt":"2024-02-20T15:24:44","guid":{"rendered":"https:\/\/crawl.es\/producto\/neopre-curt-head-ow-multix-vs-2-5-man-esports-aquatics-crawl\/"},"modified":"2024-02-20T15:24:44","modified_gmt":"2024-02-20T15:24:44","slug":"neopre-curt-head-ow-multix-vs-2-5-man-esports-aquatics-crawl","status":"publish","type":"product","link":"https:\/\/crawl.es\/ca\/producto\/neopre-curt-head-ow-multix-vs-2-5-man-esports-aquatics-crawl\/","title":{"rendered":"Neopr\u00e8 Curt HEAD OW Multix VS 2.5 Man | Esports Aqu\u00e0tics | Crawl"},"content":{"rendered":"<p>Vestit complet curt per a tota mena d&#8217;activitats aqu\u00e0tiques. Un vestit extremadament durador i c\u00f2mode, amb bra\u00e7os i cames curts. Perfecte per als que busquen un vestit per nedar, practicar snorkel, surf, rem, barranquisme i altres esports aqu\u00e0tics impressionants. Un vestit b\u00e0sic i funcional de neopr\u00e8 recobert de nil\u00f3 de 2,5 mm que proporciona una bona flexibilitat i una excel\u00b7lent durabilitat. Perfil de coll baix per a m\u00e9s comoditat. Cremallera est\u00e0ndard orientada cap enrere. Panell del darrere verd fluor per a una major visibilitat a l&#8217;aigua.<\/p>\n","protected":false},"excerpt":{"rendered":"<p>Gaudeix de la m\u00e0xima comoditat i durabilitat amb el Neopr\u00e8 Curt HEAD OW Multix VS 2.5 per a home, ideal per nedar, fer snorkel, surf, rem i m\u00e9s. Amb un gruix de 2,5 mm i recobert de nil\u00f3, ofereix gran flexibilitat i resist\u00e8ncia. El seu perfil de coll baix assegura m\u00e9s comoditat, mentre que el panell del darrere verd fluor millora la visibilitat a l&#8217;aigua. Perfecte per als que busquen un vestit funcional i d&#8217;alt rendiment per a tot tipus d&#8217;activitats aqu\u00e0tiques. Compra ara i explora l\u00b4aigua amb confian\u00e7a!<\/p>\n","protected":false},"featured_media":8042,"comment_status":"open","ping_status":"closed","template":"","meta":[],"product_cat":[148,147],"product_tag":[],"brands":[{"id":23,"name":"Head","slug":"head"}],"_links":{"self":[{"href":"https:\/\/crawl.es\/ca\/wp-json\/wp\/v2\/product\/12765"}],"collection":[{"href":"https:\/\/crawl.es\/ca\/wp-json\/wp\/v2\/product"}],"about":[{"href":"https:\/\/crawl.es\/ca\/wp-json\/wp\/v2\/types\/product"}],"replies":[{"embeddable":true,"href":"https:\/\/crawl.es\/ca\/wp-json\/wp\/v2\/comments?post=12765"}],"wp:featuredmedia":[{"embeddable":true,"href":"https:\/\/crawl.es\/ca\/wp-json\/wp\/v2\/media\/8042"}],"wp:attachment":[{"href":"https:\/\/crawl.es\/ca\/wp-json\/wp\/v2\/media?parent=12765"}],"wp:term":[{"taxonomy":"product_cat","embeddable":true,"href":"https:\/\/crawl.es\/ca\/wp-json\/wp\/v2\/product_cat?post=12765"},{"taxonomy":"product_tag","embeddable":true,"href":"https:\/\/crawl.es\/ca\/wp-json\/wp\/v2\/product_tag?post=12765"}],"curies":[{"name":"wp","href":"https:\/\/api.w.org\/{rel}","templated":true}]}}