{"id":12767,"date":"2024-02-20T10:20:42","date_gmt":"2024-02-20T10:20:42","guid":{"rendered":"https:\/\/crawl.es\/producto\/speedo-petate-printed-sac-equip-crawl\/"},"modified":"2024-02-20T10:20:42","modified_gmt":"2024-02-20T10:20:42","slug":"speedo-petate-printed-sac-equip-crawl","status":"publish","type":"product","link":"https:\/\/crawl.es\/ca\/producto\/speedo-petate-printed-sac-equip-crawl\/","title":{"rendered":"Speedo Petate Printed Sac Equip | CRAWL"},"content":{"rendered":"<p>El petate de malla cl\u00e0ssica t\u00e9 un disseny simple que \u00e9s gran i espai\u00f3s. Ideal per portar els accessoris d&#8217;entrenament de nataci\u00f3 a la piscina, est\u00e0 fet de roba de malla per a un excel\u00b7lent drenatge i ventilaci\u00f3. Perfecte per mantenir el teu equip sec i ben ventilat.<\/p>\n<p>\u00a0<\/p>\n<p>Caracter\u00edstiques destacables:<\/p>\n<p>&#8211; Gran i espai\u00f3s: Ideal per portar tots els teus accessoris de nataci\u00f3.<\/p>\n<p>&#8211; Tela de malla: Permet un excel\u00b7lent drenatge i ventilaci\u00f3 per assecar r\u00e0pidament el teu equip.<\/p>\n<p>&#8211; Versatilitat: Perfecte per a \u00fas diari a la piscina.<\/p>\n<p>\u00a0<\/p>\n<p>Especificacions:<\/p>\n<p>&#8211; Dimensions: Llarg: 680 mm x Ample: 490 mm.<\/p>\n<p>&#8211; Volum: 35 litres.<\/p>\n<p>\u00a0<\/p>\n<p>\u00das recomanat:<\/p>\n<p>Perfecte per a nedadors que necessiten un petate espai\u00f3s i ventilat per als accessoris d&#8217;entrenament. Ideal per mantenir el teu equip sec i organitzat.<\/p>\n<p>\u00a0<\/p>\n<p>No perdis l&#8217;oportunitat d&#8217;adquirir el Speedo Petate Printed Saco Equip de CRAWL. Compra ara i mantingues el teu equip de nataci\u00f3 en perfectes condicions!<\/p>\n","protected":false},"excerpt":{"rendered":"<p>Compra el Speedo Petate Printed Saco Equip a CRAWL. Gran, espai\u00f3s i fet de malla per a un excel\u00b7lent drenatge i ventilaci\u00f3. Dimensions: 680 x 490 mm, Volum: 35 litres.<\/p>\n","protected":false},"featured_media":8036,"comment_status":"open","ping_status":"closed","template":"","meta":[],"product_cat":[142],"product_tag":[],"brands":[{"id":307,"name":"Speedo","slug":"speedo"}],"_links":{"self":[{"href":"https:\/\/crawl.es\/ca\/wp-json\/wp\/v2\/product\/12767"}],"collection":[{"href":"https:\/\/crawl.es\/ca\/wp-json\/wp\/v2\/product"}],"about":[{"href":"https:\/\/crawl.es\/ca\/wp-json\/wp\/v2\/types\/product"}],"replies":[{"embeddable":true,"href":"https:\/\/crawl.es\/ca\/wp-json\/wp\/v2\/comments?post=12767"}],"wp:featuredmedia":[{"embeddable":true,"href":"https:\/\/crawl.es\/ca\/wp-json\/wp\/v2\/media\/8036"}],"wp:attachment":[{"href":"https:\/\/crawl.es\/ca\/wp-json\/wp\/v2\/media?parent=12767"}],"wp:term":[{"taxonomy":"product_cat","embeddable":true,"href":"https:\/\/crawl.es\/ca\/wp-json\/wp\/v2\/product_cat?post=12767"},{"taxonomy":"product_tag","embeddable":true,"href":"https:\/\/crawl.es\/ca\/wp-json\/wp\/v2\/product_tag?post=12767"}],"curies":[{"name":"wp","href":"https:\/\/api.w.org\/{rel}","templated":true}]}}