{"id":12768,"date":"2024-02-19T17:07:21","date_gmt":"2024-02-19T17:07:21","guid":{"rendered":"https:\/\/crawl.es\/producto\/banyador-speedo-dona-estampat-integral-digital-lligat-esquena-club-training-negre-blanc-crawl\/"},"modified":"2024-02-19T17:07:21","modified_gmt":"2024-02-19T17:07:21","slug":"banyador-speedo-dona-estampat-integral-digital-lligat-esquena-club-training-negre-blanc-crawl","status":"publish","type":"product","link":"https:\/\/crawl.es\/ca\/producto\/banyador-speedo-dona-estampat-integral-digital-lligat-esquena-club-training-negre-blanc-crawl\/","title":{"rendered":"Banyador Speedo Dona Estampat Integral Digital, Lligat Esquena Club Training Negre\/Blanc &#8211; Crawl"},"content":{"rendered":"<p>Encap\u00e7ala els teus entrenaments en equip amb aquest vestit de bany lligat a l&#8217;esquena, decorat amb un estampat inspirat en els cl\u00e0ssics banderins a quadres. Aquest model, dotat d\u00b4un folre de color viu i intens tant a la part davantera com al\u00b4esquena, combina un disseny de lligar al\u00b4esquena amb tirants totalment ajustables amb uns camals de tall molt alt per oferir la m\u00e0xima flexibilitat, estil i comoditat . Aquest model est\u00e0 confeccionat amb el nostre teixit Endurance+, un teixit resistent i d&#8217;assecat r\u00e0pid, 100% resistent al clor. A m\u00e9s, un dels fils que componen aquest teixit est\u00e0 \u00edntegrament elaborat a base de residus postconsum, com a ampolles de pl\u00e0stic reciclades.<\/p>\n<p>\u00a0<\/p>\n<p>Disseny lligat a l&#8217;esquena amb tirants totalment ajustables que aporta m\u00e9s seguretat i comoditat, alhora que garanteix la m\u00e0xima flexibilitat.<\/p>\n<p>Compta amb camals molt alts per garantir la m\u00e0xima llibertat de moviment mentre nedes a qualsevol estil.<\/p>\n<p>Folre integral en un color cridaner per oferir comoditat i discreci\u00f3.<\/p>\n<p>Teixit 100% resistent al clor per maximitzar la durabilitat de la pe\u00e7a i contribuir a la preservaci\u00f3 dels colors, que romandran m\u00e9s brillants durant m\u00e9s temps.<\/p>\n<p>Tecnologia d&#8217;assecatge r\u00e0pid per agilitzar-ne l&#8217;assecatge despr\u00e9s de nedar.<\/p>\n<p>Un dels fils del teixit \u00edntegrament elaborat a base de residus postconsum, com a ampolles de pl\u00e0stic reciclades.<\/p>\n","protected":false},"excerpt":{"rendered":"<p>Descobreix el banyador Speedo per a dona amb estampat integral digital i lligat a l&#8217;esquena. Disseny Club Training Negre\/Blanc, perfecte per a entrenaments intensos. Ideal per a nedadores que busquen confort, resist\u00e8ncia i estil a les seves sessions. Gaudeix d&#8217;un ajustament segur i comoditat total amb l&#8217;innovador teixit Speedo. Optimitza el teu rendiment a l&#8217;aigua!<\/p>\n<p>REF: 8-00341281000<\/p>\n","protected":false},"featured_media":7945,"comment_status":"open","ping_status":"closed","template":"","meta":[],"product_cat":[228,227,231,232,234],"product_tag":[],"brands":[{"id":307,"name":"Speedo","slug":"speedo"}],"_links":{"self":[{"href":"https:\/\/crawl.es\/ca\/wp-json\/wp\/v2\/product\/12768"}],"collection":[{"href":"https:\/\/crawl.es\/ca\/wp-json\/wp\/v2\/product"}],"about":[{"href":"https:\/\/crawl.es\/ca\/wp-json\/wp\/v2\/types\/product"}],"replies":[{"embeddable":true,"href":"https:\/\/crawl.es\/ca\/wp-json\/wp\/v2\/comments?post=12768"}],"wp:featuredmedia":[{"embeddable":true,"href":"https:\/\/crawl.es\/ca\/wp-json\/wp\/v2\/media\/7945"}],"wp:attachment":[{"href":"https:\/\/crawl.es\/ca\/wp-json\/wp\/v2\/media?parent=12768"}],"wp:term":[{"taxonomy":"product_cat","embeddable":true,"href":"https:\/\/crawl.es\/ca\/wp-json\/wp\/v2\/product_cat?post=12768"},{"taxonomy":"product_tag","embeddable":true,"href":"https:\/\/crawl.es\/ca\/wp-json\/wp\/v2\/product_tag?post=12768"}],"curies":[{"name":"wp","href":"https:\/\/api.w.org\/{rel}","templated":true}]}}