{"id":12770,"date":"2024-02-19T17:01:19","date_gmt":"2024-02-19T17:01:19","guid":{"rendered":"https:\/\/crawl.es\/producto\/banyador-dona-esquena-v-estampat-digital-club-training-blau-vermell-crawl\/"},"modified":"2024-02-19T17:01:19","modified_gmt":"2024-02-19T17:01:19","slug":"banyador-dona-esquena-v-estampat-digital-club-training-blau-vermell-crawl","status":"publish","type":"product","link":"https:\/\/crawl.es\/ca\/producto\/banyador-dona-esquena-v-estampat-digital-club-training-blau-vermell-crawl\/","title":{"rendered":"Banyador Dona Esquena V Estampat Digital Club Training Blau\/Vermell | Crawl"},"content":{"rendered":"<p>Entrena amb estil amb aquest vestit de bany Superstar amb esquena en \u00abV\u00bb, el qual combina un fons de quadres blaus amb un cridaner gr\u00e0fic d&#8217;estrelles amb el nostre logotip Boom. C\u00f2mode i senzill, aquest banyador combina una esquena en forma de \u00abV\u00bb amb uns camals de tall extraalt per oferir-te la m\u00e0xima llibertat de moviment a l&#8217;aigua, independentment de com siguin d&#8217;intensos els teus entrenaments, i aix\u00ed puguis nedar sense cap mena de restriccions . El disseny es completa amb un folre davanter en un intens color cobalt per oferir un \u00f2ptim nivell de comoditat i evitar qualsevol tipus de transpar\u00e8ncies. Aquest model est\u00e0 confeccionat amb el nostre teixit Endurance+, un teixit resistent i d&#8217;assecat r\u00e0pid, 100% resistent al clor. A m\u00e9s, un dels fils que componen aquest teixit est\u00e0 \u00edntegrament elaborat a base de residus postconsum, com a ampolles de pl\u00e0stic reciclades.<\/p>\n<p>\u00a0<\/p>\n<p>Esquena en V i cama molt alta: un disseny molt senzill i c\u00f2mode per garantir la m\u00e0xima llibertat de moviment.<\/p>\n<p>Folre davanter en un color cridaner per oferir comoditat i discreci\u00f3.<\/p>\n<p>Teixit 100% resistent al clor per maximitzar la durabilitat de la pe\u00e7a i contribuir a la preservaci\u00f3 dels colors, que romandran m\u00e9s brillants durant m\u00e9s temps.<\/p>\n<p>Tecnologia d&#8217;assecatge r\u00e0pid per agilitzar-ne l&#8217;assecatge despr\u00e9s de nedar.<\/p>\n<p>Un dels fils del teixit \u00edntegrament elaborat a base de residus postconsum, com a ampolles de pl\u00e0stic reciclades.<\/p>\n","protected":false},"excerpt":{"rendered":"<p>Entrena amb estil amb el banyador dona esquena a \u00abV\u00bb Club Training. Estampat digital en blau i vermell amb logo Boom. Confeccionat amb teixit Endurance+ 100% resistent al clor, c\u00f2mode i d&#8217;assecat r\u00e0pid. Tall extraalt per a m\u00e0xima llibertat de moviment. Ideal per a entrenaments intensius.<\/p>\n<p>Ref. 83165625<\/p>\n","protected":false},"featured_media":7933,"comment_status":"open","ping_status":"closed","template":"","meta":[],"product_cat":[227,231,232],"product_tag":[],"brands":[{"id":307,"name":"Speedo","slug":"speedo"}],"_links":{"self":[{"href":"https:\/\/crawl.es\/ca\/wp-json\/wp\/v2\/product\/12770"}],"collection":[{"href":"https:\/\/crawl.es\/ca\/wp-json\/wp\/v2\/product"}],"about":[{"href":"https:\/\/crawl.es\/ca\/wp-json\/wp\/v2\/types\/product"}],"replies":[{"embeddable":true,"href":"https:\/\/crawl.es\/ca\/wp-json\/wp\/v2\/comments?post=12770"}],"wp:featuredmedia":[{"embeddable":true,"href":"https:\/\/crawl.es\/ca\/wp-json\/wp\/v2\/media\/7933"}],"wp:attachment":[{"href":"https:\/\/crawl.es\/ca\/wp-json\/wp\/v2\/media?parent=12770"}],"wp:term":[{"taxonomy":"product_cat","embeddable":true,"href":"https:\/\/crawl.es\/ca\/wp-json\/wp\/v2\/product_cat?post=12770"},{"taxonomy":"product_tag","embeddable":true,"href":"https:\/\/crawl.es\/ca\/wp-json\/wp\/v2\/product_tag?post=12770"}],"curies":[{"name":"wp","href":"https:\/\/api.w.org\/{rel}","templated":true}]}}