{"id":12772,"date":"2024-02-19T16:52:19","date_gmt":"2024-02-19T16:52:19","guid":{"rendered":"https:\/\/crawl.es\/producto\/banyador-llis-dona-esquena-v-solid-blau-vermell-crawl\/"},"modified":"2024-02-19T16:52:19","modified_gmt":"2024-02-19T16:52:19","slug":"banyador-llis-dona-esquena-v-solid-blau-vermell-crawl","status":"publish","type":"product","link":"https:\/\/crawl.es\/ca\/producto\/banyador-llis-dona-esquena-v-solid-blau-vermell-crawl\/","title":{"rendered":"Banyador Llis Dona Esquena V Solid Blau\/Vermell | Crawl"},"content":{"rendered":"<p>Aporta un toc de color a les teves sessions de piscina amb aquest banyador cl\u00e0ssic amb esquena a \u00abV\u00bb, el qual combina un disseny llis de color blau raig amb uns tirants blancs en contrast. C\u00f2mode i senzill, aquest banyador combina una esquena en forma de \u00abV\u00bb amb uns camals de tall molt alt per oferir-te la m\u00e0xima llibertat de moviment en els teus entrenaments, i aix\u00ed puguis nedar sense cap mena de restriccions. El disseny es completa amb un folre davanter de color vermell s\u00edndria per garantir m\u00e9s comoditat i evitar possibles transpar\u00e8ncies. Aquest model est\u00e0 confeccionat amb el nostre teixit Endurance+, un teixit resistent i d&#8217;assecat r\u00e0pid, 100% resistent al clor. A m\u00e9s, un dels fils que componen aquest teixit est\u00e0 \u00edntegrament elaborat a base de residus postconsum, com a ampolles de pl\u00e0stic reciclades.<\/p>\n<p>\u00a0<\/p>\n<p>Folre davanter en un vist\u00f3s color per oferir comoditat i discreci\u00f3.<\/p>\n<p>Teixit 100% resistent al clor per maximitzar la durabilitat de la pe\u00e7a i contribuir a la preservaci\u00f3 dels colors, que romandran m\u00e9s brillants durant m\u00e9s temps.<\/p>\n<p>Tecnologia d&#8217;assecatge r\u00e0pid per agilitzar-ne l&#8217;assecatge despr\u00e9s de nedar.<\/p>\n<p>Un dels fils del teixit \u00edntegrament elaborat a base de residus postconsum, com a ampolles de pl\u00e0stic reciclades.<\/p>\n","protected":false},"excerpt":{"rendered":"<p>Gaudeix de la comoditat i l&#8217;estil amb el banyador llis dona amb esquena a \u00abV\u00bb Solid en blau\/vermell. Ideal per a entrenaments intensius, amb teixit Endurance+ resistent al clor i d&#8217;assecat r\u00e0pid. Disseny cl\u00e0ssic i elegant per a m\u00e0xima llibertat de moviment.<\/p>\n<p>Ref. 83160025<\/p>\n","protected":false},"featured_media":7914,"comment_status":"open","ping_status":"closed","template":"","meta":[],"product_cat":[228,227,231,232],"product_tag":[],"brands":[{"id":307,"name":"Speedo","slug":"speedo"}],"_links":{"self":[{"href":"https:\/\/crawl.es\/ca\/wp-json\/wp\/v2\/product\/12772"}],"collection":[{"href":"https:\/\/crawl.es\/ca\/wp-json\/wp\/v2\/product"}],"about":[{"href":"https:\/\/crawl.es\/ca\/wp-json\/wp\/v2\/types\/product"}],"replies":[{"embeddable":true,"href":"https:\/\/crawl.es\/ca\/wp-json\/wp\/v2\/comments?post=12772"}],"wp:featuredmedia":[{"embeddable":true,"href":"https:\/\/crawl.es\/ca\/wp-json\/wp\/v2\/media\/7914"}],"wp:attachment":[{"href":"https:\/\/crawl.es\/ca\/wp-json\/wp\/v2\/media?parent=12772"}],"wp:term":[{"taxonomy":"product_cat","embeddable":true,"href":"https:\/\/crawl.es\/ca\/wp-json\/wp\/v2\/product_cat?post=12772"},{"taxonomy":"product_tag","embeddable":true,"href":"https:\/\/crawl.es\/ca\/wp-json\/wp\/v2\/product_tag?post=12772"}],"curies":[{"name":"wp","href":"https:\/\/api.w.org\/{rel}","templated":true}]}}