{"id":12784,"date":"2024-02-07T18:18:59","date_gmt":"2024-02-07T18:18:59","guid":{"rendered":"https:\/\/crawl.es\/producto\/tovallola-coto-microfibra-145x100-artistic-waves-crawl\/"},"modified":"2024-02-07T18:18:59","modified_gmt":"2024-02-07T18:18:59","slug":"tovallola-coto-microfibra-145x100-artistic-waves-crawl","status":"publish","type":"product","link":"https:\/\/crawl.es\/ca\/producto\/tovallola-coto-microfibra-145x100-artistic-waves-crawl\/","title":{"rendered":"Tovallola Cot\u00f3-Microfibra (145&#215;100) Artistic-Waves | CRAWL"},"content":{"rendered":"<p>Les millors tovalloles de piscina. El teixit de microfibra i el cot\u00f3 utilitzat en aquesta tovallola s\u00f3n de primera qualitat, permetent aix\u00ed un assecat r\u00e0pid i una perfecta resist\u00e8ncia al clor. De la mateixa manera, aquestes tovalloles s\u00f3n molt lleugeres i ocupen poc espai a l&#8217;hora de guardar a qualsevol bossa o motxilla.<\/p>\n<p>\u00a0<\/p>\n<p>Caracter\u00edstiques destacables:<\/p>\n<p>&#8211; Assecat r\u00e0pid: Gr\u00e0cies al teixit de microfibra i cot\u00f3 d&#8217;alta qualitat.<\/p>\n<p>&#8211; Resist\u00e8ncia al clor: Ideal per a \u00fas en piscines.<\/p>\n<p>&#8211; Lleugera i compacta: F\u00e0cil de guardar a qualsevol bossa o motxilla.<\/p>\n<p>&#8211; \u00das professional: Utilitzades per esportistes d&#8217;elit de la selecci\u00f3 espanyola, dels Estats Units, Austr\u00e0lia, entre molts altres equips nacionals de primer nivell.<\/p>\n<p>\u00a0<\/p>\n<p>Dimensions:<\/p>\n<p>&#8211; 145 x 100 cm.<\/p>\n<p>\u00a0<\/p>\n<p>\u00das recomanat:<\/p>\n<p>Perfecta per a esportistes que busquen una tovallola d&#8217;alta qualitat amb excel\u00b7lent absorci\u00f3 i assecat r\u00e0pid. Ideal per fer servir en piscines i altres entorns aqu\u00e0tics.<\/p>\n<p>\u00a0<\/p>\n<p>No perdis l&#8217;oportunitat de tenir la Tovallola Cot\u00f3-Microfibra (145&#215;100) Artistic-Waves de CRAWL. Compra ara i gaudeix de la qualitat i el rendiment!<\/p>\n","protected":false},"excerpt":{"rendered":"<p>Compra la Toalla Algod\u00f3n-Microfibra (145&#215;100) Artistic-Waves en CRAWL. Secado r\u00e1pido y resistencia al cloro. Utilizada por deportistas de \u00e9lite.<\/p>\n","protected":false},"featured_media":9863,"comment_status":"open","ping_status":"closed","template":"","meta":[],"product_cat":[134,145],"product_tag":[],"brands":[{"id":22,"name":"Turbo","slug":"turbo"}],"_links":{"self":[{"href":"https:\/\/crawl.es\/ca\/wp-json\/wp\/v2\/product\/12784"}],"collection":[{"href":"https:\/\/crawl.es\/ca\/wp-json\/wp\/v2\/product"}],"about":[{"href":"https:\/\/crawl.es\/ca\/wp-json\/wp\/v2\/types\/product"}],"replies":[{"embeddable":true,"href":"https:\/\/crawl.es\/ca\/wp-json\/wp\/v2\/comments?post=12784"}],"wp:featuredmedia":[{"embeddable":true,"href":"https:\/\/crawl.es\/ca\/wp-json\/wp\/v2\/media\/9863"}],"wp:attachment":[{"href":"https:\/\/crawl.es\/ca\/wp-json\/wp\/v2\/media?parent=12784"}],"wp:term":[{"taxonomy":"product_cat","embeddable":true,"href":"https:\/\/crawl.es\/ca\/wp-json\/wp\/v2\/product_cat?post=12784"},{"taxonomy":"product_tag","embeddable":true,"href":"https:\/\/crawl.es\/ca\/wp-json\/wp\/v2\/product_tag?post=12784"}],"curies":[{"name":"wp","href":"https:\/\/api.w.org\/{rel}","templated":true}]}}