{"id":12788,"date":"2025-02-26T16:12:30","date_gmt":"2024-02-01T16:12:30","guid":{"rendered":"https:\/\/crawl.es\/producto\/banyador-slip-turbo-home-headmaori-shadow-crawl\/"},"modified":"2025-02-27T10:06:50","modified_gmt":"2025-02-27T10:06:50","slug":"banyador-slip-turbo-home-headmaori-shadow-crawl","status":"publish","type":"product","link":"https:\/\/crawl.es\/ca\/producto\/banyador-slip-turbo-home-headmaori-shadow-crawl\/","title":{"rendered":"Short de Cintura Baixa per a Home ARENA One Big Logo \/ CRAWL"},"content":{"rendered":"<p data-start=\"46\" data-end=\"525\">Presentem el nostre Short de Cintura Baixa per a Home Arena One Big Logo, una elegant combinaci\u00f3 de disseny innovador i eleg\u00e0ncia atl\u00e8tica. Confeccionat a partir d\u2019una sola pe\u00e7a de teixit, aquest banyador presenta una \u00fanica costura a la part posterior, cosa que redueix la resist\u00e8ncia i millora la comoditat. L\u2019acabat en contrast i el logotip atrevit afegeixen un toc cridaner i esportiu a aquest estil destacat. Posa-te\u2019l per a la nataci\u00f3 intensiva o l\u2019entrenament competitiu.<\/p>\n<p data-start=\"527\" data-end=\"941\"><strong data-start=\"527\" data-end=\"537\">Teixit<\/strong><br data-start=\"537\" data-end=\"540\" \/>MaxLife Eco \u00e9s el nostre nou teixit per a banyadors, produ\u00eft a partir de fonts gestionades de manera responsable, que ofereix la m\u00e0xima resist\u00e8ncia al clor i un rendiment durador. Fabricat amb almenys un 50 % de poli\u00e8ster reciclat procedent d\u2019ampolles de pl\u00e0stic, aquest material innovador s\u2019adapta perfectament i mant\u00e9 la forma amb el pas del temps. Incorpora protecci\u00f3 UV 50+ i \u00e9s d\u2019assecat r\u00e0pid.<\/p>\n","protected":false},"excerpt":{"rendered":"<p>Presentem el nostre Short de Cintura Baixa per a Home Arena One Big Logo, una elegant combinaci\u00f3 de disseny innovador i eleg\u00e0ncia atl\u00e8tica. Confeccionat a partir d\u2019una sola pe\u00e7a de teixit, aquest banyador presenta una \u00fanica costura a la part posterior, cosa que redueix la&#8230;<\/p>\n","protected":false},"featured_media":13743,"comment_status":"open","ping_status":"closed","template":"","meta":[],"product_cat":[148,147,151,152,154],"product_tag":[],"brands":[{"id":312,"name":"ARENA","slug":"arena"}],"_links":{"self":[{"href":"https:\/\/crawl.es\/ca\/wp-json\/wp\/v2\/product\/12788"}],"collection":[{"href":"https:\/\/crawl.es\/ca\/wp-json\/wp\/v2\/product"}],"about":[{"href":"https:\/\/crawl.es\/ca\/wp-json\/wp\/v2\/types\/product"}],"replies":[{"embeddable":true,"href":"https:\/\/crawl.es\/ca\/wp-json\/wp\/v2\/comments?post=12788"}],"wp:featuredmedia":[{"embeddable":true,"href":"https:\/\/crawl.es\/ca\/wp-json\/wp\/v2\/media\/13743"}],"wp:attachment":[{"href":"https:\/\/crawl.es\/ca\/wp-json\/wp\/v2\/media?parent=12788"}],"wp:term":[{"taxonomy":"product_cat","embeddable":true,"href":"https:\/\/crawl.es\/ca\/wp-json\/wp\/v2\/product_cat?post=12788"},{"taxonomy":"product_tag","embeddable":true,"href":"https:\/\/crawl.es\/ca\/wp-json\/wp\/v2\/product_tag?post=12788"}],"curies":[{"name":"wp","href":"https:\/\/api.w.org\/{rel}","templated":true}]}}