{"id":12792,"date":"2024-02-01T15:41:33","date_gmt":"2024-02-01T15:41:33","guid":{"rendered":"https:\/\/crawl.es\/producto\/banyador-turbo-nena-waterpolo-crawl\/"},"modified":"2024-02-01T15:41:33","modified_gmt":"2024-02-01T15:41:33","slug":"banyador-turbo-nena-waterpolo-crawl","status":"publish","type":"product","link":"https:\/\/crawl.es\/ca\/producto\/banyador-turbo-nena-waterpolo-crawl\/","title":{"rendered":"Banyador Turbo Nena Waterpolo | CRAWL"},"content":{"rendered":"<p>Aquest banyador Turbo est\u00e0 especialment dissenyat per a la pr\u00e0ctica del Waterpolo. Disponible en rosa i taronja, est\u00e0 confeccionat amb el millor teixit del mercat amb un doble folre davanter. \u00c9s resistent al clor de la piscina i als raigs UV, per la qual cosa la intensitat dels colors es mant\u00e9 amb l&#8217;\u00fas repetit en el temps.<\/p>\n<p>\u00a0<\/p>\n<p>Caracter\u00edstiques destacables:<\/p>\n<p>&#8211; Costures refor\u00e7ades.<\/p>\n<p>&#8211; Folre davanter complet.<\/p>\n<p>&#8211; Resistent al clor.<\/p>\n<p>&#8211; Colors duradors.<\/p>\n<p>&#8211; Composici\u00f3: 55% poli\u00e8ster PBT, 45% poli\u00e8ster.<\/p>\n<p>\u00a0<\/p>\n<p>\u00das recomanat:<\/p>\n<p>&#8211; Perfecte per a la pr\u00e0ctica del Waterpolo com a banyador d&#8217;entrenament. Gr\u00e0cies a la seva gran adaptabilitat al cos, no arrossega aigua en nedar i \u00e9s una opci\u00f3 comod\u00edssima per a \u00fas diari.<\/p>\n<p>\u00a0<\/p>\n<p>Nota: Aquest article t\u00e9 un tallatge m\u00e9s petit del que \u00e9s habitual, per la qual cosa es recomana optar per una talla superior al que \u00e9s habitual.<\/p>\n<p>\u00a0<\/p>\n<p>No perdis l&#8217;oportunitat de millorar la teva experi\u00e8ncia a l&#8217;aigua amb el Banyador Turbo Nena Waterpolo de CRAWL. Compra ara i gaudeix d\u00b4una nataci\u00f3 superior!<\/p>\n","protected":false},"excerpt":{"rendered":"<p>Compra el Banyador Turbo Nena Waterpolo a CRAWL. Disponible en rosa i taronja, resistent al clor i als raigs UV.<\/p>\n<p>Ref: 8934822<\/p>\n","protected":false},"featured_media":7834,"comment_status":"open","ping_status":"closed","template":"","meta":[],"product_cat":[156,160],"product_tag":[],"brands":[{"id":22,"name":"Turbo","slug":"turbo"}],"_links":{"self":[{"href":"https:\/\/crawl.es\/ca\/wp-json\/wp\/v2\/product\/12792"}],"collection":[{"href":"https:\/\/crawl.es\/ca\/wp-json\/wp\/v2\/product"}],"about":[{"href":"https:\/\/crawl.es\/ca\/wp-json\/wp\/v2\/types\/product"}],"replies":[{"embeddable":true,"href":"https:\/\/crawl.es\/ca\/wp-json\/wp\/v2\/comments?post=12792"}],"wp:featuredmedia":[{"embeddable":true,"href":"https:\/\/crawl.es\/ca\/wp-json\/wp\/v2\/media\/7834"}],"wp:attachment":[{"href":"https:\/\/crawl.es\/ca\/wp-json\/wp\/v2\/media?parent=12792"}],"wp:term":[{"taxonomy":"product_cat","embeddable":true,"href":"https:\/\/crawl.es\/ca\/wp-json\/wp\/v2\/product_cat?post=12792"},{"taxonomy":"product_tag","embeddable":true,"href":"https:\/\/crawl.es\/ca\/wp-json\/wp\/v2\/product_tag?post=12792"}],"curies":[{"name":"wp","href":"https:\/\/api.w.org\/{rel}","templated":true}]}}