{"id":12796,"date":"2024-02-01T15:18:22","date_gmt":"2024-02-01T15:18:22","guid":{"rendered":"https:\/\/crawl.es\/producto\/banador-mujer-waterpolo-turbo-crawl\/"},"modified":"2024-02-01T15:18:22","modified_gmt":"2024-02-01T15:18:22","slug":"banador-mujer-waterpolo-turbo-crawl","status":"publish","type":"product","link":"https:\/\/crawl.es\/ca\/producto\/banador-mujer-waterpolo-turbo-crawl\/","title":{"rendered":"Banyador Dona Waterpolo Turbo | CRAWL"},"content":{"rendered":"<p>El Banyador Dona Waterpolo Turbo est\u00e0 especialment dissenyat per a la pr\u00e0ctica del waterpolo. Confeccionat amb el millor teixit del mercat i un doble folre davanter, \u00e9s resistent al clor de la piscina i als raigs UV. La intensitat dels seus colors es mant\u00e9 amb l&#8217;\u00fas repetit en el temps, i \u00e9s considerat un dels banyadors m\u00e9s resistents del m\u00f3n.<\/p>\n<p>\u00a0<\/p>\n<p>Caracter\u00edstiques destacables:<\/p>\n<p>&#8211; Costures refor\u00e7ades.<\/p>\n<p>&#8211; Folre davanter complet.<\/p>\n<p>&#8211; Resistent al clor.<\/p>\n<p>&#8211; Colors duradors.<\/p>\n<p>&#8211; Composici\u00f3: 55% poli\u00e8ster PBT, 45% poli\u00e8ster.<\/p>\n<p>\u00a0<\/p>\n<p>\u00das recomanat:<\/p>\n<p>Perfecte per a la pr\u00e0ctica del waterpolo com a banyador d&#8217;entrenament. Gr\u00e0cies a la seva gran adaptabilitat al cos, no arrossega aigua en nedar, cosa que el converteix en una opci\u00f3 comod\u00edssima per a l&#8217;\u00fas diari.<\/p>\n<p>\u00a0<\/p>\n<p>*Aquest article t\u00e9 un tallatge m\u00e9s petit del que \u00e9s habitual, per la qual cosa recomanem optar per una talla superior al que \u00e9s habitual.<\/p>\n<p>\u00a0<\/p>\n<p>No perdis l&#8217;oportunitat d&#8217;adquirir el Banyador Dona Waterpolo Turbo de CRAWL. Compra ara i gaudeix de la millor qualitat a les teves activitats aqu\u00e0tiques!<\/p>\n","protected":false},"excerpt":{"rendered":"<p>Compra el Banyador Dona Waterpolo Turbo a CRAWL. Resistent al clor i als raigs UV.<\/p>\n<p>Disponible a: Verd, Blau, Blau fosc, Vermell, Negre i Taronja<\/p>\n<p>Ref: 89348.<\/p>\n","protected":false},"featured_media":7823,"comment_status":"open","ping_status":"closed","template":"","meta":[],"product_cat":[227,235],"product_tag":[],"brands":[{"id":22,"name":"Turbo","slug":"turbo"}],"_links":{"self":[{"href":"https:\/\/crawl.es\/ca\/wp-json\/wp\/v2\/product\/12796"}],"collection":[{"href":"https:\/\/crawl.es\/ca\/wp-json\/wp\/v2\/product"}],"about":[{"href":"https:\/\/crawl.es\/ca\/wp-json\/wp\/v2\/types\/product"}],"replies":[{"embeddable":true,"href":"https:\/\/crawl.es\/ca\/wp-json\/wp\/v2\/comments?post=12796"}],"wp:featuredmedia":[{"embeddable":true,"href":"https:\/\/crawl.es\/ca\/wp-json\/wp\/v2\/media\/7823"}],"wp:attachment":[{"href":"https:\/\/crawl.es\/ca\/wp-json\/wp\/v2\/media?parent=12796"}],"wp:term":[{"taxonomy":"product_cat","embeddable":true,"href":"https:\/\/crawl.es\/ca\/wp-json\/wp\/v2\/product_cat?post=12796"},{"taxonomy":"product_tag","embeddable":true,"href":"https:\/\/crawl.es\/ca\/wp-json\/wp\/v2\/product_tag?post=12796"}],"curies":[{"name":"wp","href":"https:\/\/api.w.org\/{rel}","templated":true}]}}