{"id":12806,"date":"2024-01-29T16:26:52","date_gmt":"2024-01-29T16:26:52","guid":{"rendered":"https:\/\/crawl.es\/producto\/powerskin-carbon-air2-dona-esquena-oberta-negre-crawl\/"},"modified":"2024-01-29T16:26:52","modified_gmt":"2024-01-29T16:26:52","slug":"powerskin-carbon-air2-dona-esquena-oberta-negre-crawl","status":"publish","type":"product","link":"https:\/\/crawl.es\/ca\/producto\/powerskin-carbon-air2-dona-esquena-oberta-negre-crawl\/","title":{"rendered":"Powerskin Carbon Air2 Dona Esquena Oberta Negre | Crawl"},"content":{"rendered":"<p>El m\u00e9s lleuger de la s\u00e8rie Carbon, el Powerskin Carbon Air2 de sorra proporciona suport hidrodin\u00e0mic a les nedadores de competici\u00f3. El perfil t\u00e8cnic del vestit est\u00e0 format per una sola pe\u00e7a de teixit, que treballa per reduir la pressi\u00f3 a la zona del maluc, alhora que proporciona una sensaci\u00f3 de confort com si fos una segona pell. L&#8217;abs\u00e8ncia de m\u00faltiples costures fa que el vestit sigui m\u00e9s f\u00e0cil de posar i treure abans i despr\u00e9s de la cursa en comparaci\u00f3 amb altres vestits t\u00e8cnics. La tecnologia Carbon Band, duradora i lleugera, proporciona una lleugera compressi\u00f3 que ajuda a estabilitzar i activar els m\u00fasculs clau, sense sacrificar la comoditat i la flexibilitat. El revestiment intern redueix la pressi\u00f3 a la zona del pit per permetre m\u00e9s amplitud de moviment, i un disseny d&#8217;esquena oberta augmenta encara m\u00e9s aquesta mobilitat eficient.<\/p>\n<p>\u00a0<\/p>\n<p>Composici\u00f3: CAPA EXTERIOR: 65% Poliamida; 34% Elast\u00e0; 1% Fibra de Carbon &#8211; FOLRE INTERIOR: 65% Poliamida; 34% Elast\u00e0; 1% Fibra de Carbon<\/p>\n<p>\u00a0<\/p>\n<p>Rentat: Perqu\u00e8 el teu producte et proporcioni les millors prestacions durant molt de temps, et recomanem que prenguis les precaucions seg\u00fcents &#8211; aclareixi&#8217;l immediatament despr\u00e9s d&#8217;usar-lo, en aigua no clorada; &#8211; no deixeu el banyador mullat en una bossa o un altre recipient durant molt de temps &#8211; no exposeu el banyador mullat en una bossa o un altre recipient a la llum solar directa; &#8211; rentar amb detergents adequats per a roba delicada; &#8211; eixuga&#8217;l a l&#8217;aire lliure i penjat i lluny de fonts de calor. Segueix les instruccions de rentat que figuren a l&#8217;etiqueta del producte. L&#8217;etiqueta cont\u00e9 s\u00edmbols \u00fatils que donen informaci\u00f3 sobre com tenir-ne cura millor.<\/p>\n<p>\u00a0<\/p>\n<p>IMPORTANT: PRODUCTE PERSONALITZAT, NO ES POT RETORNAR.<\/p>\n","protected":false},"excerpt":{"rendered":"<p>El Powerskin Carbon Air2 de Arena per a dona \u00e9s el banyador t\u00e8cnic m\u00e9s lleuger, ideal per a competicions. Amb tecnologia Carbon Band, ofereix suport, compressi\u00f3 i llibertat de moviment, mentre redueix la pressi\u00f3 a les zones clau per a una sensaci\u00f3 de segona pell.<\/p>\n","protected":false},"featured_media":7734,"comment_status":"open","ping_status":"closed","template":"","meta":[],"product_cat":[227],"product_tag":[],"brands":[{"id":312,"name":"ARENA","slug":"arena"}],"_links":{"self":[{"href":"https:\/\/crawl.es\/ca\/wp-json\/wp\/v2\/product\/12806"}],"collection":[{"href":"https:\/\/crawl.es\/ca\/wp-json\/wp\/v2\/product"}],"about":[{"href":"https:\/\/crawl.es\/ca\/wp-json\/wp\/v2\/types\/product"}],"replies":[{"embeddable":true,"href":"https:\/\/crawl.es\/ca\/wp-json\/wp\/v2\/comments?post=12806"}],"wp:featuredmedia":[{"embeddable":true,"href":"https:\/\/crawl.es\/ca\/wp-json\/wp\/v2\/media\/7734"}],"wp:attachment":[{"href":"https:\/\/crawl.es\/ca\/wp-json\/wp\/v2\/media?parent=12806"}],"wp:term":[{"taxonomy":"product_cat","embeddable":true,"href":"https:\/\/crawl.es\/ca\/wp-json\/wp\/v2\/product_cat?post=12806"},{"taxonomy":"product_tag","embeddable":true,"href":"https:\/\/crawl.es\/ca\/wp-json\/wp\/v2\/product_tag?post=12806"}],"curies":[{"name":"wp","href":"https:\/\/api.w.org\/{rel}","templated":true}]}}