{"id":12808,"date":"2024-01-29T15:40:30","date_gmt":"2024-01-29T15:40:30","guid":{"rendered":"https:\/\/crawl.es\/producto\/arena-powerskin-st-next-dona-negre-crawl\/"},"modified":"2024-01-29T15:40:30","modified_gmt":"2024-01-29T15:40:30","slug":"arena-powerskin-st-next-dona-negre-crawl","status":"publish","type":"product","link":"https:\/\/crawl.es\/ca\/producto\/arena-powerskin-st-next-dona-negre-crawl\/","title":{"rendered":"Arena Powerskin ST Next Dona Negre | Crawl"},"content":{"rendered":"<p>La nova generaci\u00f3 mai no havia estat tan extraordin\u00e0ria. Proveu la difer\u00e8ncia amb el vestit de competici\u00f3 renovat per a dona Powerskin ST Next. Es tracta del primer vestit de competici\u00f3 fabricat amb teixits reciclats aprovat per la FINA. Per a un futur respectu\u00f3s amb el medi ambient. El nou teixit \u00e9s significativament m\u00e9s lleuger, m\u00e9s r\u00e0pid i ofereix una comprensi\u00f3 duradora amb una durabilitat millorada. Dissenyat amb costures planes per a un ajustament perfecte i una extraordin\u00e0ria llibertat de moviment.<\/p>\n<p>\u00a0<\/p>\n<p>Composici\u00f3: 71% poliamida, 29% elast\u00e0 (teixit respectu\u00f3s amb el medi ambient: el 65% de la poliamida \u00e9s reciclada)<\/p>\n<p>\u00a0<\/p>\n<p>Rentat: -Rentar a m\u00e0 per separat amb sab\u00f3 suau en aigua freda despr\u00e9s de cada \u00fas-No fer servir lleixiu-No fer servir assecadora-No planxar-No netejar en sec<\/p>\n<p>\u00a0<\/p>\n<p>IMPORTANT: PRODUCTE PERSONALITZAT, NO ES POT RETORNAR.<\/p>\n","protected":false},"excerpt":{"rendered":"<p>L&#8217;Arena Powerskin ST Next per a dona \u00e9s el vestit de competici\u00f3 ideal, dissenyat amb un 60% de material reciclat. Lleuger, durador i amb costures planes, aquest banyador t\u00e8cnic proporciona compressi\u00f3 i suport, perfecte per millorar el teu rendiment a l&#8217;aigua.<\/p>\n","protected":false},"featured_media":7723,"comment_status":"open","ping_status":"closed","template":"","meta":[],"product_cat":[227],"product_tag":[],"brands":[{"id":312,"name":"ARENA","slug":"arena"}],"_links":{"self":[{"href":"https:\/\/crawl.es\/ca\/wp-json\/wp\/v2\/product\/12808"}],"collection":[{"href":"https:\/\/crawl.es\/ca\/wp-json\/wp\/v2\/product"}],"about":[{"href":"https:\/\/crawl.es\/ca\/wp-json\/wp\/v2\/types\/product"}],"replies":[{"embeddable":true,"href":"https:\/\/crawl.es\/ca\/wp-json\/wp\/v2\/comments?post=12808"}],"wp:featuredmedia":[{"embeddable":true,"href":"https:\/\/crawl.es\/ca\/wp-json\/wp\/v2\/media\/7723"}],"wp:attachment":[{"href":"https:\/\/crawl.es\/ca\/wp-json\/wp\/v2\/media?parent=12808"}],"wp:term":[{"taxonomy":"product_cat","embeddable":true,"href":"https:\/\/crawl.es\/ca\/wp-json\/wp\/v2\/product_cat?post=12808"},{"taxonomy":"product_tag","embeddable":true,"href":"https:\/\/crawl.es\/ca\/wp-json\/wp\/v2\/product_tag?post=12808"}],"curies":[{"name":"wp","href":"https:\/\/api.w.org\/{rel}","templated":true}]}}