{"id":12817,"date":"2024-01-29T11:55:39","date_gmt":"2024-01-29T11:55:39","guid":{"rendered":"https:\/\/crawl.es\/producto\/motxilla-arena-spiky-iii-30l-gel-cel-accessoris-natacio-crawl\/"},"modified":"2024-01-29T11:55:39","modified_gmt":"2024-01-29T11:55:39","slug":"motxilla-arena-spiky-iii-30l-gel-cel-accessoris-natacio-crawl","status":"publish","type":"product","link":"https:\/\/crawl.es\/ca\/producto\/motxilla-arena-spiky-iii-30l-gel-cel-accessoris-natacio-crawl\/","title":{"rendered":"Motxilla Arena Spiky III 30L Gel\/Cel | Accessoris Nataci\u00f3 Crawl"},"content":{"rendered":"<p>L&#8217;esportiva motxilla sorra Spiky III 30L \u00e9s ideal per portar les eines d\u00b4entrenament o per al\u00b4escola i el temps lliure. Amb fons repel\u00b7lent a l&#8217;aigua per protegir les teves pertinences. Els dos amplis compartiments principals i una butxaca frontal amb cremallera ofereixen excel\u00b7lents opcions demmagatzematge. Les butxaques laterals de malla addicionals s\u00f3n perfectes per a ampolles d&#8217;aigua o altres equips. Les aplicacions de malla transpirable, el panell del darrere transpirable i els tirants a l&#8217;espatlla encoixinats garanteixen una comoditat excepcional.<\/p>\n<p>Dimensions: 45 x 31 x 20 cm, 30L<\/p>\n<p>Composici\u00f3: 90% nil\u00f3, 10% poli\u00e8ster<\/p>\n","protected":false},"excerpt":{"rendered":"<p>Motxilla Arena Spiky III 30L en colors gel\/cel, ideal per nedadors. Amplis compartiments, disseny c\u00f2mode i resistent. Perfecta per a entrenaments i competicions.<\/p>\n","protected":false},"featured_media":7696,"comment_status":"open","ping_status":"closed","template":"","meta":[],"product_cat":[134,140],"product_tag":[],"brands":[{"id":312,"name":"ARENA","slug":"arena"}],"_links":{"self":[{"href":"https:\/\/crawl.es\/ca\/wp-json\/wp\/v2\/product\/12817"}],"collection":[{"href":"https:\/\/crawl.es\/ca\/wp-json\/wp\/v2\/product"}],"about":[{"href":"https:\/\/crawl.es\/ca\/wp-json\/wp\/v2\/types\/product"}],"replies":[{"embeddable":true,"href":"https:\/\/crawl.es\/ca\/wp-json\/wp\/v2\/comments?post=12817"}],"wp:featuredmedia":[{"embeddable":true,"href":"https:\/\/crawl.es\/ca\/wp-json\/wp\/v2\/media\/7696"}],"wp:attachment":[{"href":"https:\/\/crawl.es\/ca\/wp-json\/wp\/v2\/media?parent=12817"}],"wp:term":[{"taxonomy":"product_cat","embeddable":true,"href":"https:\/\/crawl.es\/ca\/wp-json\/wp\/v2\/product_cat?post=12817"},{"taxonomy":"product_tag","embeddable":true,"href":"https:\/\/crawl.es\/ca\/wp-json\/wp\/v2\/product_tag?post=12817"}],"curies":[{"name":"wp","href":"https:\/\/api.w.org\/{rel}","templated":true}]}}