{"id":12818,"date":"2025-09-29T11:32:01","date_gmt":"2024-01-29T11:32:01","guid":{"rendered":"https:\/\/crawl.es\/producto\/turbo-motxilla-draco-30l-accessoris-natacio-crawl\/"},"modified":"2024-01-29T11:32:01","modified_gmt":"2024-01-29T11:32:01","slug":"turbo-motxilla-draco-30l-accessoris-natacio-crawl","status":"publish","type":"product","link":"https:\/\/crawl.es\/ca\/producto\/turbo-motxilla-draco-30l-accessoris-natacio-crawl\/","title":{"rendered":"Turbo Motxilla Draco 30L | Accessoris Nataci\u00f3 Crawl"},"content":{"rendered":"<p>MOTXILLES PER A NATACI\u00d3<\/p>\n<p>Les motxilles Turbo s\u00f3n l&#8217;elecci\u00f3 perfecta per a nedadors i entusiastes dels esports aqu\u00e0tics que necessiten una motxilla duradora i fiable per portar el vostre equip. Fabricades amb poli\u00e8ster, nil\u00f3 i altres materials de primera qualitat, tots ells materials resistents a l&#8217;aigua, les motxilles Turbo estan dissenyades per suportar les condicions m\u00e9s dures i mantenir les teves pertinences segures i seques. Gr\u00e0cies a la seva gran capacitat i als seus m\u00faltiples compartiments, les motxilles Turbo ofereixen un ampli espai per guardar-hi tot l&#8217;equip de nataci\u00f3, incloses les ulleres de nataci\u00f3, les sand\u00e0lies, les tovalloles i els banyadors. Les motxilles estan especialment dissenyades per satisfer les necessitats dels nedadors, garantint que tot el vostre equip estigui organitzat i sigui f\u00e0cilment accessible.<\/p>\n<p>\u00a0<\/p>\n<p>CARACTER\u00cdSTIQUES DE LES MOTXILLES TURBO<\/p>\n<p>Les motxilles Turbo s\u00f3n perfectes per a una \u00e0mplia gamma d&#8217;esports aqu\u00e0tics, com la nataci\u00f3, el waterpolo, busseig, triatl\u00f3, etc. La seva construcci\u00f3 resistent a l&#8217;aigua garanteix que el seu interior estigui sec, fins i tot quan estiguin exposades a l&#8217;aigua oa la humitat. Les motxilles tamb\u00e9 compten amb corretges ajustables per portar c\u00f2modament i transportar amb facilitat. El que diferencia les motxilles Turbo d&#8217;altres motxilles del mercat \u00e9s la seva excepcional qualitat i durabilitat, cosa que les converteix en una excel\u00b7lent inversi\u00f3 per als nedadors que necessiten una motxilla fiable i duradora. Tenen un preu competitiu, cosa que les converteix en una opci\u00f3 assequible per a aquells que busquen una motxilla d&#8217;alta qualitat a bon preu.<\/p>\n<p>\u00a0<\/p>\n<p>\u00daS RECOMANAT DE LES MOTXILLES TURBO<\/p>\n<p>Les motxilles Turbo s\u00f3n un accessori imprescindible per a qualsevol nedador o aficionat que valori la qualitat, la durabilitat i la practicitat. Amb el seu ampli espai demmagatzematge, materials resistents a laigua i preu immillorable, les motxilles Turbo s\u00f3n la motxilla perfecta per a qualsevol que busqui una soluci\u00f3 fiable i pr\u00e0ctica per portar el seu equip.<\/p>\n","protected":false},"excerpt":{"rendered":"<p>Motxilla Turbo Draco 30L, espaiosa i resistent. Ideal per a nedadors, amb m\u00faltiples compartiments per a organitzaci\u00f3. Perfecta per a entrenaments i competicions.<\/p>\n","protected":false},"featured_media":15073,"comment_status":"open","ping_status":"closed","template":"","meta":[],"product_cat":[134,140],"product_tag":[],"brands":[{"id":22,"name":"Turbo","slug":"turbo"}],"_links":{"self":[{"href":"https:\/\/crawl.es\/ca\/wp-json\/wp\/v2\/product\/12818"}],"collection":[{"href":"https:\/\/crawl.es\/ca\/wp-json\/wp\/v2\/product"}],"about":[{"href":"https:\/\/crawl.es\/ca\/wp-json\/wp\/v2\/types\/product"}],"replies":[{"embeddable":true,"href":"https:\/\/crawl.es\/ca\/wp-json\/wp\/v2\/comments?post=12818"}],"wp:featuredmedia":[{"embeddable":true,"href":"https:\/\/crawl.es\/ca\/wp-json\/wp\/v2\/media\/15073"}],"wp:attachment":[{"href":"https:\/\/crawl.es\/ca\/wp-json\/wp\/v2\/media?parent=12818"}],"wp:term":[{"taxonomy":"product_cat","embeddable":true,"href":"https:\/\/crawl.es\/ca\/wp-json\/wp\/v2\/product_cat?post=12818"},{"taxonomy":"product_tag","embeddable":true,"href":"https:\/\/crawl.es\/ca\/wp-json\/wp\/v2\/product_tag?post=12818"}],"curies":[{"name":"wp","href":"https:\/\/api.w.org\/{rel}","templated":true}]}}