{"id":12832,"date":"2023-12-28T10:32:47","date_gmt":"2023-12-28T10:32:47","guid":{"rendered":"https:\/\/crawl.es\/producto\/ulleres-piscina-arena-air-speed-dark-smoke-black-crawl\/"},"modified":"2023-12-28T10:32:47","modified_gmt":"2023-12-28T10:32:47","slug":"ulleres-piscina-arena-air-speed-dark-smoke-black-crawl","status":"publish","type":"product","link":"https:\/\/crawl.es\/ca\/producto\/ulleres-piscina-arena-air-speed-dark-smoke-black-crawl\/","title":{"rendered":"Ulleres Piscina Arena Air-Speed \u200b\u200bDark Smoke-Black | CRAWL"},"content":{"rendered":"<p>Tots els detalls expliquen quan est\u00e0s competint. Des de la punta del banyador fins a la superf\u00edcie de la gorra. Hem desenvolupat les nostres noves Ulleres Piscina Arena Air-Speed \u200b\u200bDark Smoke-Black perqu\u00e8 et sentis com si no les portessis posades i et concentris a la cursa. Aquestes ulleres de competici\u00f3 tenen segells especials amb una estructura en panell per a una millor adhesi\u00f3 a la cara. Estan dissenyades per encaixar i que no interfereixin amb la teva nataci\u00f3. A m\u00e9s, redueixen la pressi\u00f3 i el potencial dolor a les parts sensibles. Creades amb lents per a una visi\u00f3 lateral expandida, puja de nivell gr\u00e0cies a aquest disseny modern i hidrodin\u00e0mic.<\/p>\n<p>\u00a0<\/p>\n<p>**Caracter\u00edstiques destacables**:<\/p>\n<p>&#8211; Segells especials amb estructura de panell: Millor adhesi\u00f3 i confort.<\/p>\n<p>&#8211; Lents de visi\u00f3 lateral expandida: Millora el teu camp visual.<\/p>\n<p>&#8211; Disseny hidrodin\u00e0mic: Millora el teu rendiment a l&#8217;aigua.<\/p>\n<p>&#8211; Reducci\u00f3 de pressi\u00f3 i dolor: Major comoditat durant llargues sessions.<\/p>\n<p>\u00a0<\/p>\n<p>**Composici\u00f3 del material**:<\/p>\n<p>\u2013 Materials d&#8217;alta qualitat: Garanteixen durabilitat i rendiment.<\/p>\n<p>\u00a0<\/p>\n<p>**\u00das recomanat**:<\/p>\n<p>Aquestes ulleres s\u00f3n perfectes per a qualsevol nedador que busqui rendiment i confort, tant en entrenaments diaris com en competicions. Garanteixen una visi\u00f3 clara i sense mol\u00e8sties, assegurant que puguis concentrar-te a millorar el teu rendiment a cada bra\u00e7ada.<\/p>\n<p>\u00a0<\/p>\n<p>No perdis l&#8217;oportunitat de millorar la teva experi\u00e8ncia a l&#8217;aigua amb les Ulleres Piscina Arena Air-Speed \u200b\u200bDark Smoke-Black de CRAWL. Compra ara i gaudeix d\u00b4una nataci\u00f3 superior!<\/p>\n","protected":false},"excerpt":{"rendered":"<p>Compra les Ulleres Piscina Arena Air-Speed \u200b\u200bDark Smoke-Black a CRAWL. Lents de visi\u00f3 lateral expandida i disseny hidrodin\u00e0mic.<\/p>\n<p>Ref: 36150<\/p>\n","protected":false},"featured_media":7473,"comment_status":"open","ping_status":"closed","template":"","meta":[],"product_cat":[134,135],"product_tag":[],"brands":[{"id":312,"name":"ARENA","slug":"arena"}],"_links":{"self":[{"href":"https:\/\/crawl.es\/ca\/wp-json\/wp\/v2\/product\/12832"}],"collection":[{"href":"https:\/\/crawl.es\/ca\/wp-json\/wp\/v2\/product"}],"about":[{"href":"https:\/\/crawl.es\/ca\/wp-json\/wp\/v2\/types\/product"}],"replies":[{"embeddable":true,"href":"https:\/\/crawl.es\/ca\/wp-json\/wp\/v2\/comments?post=12832"}],"wp:featuredmedia":[{"embeddable":true,"href":"https:\/\/crawl.es\/ca\/wp-json\/wp\/v2\/media\/7473"}],"wp:attachment":[{"href":"https:\/\/crawl.es\/ca\/wp-json\/wp\/v2\/media?parent=12832"}],"wp:term":[{"taxonomy":"product_cat","embeddable":true,"href":"https:\/\/crawl.es\/ca\/wp-json\/wp\/v2\/product_cat?post=12832"},{"taxonomy":"product_tag","embeddable":true,"href":"https:\/\/crawl.es\/ca\/wp-json\/wp\/v2\/product_tag?post=12832"}],"curies":[{"name":"wp","href":"https:\/\/api.w.org\/{rel}","templated":true}]}}