{"id":12834,"date":"2023-12-23T09:47:09","date_gmt":"2023-12-23T09:47:09","guid":{"rendered":"https:\/\/crawl.es\/producto\/pilota-waterpolo-1-toy-turbo-k7-catalunya-2019-crawl\/"},"modified":"2023-12-23T09:47:09","modified_gmt":"2023-12-23T09:47:09","slug":"pilota-waterpolo-1-toy-turbo-k7-catalunya-2019-crawl","status":"publish","type":"product","link":"https:\/\/crawl.es\/ca\/producto\/pilota-waterpolo-1-toy-turbo-k7-catalunya-2019-crawl\/","title":{"rendered":"Pilota Waterpolo-1 Toy Turbo- K7 Catalunya 2019 | CRAWL"},"content":{"rendered":"<p>Les pilotes de waterpolo de Turbo i Kap 7 han estat dissenyades per al waterpolo professional i recreatiu. Alguns dels nostres models s\u00f3n les pilotes oficials de les lligues m\u00e9s exigents i prestigioses del m\u00f3n, oferint la major qualitat del mercat.<\/p>\n<p>\u00a0<\/p>\n<p>Caracter\u00edstiques destacables:<\/p>\n<p>&#8211; Qualitat i fiabilitat: Dissenyades amb la nova tecnologia Ultra Grip Technology, que ofereix un nou patr\u00f3 amb m\u00e9s fricci\u00f3 i goma especial ultra resistent per a una millor subjecci\u00f3.<\/p>\n<p>&#8211; Colors millorats: Per a m\u00e9s resist\u00e8ncia i visibilitat.<\/p>\n<p>&#8211; Control de qualitat: subjecte a estrictes controls per garantir la major qualitat durant el seu \u00fas.<\/p>\n<p>\u00a0<\/p>\n<p>Pilotes de waterpolo professional i amateur:<\/p>\n<p>Disposem d&#8217;una oferta de pilotes de waterpolo molt \u00e0mplia a la nostra web. Pots trobar tant pilotes oficials de les grans lligues com opcions per a amateur i escoles. Totes les opcions s\u00f3n perfectes per a qualsevol tipus de competici\u00f3 o esdeveniment, oferint una gran adher\u00e8ncia i \u00f2ptima subjecci\u00f3 en totes les mides disponibles. A m\u00e9s, estan creades amb el millor cautx\u00fa del mercat, permetent un \u00fas perllongat sense patir danys rellevants.<\/p>\n<p>\u00a0<\/p>\n<p>V\u00e0lvula per a l&#8217;aire:<\/p>\n<p>La nostra gamma de pilotes est\u00e0 dissenyada amb una v\u00e0lvula que s\u00b4adapta a la majoria de tipus de taques i que no permet la sortida de l\u00b4aire des de l\u00b4interior.<\/p>\n<p>\u00a0<\/p>\n<p>No perdis l&#8217;oportunitat d&#8217;adquirir la Pilota Waterpolo-1 Toy Turbo-K7 Catalunya 2019 de CRAWL. Compra ara i gaudeix de la millor qualitat pels teus entrenaments i competicions!<\/p>\n","protected":false},"excerpt":{"rendered":"<p>Compra la Pilota Waterpolo-1 Toy Turbo- K7 Catalunya 2019 a CRAWL. Dissenyada per a waterpolo professional i recreatiu, amb tecnologia Ultra Grip.<\/p>\n<p>Ref: 98170CAT<\/p>\n","protected":false},"featured_media":7463,"comment_status":"open","ping_status":"closed","template":"","meta":[],"product_cat":[134,141],"product_tag":[],"brands":[{"id":22,"name":"Turbo","slug":"turbo"}],"_links":{"self":[{"href":"https:\/\/crawl.es\/ca\/wp-json\/wp\/v2\/product\/12834"}],"collection":[{"href":"https:\/\/crawl.es\/ca\/wp-json\/wp\/v2\/product"}],"about":[{"href":"https:\/\/crawl.es\/ca\/wp-json\/wp\/v2\/types\/product"}],"replies":[{"embeddable":true,"href":"https:\/\/crawl.es\/ca\/wp-json\/wp\/v2\/comments?post=12834"}],"wp:featuredmedia":[{"embeddable":true,"href":"https:\/\/crawl.es\/ca\/wp-json\/wp\/v2\/media\/7463"}],"wp:attachment":[{"href":"https:\/\/crawl.es\/ca\/wp-json\/wp\/v2\/media?parent=12834"}],"wp:term":[{"taxonomy":"product_cat","embeddable":true,"href":"https:\/\/crawl.es\/ca\/wp-json\/wp\/v2\/product_cat?post=12834"},{"taxonomy":"product_tag","embeddable":true,"href":"https:\/\/crawl.es\/ca\/wp-json\/wp\/v2\/product_tag?post=12834"}],"curies":[{"name":"wp","href":"https:\/\/api.w.org\/{rel}","templated":true}]}}