{"id":12869,"date":"2023-12-20T17:12:14","date_gmt":"2023-12-20T17:12:14","guid":{"rendered":"https:\/\/crawl.es\/producto\/speedo-pool-slide-bag-bossa-piscina-crawl\/"},"modified":"2023-12-20T17:12:14","modified_gmt":"2023-12-20T17:12:14","slug":"speedo-pool-slide-bag-bossa-piscina-crawl","status":"publish","type":"product","link":"https:\/\/crawl.es\/ca\/producto\/speedo-pool-slide-bag-bossa-piscina-crawl\/","title":{"rendered":"Speedo Pool Slide Bag Bossa Piscina | CRAWL"},"content":{"rendered":"<p>La Speedo Pool Slide Bag Bossa per a piscina Unisex Adult \u00e9s ideal per portar els teus accessoris de nataci\u00f3 a la piscina. Fabricada amb un teixit lleuger i impermeable, aquesta bossa \u00e9s resistent i duradora. Els enganxalls es poden descordar per aconseguir espai addicional, i compta amb detalls distintius de la marca.<\/p>\n<p>\u00a0<\/p>\n<p>Caracter\u00edstiques destacables:<\/p>\n<p>&#8211; Teixit lleuger i impermeable: Mantingues les teves pertinences seques i segures.<\/p>\n<p>&#8211; Enganxaments ajustables: Descorda per aconseguir espai addicional.<\/p>\n<p>&#8211; Material resistent i durador: Dissenyada per durar.<\/p>\n<p>&#8211; Detalls distintius de la marca: Amb l&#8217;estil caracter\u00edstic de Speedo.<\/p>\n<p>&#8211; Capacitat: 2,6 litres.<\/p>\n<p>\u00a0<\/p>\n<p>\u00das recomanat:<\/p>\n<p>Perfecta per nedadors que necessiten una bossa compacta i eficient per portar els seus accessoris de nataci\u00f3. Ideal per a \u00fas en piscines i entrenaments.<\/p>\n<p>\u00a0<\/p>\n<p>No perdis l&#8217;oportunitat d&#8217;adquirir la Speedo Pool Slide Bag Bossa per a piscina Unisex Adult de CRAWL. Compra ara i porta els teus accessoris de nataci\u00f3 amb estil i comoditat!<\/p>\n","protected":false},"excerpt":{"rendered":"<p>Compra la Speedo Pool Slide Bag Bossa per a piscina Unisex Adult a CRAWL. Lleugera, impermeable i duradora amb capacitat de 2,6 L. Perfecta per portar els teus accessoris de nataci\u00f3.<\/p>\n","protected":false},"featured_media":9924,"comment_status":"open","ping_status":"closed","template":"","meta":[],"product_cat":[134,142],"product_tag":[],"brands":[{"id":307,"name":"Speedo","slug":"speedo"}],"_links":{"self":[{"href":"https:\/\/crawl.es\/ca\/wp-json\/wp\/v2\/product\/12869"}],"collection":[{"href":"https:\/\/crawl.es\/ca\/wp-json\/wp\/v2\/product"}],"about":[{"href":"https:\/\/crawl.es\/ca\/wp-json\/wp\/v2\/types\/product"}],"replies":[{"embeddable":true,"href":"https:\/\/crawl.es\/ca\/wp-json\/wp\/v2\/comments?post=12869"}],"wp:featuredmedia":[{"embeddable":true,"href":"https:\/\/crawl.es\/ca\/wp-json\/wp\/v2\/media\/9924"}],"wp:attachment":[{"href":"https:\/\/crawl.es\/ca\/wp-json\/wp\/v2\/media?parent=12869"}],"wp:term":[{"taxonomy":"product_cat","embeddable":true,"href":"https:\/\/crawl.es\/ca\/wp-json\/wp\/v2\/product_cat?post=12869"},{"taxonomy":"product_tag","embeddable":true,"href":"https:\/\/crawl.es\/ca\/wp-json\/wp\/v2\/product_tag?post=12869"}],"curies":[{"name":"wp","href":"https:\/\/api.w.org\/{rel}","templated":true}]}}