{"id":12870,"date":"2023-12-20T15:56:53","date_gmt":"2023-12-20T15:56:53","guid":{"rendered":"https:\/\/crawl.es\/producto\/speedo-motxilla-saco-printed-xu-35l-crawl\/"},"modified":"2023-12-20T15:56:53","modified_gmt":"2023-12-20T15:56:53","slug":"speedo-motxilla-saco-printed-xu-35l-crawl","status":"publish","type":"product","link":"https:\/\/crawl.es\/ca\/producto\/speedo-motxilla-saco-printed-xu-35l-crawl\/","title":{"rendered":"Speedo Motxilla Saco Printed XU 35L | CRAWL"},"content":{"rendered":"<p>Aquesta bossa de malla t\u00e9 un disseny simple que \u00e9s gran i espai\u00f3s. Ideal per portar ajuts d&#8217;entrenament de nataci\u00f3 a la piscina, est\u00e0 feta de roba de malla per a un gran drenatge i ventilaci\u00f3. Perfecte per mantenir el teu equip sec i ben ventilat.<\/p>\n<p>\u00a0<\/p>\n<p>Caracter\u00edstiques destacables:<\/p>\n<p>&#8211; Gran i espaiosa: Ideal per portar tot el teu kit de nataci\u00f3.<\/p>\n<p>&#8211; Tela de malla: Permet un gran drenatge i ventilaci\u00f3, assegurant que tot el teu equip s&#8217;assequi r\u00e0pidament.<\/p>\n<p>&#8211; Disseny vers\u00e0til: Perfecta per a \u00fas diari a la piscina i entrenaments intensius<\/p>\n<p>\u00a0<\/p>\n<p>Especificacions:<\/p>\n<p>&#8211; Capacitat: 35 litres.<\/p>\n<p>\u00a0<\/p>\n<p>\u00das recomanat:<\/p>\n<p>Perfecta per a nedadors que necessiten una motxilla espaiosa i ventilada per als accessoris d&#8217;entrenament. Ideal per mantenir el teu equip sec i organitzat.<\/p>\n<p>\u00a0<\/p>\n<p>No perdis l&#8217;oportunitat d&#8217;adquirir la Speedo Mochila Saco Printed XU 35L de CRAWL. Compra ara i mantingues el teu equip de nataci\u00f3 en perfectes condicions!<\/p>\n","protected":false},"excerpt":{"rendered":"<p>Compra la Speedo Mochila Saco Printed XU 35L a CRAWL. Gran i espaiosa amb excel\u00b7lent drenatge i ventilaci\u00f3. Ideal per portar ajuts d\u00b4entrenament de nataci\u00f3.<\/p>\n","protected":false},"featured_media":9917,"comment_status":"open","ping_status":"closed","template":"","meta":[],"product_cat":[134,142],"product_tag":[],"brands":[{"id":307,"name":"Speedo","slug":"speedo"}],"_links":{"self":[{"href":"https:\/\/crawl.es\/ca\/wp-json\/wp\/v2\/product\/12870"}],"collection":[{"href":"https:\/\/crawl.es\/ca\/wp-json\/wp\/v2\/product"}],"about":[{"href":"https:\/\/crawl.es\/ca\/wp-json\/wp\/v2\/types\/product"}],"replies":[{"embeddable":true,"href":"https:\/\/crawl.es\/ca\/wp-json\/wp\/v2\/comments?post=12870"}],"wp:featuredmedia":[{"embeddable":true,"href":"https:\/\/crawl.es\/ca\/wp-json\/wp\/v2\/media\/9917"}],"wp:attachment":[{"href":"https:\/\/crawl.es\/ca\/wp-json\/wp\/v2\/media?parent=12870"}],"wp:term":[{"taxonomy":"product_cat","embeddable":true,"href":"https:\/\/crawl.es\/ca\/wp-json\/wp\/v2\/product_cat?post=12870"},{"taxonomy":"product_tag","embeddable":true,"href":"https:\/\/crawl.es\/ca\/wp-json\/wp\/v2\/product_tag?post=12870"}],"curies":[{"name":"wp","href":"https:\/\/api.w.org\/{rel}","templated":true}]}}