{"id":12871,"date":"2023-12-20T15:54:12","date_gmt":"2023-12-20T15:54:12","guid":{"rendered":"https:\/\/crawl.es\/producto\/speedo-petate-motxilla-xarxa-equip-crawl\/"},"modified":"2023-12-20T15:54:12","modified_gmt":"2023-12-20T15:54:12","slug":"speedo-petate-motxilla-xarxa-equip-crawl","status":"publish","type":"product","link":"https:\/\/crawl.es\/ca\/producto\/speedo-petate-motxilla-xarxa-equip-crawl\/","title":{"rendered":"Speedo Petate Motxilla Xarxa Equip | CRAWL"},"content":{"rendered":"<p>La Speedo Petate Mochila Red Equip \u00e9s una bossa de malla amb cord\u00f3, ideal per emmagatzemar material i equipament de piscina. El disseny gran i espai\u00f3s permet portar tot el teu kit de nataci\u00f3 c\u00f2modament. La malla permet un flux d&#8217;aire i drenatge de l&#8217;aigua excel\u00b7lent, assegurant que tot el teu equip s&#8217;assequi r\u00e0pidament.<\/p>\n<p>\u00a0<\/p>\n<p>Caracter\u00edstiques destacables:<\/p>\n<p>&#8211; Gran i espaiosa: Ideal per emmagatzemar tot el teu material de nataci\u00f3.<\/p>\n<p>&#8211; Disseny de malla: Permet el flux d\u02bbaire i el drenatge de l\u02bbaigua per a un assecat r\u00e0pid.<\/p>\n<p>&#8211; Material durador: Fet de 100% poli\u00e8ster per a m\u00e9s durabilitat.<\/p>\n<p>&#8211; Capacitat: 35 litres.<\/p>\n<p>\u00a0<\/p>\n<p>\u00das recomanat:<\/p>\n<p>Perfecte per a nedadors que necessiten una bossa pr\u00e0ctica i eficient per portar el material d&#8217;entrenament a la piscina. Ideal per mantenir el teu equip sec i organitzat.<\/p>\n<p>\u00a0<\/p>\n<p>No perdis l&#8217;oportunitat d&#8217;adquirir la Speedo Petate Mochila Red Equip de CRAWL. Compra ara i porta el teu equipament de nataci\u00f3 amb comoditat i estil!<\/p>\n","protected":false},"excerpt":{"rendered":"<p>Compra la Speedo Petate Mochila Red Equip a CRAWL. Bossa de malla amb cord\u00f3, ideal per emmagatzemar material i equipament de piscina. Capacitat de 35 litres. Assecat r\u00e0pid i duradora.<\/p>\n","protected":false},"featured_media":7415,"comment_status":"open","ping_status":"closed","template":"","meta":[],"product_cat":[134,142],"product_tag":[],"brands":[{"id":307,"name":"Speedo","slug":"speedo"}],"_links":{"self":[{"href":"https:\/\/crawl.es\/ca\/wp-json\/wp\/v2\/product\/12871"}],"collection":[{"href":"https:\/\/crawl.es\/ca\/wp-json\/wp\/v2\/product"}],"about":[{"href":"https:\/\/crawl.es\/ca\/wp-json\/wp\/v2\/types\/product"}],"replies":[{"embeddable":true,"href":"https:\/\/crawl.es\/ca\/wp-json\/wp\/v2\/comments?post=12871"}],"wp:featuredmedia":[{"embeddable":true,"href":"https:\/\/crawl.es\/ca\/wp-json\/wp\/v2\/media\/7415"}],"wp:attachment":[{"href":"https:\/\/crawl.es\/ca\/wp-json\/wp\/v2\/media?parent=12871"}],"wp:term":[{"taxonomy":"product_cat","embeddable":true,"href":"https:\/\/crawl.es\/ca\/wp-json\/wp\/v2\/product_cat?post=12871"},{"taxonomy":"product_tag","embeddable":true,"href":"https:\/\/crawl.es\/ca\/wp-json\/wp\/v2\/product_tag?post=12871"}],"curies":[{"name":"wp","href":"https:\/\/api.w.org\/{rel}","templated":true}]}}