{"id":12875,"date":"2023-12-20T11:48:37","date_gmt":"2023-12-20T11:48:37","guid":{"rendered":"https:\/\/crawl.es\/producto\/arena-petate-bossa-a-teixit-de-malla-team-crawl\/"},"modified":"2023-12-20T11:48:37","modified_gmt":"2023-12-20T11:48:37","slug":"arena-petate-bossa-a-teixit-de-malla-team-crawl","status":"publish","type":"product","link":"https:\/\/crawl.es\/ca\/producto\/arena-petate-bossa-a-teixit-de-malla-team-crawl\/","title":{"rendered":"Arena Petate Bossa a Teixit de Malla Team | CRAWL"},"content":{"rendered":"<p>Els nedadors de tot el m\u00f3n porten a la seva esquena la Borsa Team Mesh, la favorita dels esportistes aqu\u00e0tics. Ara en una mida de 65 x 55 cm per acomodar la teva equipaci\u00f3, encara compta amb totes les caracter\u00edstiques del disseny original, com la nansa per penjar-la als vestidors i la doble corda ajustable que fa que la puguis portar a l&#8217;espatlla, o com una motxilla . Feta d&#8217;una malla resistent i d&#8217;assecat r\u00e0pid, \u00e9s la soluci\u00f3 perfecta per portar les peces de nataci\u00f3.<\/p>\n<p>\u00a0<\/p>\n<p>Caracter\u00edstiques destacables:<\/p>\n<p>&#8211; Grand\u00e0ria gran: 65 x 55 cm, perfecte per acomodar tota la teva equipaci\u00f3 de nataci\u00f3.<\/p>\n<p>&#8211; Teixit de malla resistent i d\u02bbassecat r\u00e0pid: Ideal per mantenir el teu equip sec i ventilat.<\/p>\n<p>&#8211; Nansa per penjar: Facilita el penjat als vestidors.<\/p>\n<p>&#8211; Doble corda ajustable: Permet portar-la a l&#8217;espatlla o com una motxilla.<\/p>\n<p>&#8211; Disseny durador: Feta per suportar l\u00fas diari dels esportistes.<\/p>\n<p>\u00a0<\/p>\n<p>\u00das recomanat:<\/p>\n<p>Perfecta per a nedadors i esportistes aqu\u00e0tics que necessiten una bossa espaiosa i duradora per portar l&#8217;equipament de nataci\u00f3. Ideal per a \u00fas en piscines i entrenaments diaris.<\/p>\n<p>\u00a0<\/p>\n<p>No perdis l&#8217;oportunitat d&#8217;adquirir l&#8217;Arena Petate Borsa a Teixit de Malla Team de CRAWL. Compra ara i mantingues el teu equip de nataci\u00f3 organitzat i sec!<\/p>\n","protected":false},"excerpt":{"rendered":"<p>Compra la Sorra Petate Borsa en Teixit de Malla Team a CRAWL. Grand\u00e0ria de 65 x 55 cm, resistent i d&#8217;assecat r\u00e0pid. Ideal per portar el teu equipament de nataci\u00f3.<\/p>\n","protected":false},"featured_media":7382,"comment_status":"open","ping_status":"closed","template":"","meta":[],"product_cat":[134,142],"product_tag":[],"brands":[{"id":312,"name":"ARENA","slug":"arena"}],"_links":{"self":[{"href":"https:\/\/crawl.es\/ca\/wp-json\/wp\/v2\/product\/12875"}],"collection":[{"href":"https:\/\/crawl.es\/ca\/wp-json\/wp\/v2\/product"}],"about":[{"href":"https:\/\/crawl.es\/ca\/wp-json\/wp\/v2\/types\/product"}],"replies":[{"embeddable":true,"href":"https:\/\/crawl.es\/ca\/wp-json\/wp\/v2\/comments?post=12875"}],"wp:featuredmedia":[{"embeddable":true,"href":"https:\/\/crawl.es\/ca\/wp-json\/wp\/v2\/media\/7382"}],"wp:attachment":[{"href":"https:\/\/crawl.es\/ca\/wp-json\/wp\/v2\/media?parent=12875"}],"wp:term":[{"taxonomy":"product_cat","embeddable":true,"href":"https:\/\/crawl.es\/ca\/wp-json\/wp\/v2\/product_cat?post=12875"},{"taxonomy":"product_tag","embeddable":true,"href":"https:\/\/crawl.es\/ca\/wp-json\/wp\/v2\/product_tag?post=12875"}],"curies":[{"name":"wp","href":"https:\/\/api.w.org\/{rel}","templated":true}]}}