{"id":12896,"date":"2023-12-18T12:18:50","date_gmt":"2023-12-18T12:18:50","guid":{"rendered":"https:\/\/crawl.es\/producto\/arena-xancletes-marco-bi-crawl\/"},"modified":"2023-12-18T12:18:50","modified_gmt":"2023-12-18T12:18:50","slug":"arena-xancletes-marco-bi-crawl","status":"publish","type":"product","link":"https:\/\/crawl.es\/ca\/producto\/arena-xancletes-marco-bi-crawl\/","title":{"rendered":"ARENA Xancletes Marco Bi | CRAWL"},"content":{"rendered":"<p>El disseny bicolor de la sola de les nostres xancletes Marco Bi Pool \u00e9s el que d\u00f3na nom a aquest estil. Fabricades en suau EVA, aquestes sand\u00e0lies tenen una plantilla texturitzada que estimula la circulaci\u00f3 alhora que elimina l&#8217;aigua. Acabades amb detalls en contrast i el nostre nom estampat al lateral.<\/p>\n<p>\u00a0<\/p>\n<p>Caracter\u00edstiques destacables:<\/p>\n<p>&#8211; Disseny bicolor: Atractiu i modern.<\/p>\n<p>&#8211; Plantilla texturitzada: Estimula la circulaci\u00f3 i elimina laigua.<\/p>\n<p>&#8211; Material de suau EVA: Comoditat i durabilitat assegurades.<\/p>\n<p>&#8211; Detalls en contrast: Afegeixen un toc elegant i modern.<\/p>\n<p>&#8211; Marca estampada: Nom de la marca impr\u00e8s al lateral.<\/p>\n<p>\u00a0<\/p>\n<p>\u00das recomanat:<\/p>\n<p>Perfectes per utilitzar a la piscina, platja o qualsevol entorn aqu\u00e0tic, oferint comoditat i un disseny atractiu.<\/p>\n<p>\u00a0<\/p>\n<p>No perdis l&#8217;oportunitat d&#8217;adquirir les Arena Chanclas Marco Bi de CRAWL. Compra ara i gaudeix de la comoditat i estil als teus dies de piscina o platja!<\/p>\n","protected":false},"excerpt":{"rendered":"<p>Compra les Arena Chanclas Marco Bi a CRAWL. Sola bicolor, plantilla texturitzada que estimula la circulaci\u00f3 i elimina laigua. Fetes de suau EVA.<\/p>\n","protected":false},"featured_media":7349,"comment_status":"open","ping_status":"closed","template":"","meta":[],"product_cat":[134,146],"product_tag":[],"brands":[{"id":312,"name":"ARENA","slug":"arena"}],"_links":{"self":[{"href":"https:\/\/crawl.es\/ca\/wp-json\/wp\/v2\/product\/12896"}],"collection":[{"href":"https:\/\/crawl.es\/ca\/wp-json\/wp\/v2\/product"}],"about":[{"href":"https:\/\/crawl.es\/ca\/wp-json\/wp\/v2\/types\/product"}],"replies":[{"embeddable":true,"href":"https:\/\/crawl.es\/ca\/wp-json\/wp\/v2\/comments?post=12896"}],"wp:featuredmedia":[{"embeddable":true,"href":"https:\/\/crawl.es\/ca\/wp-json\/wp\/v2\/media\/7349"}],"wp:attachment":[{"href":"https:\/\/crawl.es\/ca\/wp-json\/wp\/v2\/media?parent=12896"}],"wp:term":[{"taxonomy":"product_cat","embeddable":true,"href":"https:\/\/crawl.es\/ca\/wp-json\/wp\/v2\/product_cat?post=12896"},{"taxonomy":"product_tag","embeddable":true,"href":"https:\/\/crawl.es\/ca\/wp-json\/wp\/v2\/product_tag?post=12896"}],"curies":[{"name":"wp","href":"https:\/\/api.w.org\/{rel}","templated":true}]}}