{"id":12900,"date":"2023-12-15T17:45:29","date_gmt":"2023-12-15T17:45:29","guid":{"rendered":"https:\/\/crawl.es\/producto\/barnus-pure-kids-crawl\/"},"modified":"2023-12-15T17:45:29","modified_gmt":"2023-12-15T17:45:29","slug":"barnus-pure-kids-crawl","status":"publish","type":"product","link":"https:\/\/crawl.es\/ca\/producto\/barnus-pure-kids-crawl\/","title":{"rendered":"Barn\u00fas Pure Kids | CRAWL"},"content":{"rendered":"<p>El barn\u00fas Pure Kids \u00e9s un barn\u00fas infantil amb caputxa de ris de cot\u00f3, ampli, c\u00e0lid i confortable. Dissenyat per proporcionar qualitat, disseny i color per al bany dels m\u00e9s petits.<\/p>\n<p>\u00a0<\/p>\n<p>Caracter\u00edstiques destacables:<\/p>\n<p>&#8211; Cot\u00f3 100%: Suau i esponj\u00f3s.<\/p>\n<p>&#8211; Caputxa: Per a m\u00e9s comoditat i calidesa.<\/p>\n<p>&#8211; Ampli i confortable: Ideal per als nens.<\/p>\n<p>&#8211; Recomanacions de cura: No utilitzar suavitzants a la rentada, deixar assecar a l&#8217;aire lliure o utilitzar l&#8217;assecadora.<\/p>\n<p>&#8211; Producci\u00f3 ecol\u00f2gica: Produ\u00eft de manera respectuosa amb el medi ambient a f\u00e0briques certificades.<\/p>\n<p>\u00a0<\/p>\n<p>\u00das recomanat:<\/p>\n<p>Perfecte per mantenir els nens abrigats i c\u00f2modes despr\u00e9s del bany. Ideal per a \u00fas diari a casa.<\/p>\n<p>\u00a0<\/p>\n<p>No perdis l&#8217;oportunitat d&#8217;adquirir el Barn\u00fas Pure Kids de CRAWL. Compra ara i proporciona als teus fills la comoditat i la calidesa que mereixen!<\/p>\n","protected":false},"excerpt":{"rendered":"<p>Compra el Barn\u00fas Pure Kids a CRAWL. Barn\u00fas infantil amb caputxa de cot\u00f3 100%, suau i esponj\u00f3s. Produ\u00eft de manera ecol\u00f2gica.<\/p>\n","protected":false},"featured_media":7293,"comment_status":"open","ping_status":"closed","template":"","meta":[],"product_cat":[134,144],"product_tag":[],"brands":[{"id":343,"name":"LASA","slug":"lasa"}],"_links":{"self":[{"href":"https:\/\/crawl.es\/ca\/wp-json\/wp\/v2\/product\/12900"}],"collection":[{"href":"https:\/\/crawl.es\/ca\/wp-json\/wp\/v2\/product"}],"about":[{"href":"https:\/\/crawl.es\/ca\/wp-json\/wp\/v2\/types\/product"}],"replies":[{"embeddable":true,"href":"https:\/\/crawl.es\/ca\/wp-json\/wp\/v2\/comments?post=12900"}],"wp:featuredmedia":[{"embeddable":true,"href":"https:\/\/crawl.es\/ca\/wp-json\/wp\/v2\/media\/7293"}],"wp:attachment":[{"href":"https:\/\/crawl.es\/ca\/wp-json\/wp\/v2\/media?parent=12900"}],"wp:term":[{"taxonomy":"product_cat","embeddable":true,"href":"https:\/\/crawl.es\/ca\/wp-json\/wp\/v2\/product_cat?post=12900"},{"taxonomy":"product_tag","embeddable":true,"href":"https:\/\/crawl.es\/ca\/wp-json\/wp\/v2\/product_tag?post=12900"}],"curies":[{"name":"wp","href":"https:\/\/api.w.org\/{rel}","templated":true}]}}